{"id":5371,"date":"2022-03-17T19:34:20","date_gmt":"2022-03-17T18:34:20","guid":{"rendered":"https:\/\/exact.info\/carriere\/"},"modified":"2025-01-13T15:56:03","modified_gmt":"2025-01-13T14:56:03","slug":"carriere","status":"publish","type":"page","link":"https:\/\/exact.info\/fr\/carriere\/","title":{"rendered":"Carri\u00e8re"},"content":{"rendered":"<p><div class=\"fusion-fullwidth fullwidth-box fusion-builder-row-1 fusion-flex-container fusion-parallax-none nonhundred-percent-fullwidth non-hundred-percent-height-scrolling\" style=\"--awb-border-radius-top-left:0px;--awb-border-radius-top-right:0px;--awb-border-radius-bottom-right:0px;--awb-border-radius-bottom-left:0px;--awb-min-height:320px;--awb-background-image:url(&quot;https:\/\/exact.info\/wp-content\/uploads\/2021\/05\/AdobeStock_341167070-scaled-e1622056226566.jpeg&quot;);--awb-background-size:cover;--awb-flex-wrap:wrap;\" ><div class=\"fusion-builder-row fusion-row fusion-flex-align-items-flex-start fusion-flex-align-content-space-evenly fusion-flex-content-wrap\" style=\"max-width:1248px;margin-left: calc(-4% \/ 2 );margin-right: calc(-4% \/ 2 );\"><div class=\"fusion-layout-column fusion_builder_column fusion-builder-column-0 fusion_builder_column_1_1 1_1 fusion-flex-column\" style=\"--awb-bg-size:cover;--awb-width-large:100%;--awb-margin-top-large:0px;--awb-spacing-right-large:1.92%;--awb-margin-bottom-large:20px;--awb-spacing-left-large:1.92%;--awb-width-medium:100%;--awb-order-medium:0;--awb-spacing-right-medium:1.92%;--awb-spacing-left-medium:1.92%;--awb-width-small:100%;--awb-order-small:0;--awb-spacing-right-small:1.92%;--awb-spacing-left-small:1.92%;\"><div class=\"fusion-column-wrapper fusion-column-has-shadow fusion-flex-justify-content-flex-start fusion-content-layout-column\"><\/div><\/div><\/div><\/div><div class=\"fusion-fullwidth fullwidth-box fusion-builder-row-2 fusion-flex-container nonhundred-percent-fullwidth non-hundred-percent-height-scrolling\" style=\"--awb-border-radius-top-left:0px;--awb-border-radius-top-right:0px;--awb-border-radius-bottom-right:0px;--awb-border-radius-bottom-left:0px;--awb-margin-top:-20px;--awb-flex-wrap:wrap;\" ><div class=\"fusion-builder-row fusion-row fusion-flex-align-items-flex-start fusion-flex-content-wrap\" style=\"max-width:1248px;margin-left: calc(-4% \/ 2 );margin-right: calc(-4% \/ 2 );\"><div class=\"fusion-layout-column fusion_builder_column fusion-builder-column-1 fusion_builder_column_1_1 1_1 fusion-flex-column\" style=\"--awb-bg-size:cover;--awb-width-large:100%;--awb-margin-top-large:0px;--awb-spacing-right-large:1.92%;--awb-margin-bottom-large:20px;--awb-spacing-left-large:1.92%;--awb-width-medium:100%;--awb-order-medium:0;--awb-spacing-right-medium:1.92%;--awb-spacing-left-medium:1.92%;--awb-width-small:100%;--awb-order-small:0;--awb-spacing-right-small:1.92%;--awb-spacing-left-small:1.92%;\"><div class=\"fusion-column-wrapper fusion-column-has-shadow fusion-flex-justify-content-flex-start fusion-content-layout-column\"><div class=\"fusion-text fusion-text-1\"><\/div><\/div><\/div><\/div><\/div><div id=\"#test1\" class=\"fusion-container-anchor\"><div class=\"fusion-fullwidth fullwidth-box fusion-builder-row-3 fusion-flex-container has-pattern-background has-mask-background nonhundred-percent-fullwidth non-hundred-percent-height-scrolling\" style=\"--awb-border-radius-top-left:0px;--awb-border-radius-top-right:0px;--awb-border-radius-bottom-right:0px;--awb-border-radius-bottom-left:0px;--awb-margin-top:50px;--awb-flex-wrap:wrap;\" ><div class=\"fusion-builder-row fusion-row fusion-flex-align-items-flex-start fusion-flex-content-wrap\" style=\"max-width:1248px;margin-left: calc(-4% \/ 2 );margin-right: calc(-4% \/ 2 );\"><div class=\"fusion-layout-column fusion_builder_column fusion-builder-column-2 fusion_builder_column_1_1 1_1 fusion-flex-column\" style=\"--awb-bg-size:cover;--awb-width-large:100%;--awb-margin-top-large:0px;--awb-spacing-right-large:1.92%;--awb-margin-bottom-large:20px;--awb-spacing-left-large:1.92%;--awb-width-medium:100%;--awb-order-medium:0;--awb-spacing-right-medium:1.92%;--awb-spacing-left-medium:1.92%;--awb-width-small:100%;--awb-order-small:0;--awb-spacing-right-small:1.92%;--awb-spacing-left-small:1.92%;\"><div class=\"fusion-column-wrapper fusion-column-has-shadow fusion-flex-justify-content-flex-start fusion-content-layout-column\"><div class=\"fusion-text fusion-text-2\"><p>EXACT GmbH &amp; Co. KG d\u00e9veloppe et produit avec succ\u00e8s des outils de pr\u00e9cision innovants du plus haut niveau de qualit\u00e9 et compte depuis des ann\u00e9es parmi les leaders du march\u00e9 dans ce domaine. Notre point fort est le d\u00e9veloppement et la commercialisation de concepts d&rsquo;outils pour le taraudage, le per\u00e7age, le lamage et l&rsquo;\u00e9bavurage. Dans ce contexte, notre force r\u00e9side dans le dialogue avec nos partenaires du commerce sp\u00e9cialis\u00e9 et constitue la base de notre succ\u00e8s.<\/p>\n<h3 data-fontsize=\"32\" data-lineheight=\"44.8px\">Pour renforcer notre jeune \u00e9quipe, nous recherchons d\u00e8s que possible<\/h3>\n<p class=\"fusion-responsive-typography-calculated\" data-fontsize=\"32\" data-lineheight=\"44.8px\"><a href=\"https:\/\/exact.info\/job\/head-of-international-sales\/\">Responsable des ventes internationales et des grands comptes (m\/w\/d)<\/a><br \/>\n<a href=\"https:\/\/exact.info\/job\/vertrieb\/\" target=\"_blank\" rel=\"noopener noreferrer\">Collaborateur des ventes (h\/f)<\/a><br \/>\n<span style=\"background-color: rgba(255, 255, 255, 0); color: var(--body_typography-color); font-family: var(--body_typography-font-family); font-size: var(--body_typography-font-size); font-style: var(--body_typography-font-style,normal); font-weight: var(--body_typography-font-weight); letter-spacing: var(--body_typography-letter-spacing);\"><a href=\"https:\/\/exact.info\/job\/kommissionierung\/\" target=\"_blank\" rel=\"noopener noreferrer\">Collaborateur pour la pr\u00e9paration des commandes\/l&rsquo;exp\u00e9dition (h\/f)<\/a><\/span><\/p>\n<\/div><\/div><\/div><\/div><\/div><\/div><div class=\"fusion-fullwidth fullwidth-box fusion-builder-row-4 fusion-flex-container nonhundred-percent-fullwidth non-hundred-percent-height-scrolling\" style=\"--awb-border-radius-top-left:0px;--awb-border-radius-top-right:0px;--awb-border-radius-bottom-right:0px;--awb-border-radius-bottom-left:0px;--awb-flex-wrap:wrap;\" ><div class=\"fusion-builder-row fusion-row fusion-flex-align-items-flex-start fusion-flex-content-wrap\" style=\"max-width:1248px;margin-left: calc(-4% \/ 2 );margin-right: calc(-4% \/ 2 );\"><div class=\"fusion-layout-column fusion_builder_column fusion-builder-column-3 fusion_builder_column_1_1 1_1 fusion-flex-column\" style=\"--awb-bg-size:cover;--awb-width-large:100%;--awb-margin-top-large:0px;--awb-spacing-right-large:1.92%;--awb-margin-bottom-large:20px;--awb-spacing-left-large:1.92%;--awb-width-medium:100%;--awb-order-medium:0;--awb-spacing-right-medium:1.92%;--awb-spacing-left-medium:1.92%;--awb-width-small:100%;--awb-order-small:0;--awb-spacing-right-small:1.92%;--awb-spacing-left-small:1.92%;\"><div class=\"fusion-column-wrapper fusion-column-has-shadow fusion-flex-justify-content-flex-start fusion-content-layout-column\"><div class=\"fusion-menu-anchor\" id=\"Versand\"><\/div><div class=\"fusion-text fusion-text-3\"><p>Si vous envisagez toutefois de nous envoyer une candidature spontan\u00e9e, veuillez envoyer votre dossier \u00e0 :<\/p>\n<p>EXACT GmbH &amp; Co. KG Pr\u00e4zisionswerkzeuge<\/p>\n<p>Andreas Oemkes<\/p>\n<p>oemkes@exact.info<\/p>\n<p>+49 (0) 2191 36250-11<\/p>\n<\/div><\/div><\/div><\/div><\/div><\/p>\n","protected":false},"excerpt":{"rendered":"","protected":false},"author":2,"featured_media":0,"parent":0,"menu_order":0,"comment_status":"closed","ping_status":"closed","template":"","meta":{"inline_featured_image":false,"footnotes":""},"class_list":["post-5371","page","type-page","status-publish","hentry"],"_links":{"self":[{"href":"https:\/\/exact.info\/fr\/wp-json\/wp\/v2\/pages\/5371","targetHints":{"allow":["GET"]}}],"collection":[{"href":"https:\/\/exact.info\/fr\/wp-json\/wp\/v2\/pages"}],"about":[{"href":"https:\/\/exact.info\/fr\/wp-json\/wp\/v2\/types\/page"}],"author":[{"embeddable":true,"href":"https:\/\/exact.info\/fr\/wp-json\/wp\/v2\/users\/2"}],"replies":[{"embeddable":true,"href":"https:\/\/exact.info\/fr\/wp-json\/wp\/v2\/comments?post=5371"}],"version-history":[{"count":11,"href":"https:\/\/exact.info\/fr\/wp-json\/wp\/v2\/pages\/5371\/revisions"}],"predecessor-version":[{"id":6969,"href":"https:\/\/exact.info\/fr\/wp-json\/wp\/v2\/pages\/5371\/revisions\/6969"}],"wp:attachment":[{"href":"https:\/\/exact.info\/fr\/wp-json\/wp\/v2\/media?parent=5371"}],"curies":[{"name":"wp","href":"https:\/\/api.w.org\/{rel}","templated":true}]}}