{"id":4978,"date":"2022-03-17T20:20:35","date_gmt":"2022-03-17T19:20:35","guid":{"rendered":"https:\/\/exact.info\/?page_id=4978"},"modified":"2024-05-02T13:51:40","modified_gmt":"2024-05-02T11:51:40","slug":"advancedline-by-exact-2","status":"publish","type":"page","link":"https:\/\/exact.info\/fr\/neuheiten\/advancedline-by-exact-2\/","title":{"rendered":"ADVANCEDLine\u00ae by EXACT"},"content":{"rendered":"<p><div class=\"fusion-fullwidth fullwidth-box fusion-builder-row-1 fusion-flex-container nonhundred-percent-fullwidth non-hundred-percent-height-scrolling\" style=\"--awb-border-radius-top-left:0px;--awb-border-radius-top-right:0px;--awb-border-radius-bottom-right:0px;--awb-border-radius-bottom-left:0px;--awb-flex-wrap:wrap;\" ><div class=\"fusion-builder-row fusion-row fusion-flex-align-items-flex-start fusion-flex-content-wrap\" style=\"max-width:1248px;margin-left: calc(-4% \/ 2 );margin-right: calc(-4% \/ 2 );\"><div class=\"fusion-layout-column fusion_builder_column fusion-builder-column-0 fusion_builder_column_1_1 1_1 fusion-flex-column\" style=\"--awb-bg-size:cover;--awb-width-large:100%;--awb-margin-top-large:0px;--awb-spacing-right-large:1.92%;--awb-margin-bottom-large:20px;--awb-spacing-left-large:1.92%;--awb-width-medium:100%;--awb-spacing-right-medium:1.92%;--awb-spacing-left-medium:1.92%;--awb-width-small:100%;--awb-spacing-right-small:1.92%;--awb-spacing-left-small:1.92%;\"><div class=\"fusion-column-wrapper fusion-column-has-shadow fusion-flex-justify-content-center fusion-content-layout-column\"><div class=\"fusion-image-element \" style=\"--awb-caption-title-font-family:var(--h2_typography-font-family);--awb-caption-title-font-weight:var(--h2_typography-font-weight);--awb-caption-title-font-style:var(--h2_typography-font-style);--awb-caption-title-size:var(--h2_typography-font-size);--awb-caption-title-transform:var(--h2_typography-text-transform);--awb-caption-title-line-height:var(--h2_typography-line-height);--awb-caption-title-letter-spacing:var(--h2_typography-letter-spacing);\"><span class=\" fusion-imageframe imageframe-none imageframe-1 hover-type-none\"><img decoding=\"async\" width=\"2362\" height=\"636\" title=\"Advancedline_Banner\" src=\"https:\/\/exact.info\/wp-content\/uploads\/2020\/02\/Advancedline_Banner.jpg\" alt class=\"img-responsive wp-image-4406\" srcset=\"https:\/\/exact.info\/wp-content\/uploads\/2020\/02\/Advancedline_Banner-200x54.jpg 200w, https:\/\/exact.info\/wp-content\/uploads\/2020\/02\/Advancedline_Banner-400x108.jpg 400w, https:\/\/exact.info\/wp-content\/uploads\/2020\/02\/Advancedline_Banner-600x162.jpg 600w, https:\/\/exact.info\/wp-content\/uploads\/2020\/02\/Advancedline_Banner-800x215.jpg 800w, https:\/\/exact.info\/wp-content\/uploads\/2020\/02\/Advancedline_Banner-1200x323.jpg 1200w, https:\/\/exact.info\/wp-content\/uploads\/2020\/02\/Advancedline_Banner.jpg 2362w\" sizes=\"(max-width: 1024px) 100vw, (max-width: 640px) 100vw, 1200px\" \/><\/span><\/div><\/div><\/div><\/div><\/div><div class=\"fusion-fullwidth fullwidth-box fusion-builder-row-2 fusion-flex-container nonhundred-percent-fullwidth non-hundred-percent-height-scrolling\" style=\"--awb-border-sizes-top:0;--awb-border-sizes-bottom:0;--awb-border-sizes-left:0;--awb-border-sizes-right:0;--awb-border-radius-top-left:0px;--awb-border-radius-top-right:0px;--awb-border-radius-bottom-right:0px;--awb-border-radius-bottom-left:0px;--awb-padding-top:20px;--awb-padding-right:20px;--awb-padding-bottom:20px;--awb-padding-left:20px;--awb-margin-top:40px;--awb-background-color:#f3f1ed;--awb-flex-wrap:wrap;\" ><div class=\"fusion-builder-row fusion-row fusion-flex-align-items-flex-start fusion-flex-content-wrap\" style=\"max-width:1248px;margin-left: calc(-4% \/ 2 );margin-right: calc(-4% \/ 2 );\"><div class=\"fusion-layout-column fusion_builder_column fusion-builder-column-1 fusion_builder_column_1_1 1_1 fusion-flex-column\" style=\"--awb-bg-size:cover;--awb-width-large:100%;--awb-margin-top-large:0px;--awb-spacing-right-large:1.92%;--awb-margin-bottom-large:20px;--awb-spacing-left-large:1.92%;--awb-width-medium:100%;--awb-spacing-right-medium:1.92%;--awb-spacing-left-medium:1.92%;--awb-width-small:100%;--awb-spacing-right-small:1.92%;--awb-spacing-left-small:1.92%;\"><div class=\"fusion-column-wrapper fusion-column-has-shadow fusion-flex-justify-content-flex-start fusion-content-layout-column\"><div class=\"fusion-text fusion-text-1\"><h1 style=\"text-align: center;\"><strong><span style=\"font-family: Tahoma;\">ADVANCEDLine<\/span>\u00ae <\/strong><span style=\"font-family: Tahoma;\">by EXACT <\/span><span style=\"font-family: Tahoma;\">&#8211; L&rsquo;avance gr\u00e2ce \u00e0 <wbr \/>l&rsquo;innovation<\/span><\/h1>\n<\/div><\/div><\/div><div class=\"fusion-layout-column fusion_builder_column fusion-builder-column-2 fusion_builder_column_2_3 2_3 fusion-flex-column\" style=\"--awb-padding-top:0px;--awb-padding-right:0px;--awb-padding-bottom:0px;--awb-padding-left:0px;--awb-bg-size:cover;--awb-width-large:66.666666666667%;--awb-margin-top-large:0px;--awb-spacing-right-large:2.88%;--awb-margin-bottom-large:20px;--awb-spacing-left-large:2.88%;--awb-width-medium:100%;--awb-order-medium:0;--awb-spacing-right-medium:1.92%;--awb-spacing-left-medium:1.92%;--awb-width-small:100%;--awb-order-small:0;--awb-spacing-right-small:1.92%;--awb-spacing-left-small:1.92%;\"><div class=\"fusion-column-wrapper fusion-column-has-shadow fusion-flex-justify-content-center fusion-content-layout-column\"><div class=\"fusion-text fusion-text-2\"><p style=\"text-align: left;\">Avec la s\u00e9rie de produits nouvellement con\u00e7ue et aux performances optimis\u00e9es <strong>ADVANCEDLine<\/strong><sup>\u00ae<\/sup> \u00a0by EXACT, nous compl\u00e9tons consid\u00e9rablement notre gamme actuelle avec des outils de pr\u00e9cision de grande qualit\u00e9.<\/p>\n<p style=\"text-align: left;\">Les produits <strong>ADVANCEDLine<\/strong><sup>\u00ae<\/sup> by EXACT se basent sur une \u00e9volution technique &#8211; en partie r\u00e9volutionnaire &#8211; de concepts d&rsquo;outils existants ainsi que sur des processus de fabrication innovants de notre maison.<\/p>\n<\/div><\/div><\/div><div class=\"fusion-layout-column fusion_builder_column fusion-builder-column-3 fusion_builder_column_1_3 1_3 fusion-flex-column\" style=\"--awb-bg-size:cover;--awb-width-large:33.333333333333%;--awb-margin-top-large:-30px;--awb-spacing-right-large:5.76%;--awb-margin-bottom-large:20px;--awb-spacing-left-large:5.76%;--awb-width-medium:100%;--awb-spacing-right-medium:1.92%;--awb-spacing-left-medium:1.92%;--awb-width-small:100%;--awb-spacing-right-small:1.92%;--awb-spacing-left-small:1.92%;\"><div class=\"fusion-column-wrapper fusion-column-has-shadow fusion-flex-justify-content-flex-start fusion-content-layout-column\"><div class=\"fusion-text fusion-text-3 marker doppelt\"><p><img decoding=\"async\" class=\"wp-image-1746 alignnone\" src=\"https:\/\/exact.info\/wp-content\/uploads\/2020\/04\/Icon_Plus-e1585815945743.png\" alt=\"\" width=\"12\" height=\"12\" \/> <b>plus de performance<\/b><\/p>\n<p><img decoding=\"async\" class=\"wp-image-1746 alignnone\" src=\"https:\/\/exact.info\/wp-content\/uploads\/2020\/04\/Icon_Plus-e1585815945743.png\" alt=\"\" width=\"12\" height=\"12\" \/> <b>une productivit\u00e9\u00a0plus \u00e9lev\u00e9e<\/b><\/p>\n<p><img decoding=\"async\" class=\"wp-image-1746 alignnone\" src=\"https:\/\/exact.info\/wp-content\/uploads\/2020\/04\/Icon_Plus-e1585815945743.png\" alt=\"\" width=\"12\" height=\"12\" \/>\u00a0<b>une r\u00e9duction du temps de travail<\/b><\/p>\n<p><img decoding=\"async\" class=\"wp-image-1746 alignnone\" src=\"https:\/\/exact.info\/wp-content\/uploads\/2020\/04\/Icon_Plus-e1585815945743.png\" alt=\"\" width=\"12\" height=\"12\" \/> <b>des frais \u00a0r\u00e9duits<\/b><\/p>\n<\/div><\/div><\/div><\/div><\/div><div class=\"fusion-fullwidth fullwidth-box fusion-builder-row-3 fusion-flex-container column2 nonhundred-percent-fullwidth non-hundred-percent-height-scrolling\" style=\"--awb-border-radius-top-left:0px;--awb-border-radius-top-right:0px;--awb-border-radius-bottom-right:0px;--awb-border-radius-bottom-left:0px;--awb-margin-top:60px;--awb-flex-wrap:wrap;\" ><div class=\"fusion-builder-row fusion-row fusion-flex-align-items-stretch fusion-flex-content-wrap\" style=\"max-width:1248px;margin-left: calc(-4% \/ 2 );margin-right: calc(-4% \/ 2 );\"><div class=\"fusion-layout-column fusion_builder_column fusion-builder-column-4 fusion_builder_column_1_2 1_2 fusion-flex-column column1 advancedline_column fusion-column-inner-bg-wrapper\" style=\"--awb-inner-bg-size:cover;--awb-border-color:rgba(0,0,0,0.18);--awb-border-top:2px;--awb-border-right:2px;--awb-border-bottom:2px;--awb-border-left:2px;--awb-border-style:solid;--awb-width-large:50%;--awb-margin-top-large:0px;--awb-spacing-right-large:3.84%;--awb-margin-bottom-large:70px;--awb-spacing-left-large:3.84%;--awb-width-medium:100%;--awb-order-medium:0;--awb-spacing-right-medium:1.92%;--awb-spacing-left-medium:1.92%;--awb-width-small:100%;--awb-order-small:0;--awb-spacing-right-small:1.92%;--awb-spacing-left-small:1.92%;\" data-scroll-devices=\"small-visibility,medium-visibility,large-visibility\"><span class=\"fusion-column-inner-bg hover-type-none\"><a class=\"fusion-column-anchor\" href=\"https:\/\/exact.info\/fr\/neuheiten\/advancedline-by-exact\/advancedline-kegelsenker\/\"><span class=\"fusion-column-inner-bg-image\"><\/span><\/a><\/span><div class=\"fusion-column-wrapper fusion-column-has-shadow fusion-flex-justify-content-flex-start fusion-content-layout-column\"><div class=\"fusion-text fusion-text-4\"><h1><span style=\"font-family: Tahoma;\">ADVANCEDLine<\/span>\u00ae <span style=\"font-family: Tahoma;\">&#8211; Countersink<\/span><\/h1>\n<\/div><div class=\"fusion-image-element \" style=\"--awb-caption-title-font-family:var(--h2_typography-font-family);--awb-caption-title-font-weight:var(--h2_typography-font-weight);--awb-caption-title-font-style:var(--h2_typography-font-style);--awb-caption-title-size:var(--h2_typography-font-size);--awb-caption-title-transform:var(--h2_typography-text-transform);--awb-caption-title-line-height:var(--h2_typography-line-height);--awb-caption-title-letter-spacing:var(--h2_typography-letter-spacing);\"><span class=\" fusion-imageframe imageframe-none imageframe-2 hover-type-none\"><img decoding=\"async\" width=\"956\" height=\"669\" title=\"Vorschbild_ADL_KS-sd\" src=\"https:\/\/exact.info\/wp-content\/uploads\/2020\/03\/Vorschbild_ADL_KS-sd.jpg\" alt class=\"img-responsive wp-image-4312\" srcset=\"https:\/\/exact.info\/wp-content\/uploads\/2020\/03\/Vorschbild_ADL_KS-sd-200x140.jpg 200w, https:\/\/exact.info\/wp-content\/uploads\/2020\/03\/Vorschbild_ADL_KS-sd-400x280.jpg 400w, https:\/\/exact.info\/wp-content\/uploads\/2020\/03\/Vorschbild_ADL_KS-sd-600x420.jpg 600w, https:\/\/exact.info\/wp-content\/uploads\/2020\/03\/Vorschbild_ADL_KS-sd-800x560.jpg 800w, https:\/\/exact.info\/wp-content\/uploads\/2020\/03\/Vorschbild_ADL_KS-sd.jpg 956w\" sizes=\"(max-width: 1024px) 100vw, (max-width: 640px) 100vw, 600px\" \/><\/span><\/div><div class=\"fusion-text fusion-text-5\"><h1>Vid\u00e9o d&rsquo;applications<\/h1>\n<\/div><div class=\"iframe-wrapper\"><iframe width=\"100%\" height=\"315\"  cs-require=\"functional\" data-src=\"https:\/\/www.youtube-nocookie.com\/embed\/NjXZSvuaQJ0\" frameborder=\"0\" allow=\"accelerometer; autoplay; clipboard-write; gyroscope; picture-in-picture\" allowfullscreen=\"\"><\/iframe><div class=\"iframe-placeholder\">Um das Video anzusehen, nehmen Sie zuerst den Cookie-Hinweis zur Kenntnis. | Please respond to the cookie-policy to view this video.<\/div><\/div><div class=\"fusion-text fusion-text-6\"><p><span style=\"color: #ffffff;\">Countersink<\/span><\/p>\n<\/div><div class=\"fusion-text fusion-text-7\"><h1><span style=\"font-family: Tahoma;\">Outils \u00e0 chanfreiner<\/span> <span style=\"font-family: Tahoma;\">ADVANCEDLine<\/span>\u00ae<\/h1>\n<p><strong>Les outils \u00e0 chanfreiner ADVANCEDLine<sup>\u00ae<\/sup><\/strong> by EXACT permettent, gr\u00e2ce \u00e0 leur nouvelle g\u00e9om\u00e9trie de coupe harmonique, une augmentation jusqu&rsquo;\u00e0 <span style=\"color: #000000;\"><strong>50\u00a0% de leur dur\u00e9e de vie<\/strong><\/span> et le processus de chanfreinage peut \u00eatre jusqu&rsquo;\u00e0 <span style=\"color: #000000;\"><strong>25\u00a0% plus rapide<\/strong><\/span>. Une pr\u00e9cision de concentricit\u00e9 extr\u00eamement \u00e9lev\u00e9e et un effort consid\u00e9rablement r\u00e9duit sont d&rsquo;autres caract\u00e9ristiques de cette nouvelle g\u00e9n\u00e9ration d&rsquo;outils \u00e0 chanfreiner.<\/p>\n<p><a href=\"https:\/\/exact.info\/fr\/neuheiten\/advancedline-by-exact\/advancedline-kegelsenker\/\">En d\u00e9couvrir plus\u00a0 \u00a0\u00bb<\/a><\/p>\n<\/div><\/div><\/div><div class=\"fusion-layout-column fusion_builder_column fusion-builder-column-5 fusion_builder_column_1_2 1_2 fusion-flex-column advancedline_column\" style=\"--awb-bg-size:cover;--awb-border-color:rgba(0,0,0,0.18);--awb-border-top:2px;--awb-border-right:2px;--awb-border-bottom:2px;--awb-border-left:2px;--awb-border-style:solid;--awb-width-large:50%;--awb-margin-top-large:0px;--awb-spacing-right-large:3.84%;--awb-margin-bottom-large:70px;--awb-spacing-left-large:3.84%;--awb-width-medium:100%;--awb-order-medium:0;--awb-spacing-right-medium:1.92%;--awb-spacing-left-medium:1.92%;--awb-width-small:100%;--awb-order-small:0;--awb-spacing-right-small:1.92%;--awb-spacing-left-small:1.92%;\" data-scroll-devices=\"small-visibility,medium-visibility,large-visibility\"><div class=\"fusion-column-wrapper fusion-column-has-shadow fusion-flex-justify-content-flex-start fusion-content-layout-column\"><div class=\"fusion-text fusion-text-8\"><h1><span style=\"font-family: Tahoma;\">ADVANCEDLine<\/span>\u00ae <span style=\"font-family: Tahoma;\">&#8211; Step drill<\/span><\/h1>\n<\/div><div class=\"fusion-image-element \" style=\"--awb-caption-title-font-family:var(--h2_typography-font-family);--awb-caption-title-font-weight:var(--h2_typography-font-weight);--awb-caption-title-font-style:var(--h2_typography-font-style);--awb-caption-title-size:var(--h2_typography-font-size);--awb-caption-title-transform:var(--h2_typography-text-transform);--awb-caption-title-line-height:var(--h2_typography-line-height);--awb-caption-title-letter-spacing:var(--h2_typography-letter-spacing);\"><span class=\" fusion-imageframe imageframe-none imageframe-3 hover-type-none\"><a class=\"fusion-no-lightbox\" href=\"https:\/\/exact.info\/fr\/neuheiten\/advancedline-by-exact\/advancedline-stufenbohrer\/\" target=\"_self\" aria-label=\"Vorschbild_ADL_STB-sd\"><img decoding=\"async\" width=\"900\" height=\"630\" src=\"https:\/\/exact.info\/wp-content\/uploads\/2020\/03\/Vorschbild_ADL_STB-sd.jpg\" alt class=\"img-responsive wp-image-4313\" srcset=\"https:\/\/exact.info\/wp-content\/uploads\/2020\/03\/Vorschbild_ADL_STB-sd-200x140.jpg 200w, https:\/\/exact.info\/wp-content\/uploads\/2020\/03\/Vorschbild_ADL_STB-sd-400x280.jpg 400w, https:\/\/exact.info\/wp-content\/uploads\/2020\/03\/Vorschbild_ADL_STB-sd-600x420.jpg 600w, https:\/\/exact.info\/wp-content\/uploads\/2020\/03\/Vorschbild_ADL_STB-sd-800x560.jpg 800w, https:\/\/exact.info\/wp-content\/uploads\/2020\/03\/Vorschbild_ADL_STB-sd.jpg 900w\" sizes=\"(max-width: 1024px) 100vw, (max-width: 640px) 100vw, 600px\" \/><\/a><\/span><\/div><div class=\"fusion-text fusion-text-9\"><h1>Vid\u00e9o d&rsquo;applications<\/h1>\n<\/div><div class=\"iframe-wrapper\"><iframe width=\"100%\" height=\"315\"  cs-require=\"functional\" data-src=\"https:\/\/www.youtube-nocookie.com\/embed\/3dMnUrWICMc\" title=\"YouTube video player\" frameborder=\"0\" allow=\"accelerometer; autoplay; clipboard-write; encrypted-media; gyroscope; picture-in-picture\" allowfullscreen=\"\"><\/iframe><div class=\"iframe-placeholder\">Um das Video anzusehen, nehmen Sie zuerst den Cookie-Hinweis zur Kenntnis. | Please respond to the cookie-policy to view this video.<\/div><\/div><div class=\"fusion-text fusion-text-10\"><p><span style=\"color: #ffffff;\">Step drill<\/span><\/p>\n<\/div><div class=\"fusion-text fusion-text-11\"><h1><span style=\"font-family: Tahoma;\">Forets \u00e9tag\u00e9s<\/span> <span style=\"font-family: Tahoma;\">ADVANCEDLine<\/span>\u00ae<\/h1>\n<p>Les forets \u00e9tag\u00e9s <strong>ADVANCEDLine<sup>\u00ae<\/sup><\/strong> by EXACT disposent de <strong>quatre gorges spiral\u00e9es <\/strong>qui \u00ab\u00a0r\u00e9volutionnent\u00a0\u00bb tout le processus de per\u00e7age. <strong>De faibles forces transversales<\/strong> et <strong>l&rsquo;usure r\u00e9duite<\/strong> gr\u00e2ce \u00e0 la r\u00e9partition de la force sur quatre au lieu de deux tranchants assurent des performances de per\u00e7age nettement am\u00e9lior\u00e9es et <span style=\"color: #000000;\"><b>r\u00e9duisent \u00a0le \u00a0<wbr \/>temps de travail jusqu&rsquo;\u00e0 30\u00a0%<\/b><\/span> comparativement aux produits standard.<\/p>\n<p><a href=\"https:\/\/exact.info\/fr\/neuheiten\/advancedline-by-exact\/advancedline-stufenbohrer\/\">En d\u00e9couvrir plus\u00a0 \u00a0\u00bb<\/a><\/p>\n<\/div><\/div><\/div><div class=\"fusion-layout-column fusion_builder_column fusion-builder-column-6 fusion_builder_column_1_2 1_2 fusion-flex-column advancedline_column\" style=\"--awb-bg-size:cover;--awb-border-color:rgba(0,0,0,0.18);--awb-border-top:2px;--awb-border-right:2px;--awb-border-bottom:2px;--awb-border-left:2px;--awb-border-style:solid;--awb-width-large:50%;--awb-margin-top-large:0px;--awb-spacing-right-large:3.84%;--awb-margin-bottom-large:20px;--awb-spacing-left-large:3.84%;--awb-width-medium:100%;--awb-order-medium:0;--awb-spacing-right-medium:1.92%;--awb-spacing-left-medium:1.92%;--awb-width-small:100%;--awb-order-small:0;--awb-spacing-right-small:1.92%;--awb-spacing-left-small:1.92%;\" data-scroll-devices=\"small-visibility,medium-visibility,large-visibility\"><div class=\"fusion-column-wrapper fusion-column-has-shadow fusion-flex-justify-content-flex-start fusion-content-layout-column\"><div class=\"fusion-text fusion-text-12\"><h1><span style=\"font-family: Tahoma;\">ADVANCEDLine<\/span>\u00ae <span style=\"font-family: Tahoma;\">&#8211; Twist drill<\/span><\/h1>\n<\/div><div class=\"fusion-image-element \" style=\"--awb-caption-title-font-family:var(--h2_typography-font-family);--awb-caption-title-font-weight:var(--h2_typography-font-weight);--awb-caption-title-font-style:var(--h2_typography-font-style);--awb-caption-title-size:var(--h2_typography-font-size);--awb-caption-title-transform:var(--h2_typography-text-transform);--awb-caption-title-line-height:var(--h2_typography-line-height);--awb-caption-title-letter-spacing:var(--h2_typography-letter-spacing);\"><span class=\" fusion-imageframe imageframe-none imageframe-4 hover-type-none\"><a class=\"fusion-no-lightbox\" href=\"https:\/\/exact.info\/en\/innovations\/advancedline-by-exact\/advancedline-step-drill\/\" target=\"_self\" aria-label=\"Vorschbild_ADL_Spibo\"><img decoding=\"async\" width=\"956\" height=\"669\" src=\"https:\/\/exact.info\/wp-content\/uploads\/2024\/04\/Vorschbild_ADL_Spibo.jpg\" alt class=\"img-responsive wp-image-6216\" srcset=\"https:\/\/exact.info\/wp-content\/uploads\/2024\/04\/Vorschbild_ADL_Spibo-200x140.jpg 200w, https:\/\/exact.info\/wp-content\/uploads\/2024\/04\/Vorschbild_ADL_Spibo-400x280.jpg 400w, https:\/\/exact.info\/wp-content\/uploads\/2024\/04\/Vorschbild_ADL_Spibo-600x420.jpg 600w, https:\/\/exact.info\/wp-content\/uploads\/2024\/04\/Vorschbild_ADL_Spibo-800x560.jpg 800w, https:\/\/exact.info\/wp-content\/uploads\/2024\/04\/Vorschbild_ADL_Spibo.jpg 956w\" sizes=\"(max-width: 1024px) 100vw, (max-width: 640px) 100vw, 600px\" \/><\/a><\/span><\/div><div class=\"fusion-text fusion-text-13\"><p><span style=\"color: #ffffff;\">Application video<\/span><\/p>\n<\/div><div class=\"iframe-wrapper\"><iframe width=\"100%\" height=\"315\"  cs-require=\"functional\" data-src=\"https:\/\/www.youtube-nocookie.com\/embed\/AXyKsqiRJ7k\" title=\"YouTube video player\" frameborder=\"0\" allow=\"accelerometer; autoplay; clipboard-write; encrypted-media; gyroscope; picture-in-picture\" allowfullscreen=\"\"><\/iframe><div class=\"iframe-placeholder\">Um das Video anzusehen, nehmen Sie zuerst den Cookie-Hinweis zur Kenntnis. | Please respond to the cookie-policy to view this video.<\/div><\/div><div class=\"fusion-text fusion-text-14\"><p><span style=\"color: #ffffff;\">Twist drill<\/span><\/p>\n<\/div><div class=\"fusion-text fusion-text-15\"><h1><span style=\"font-family: Tahoma;\">ADVANCEDLine<\/span>\u00ae <span style=\"font-family: Tahoma;\">&#8211; Twist drill<\/span><\/h1>\n<p>Le nouveau foret h\u00e9lico\u00efdal <strong>ADVANCEDLine\u00ae<\/strong> avec <strong>STEP TECHNOLOGY<\/strong> pr\u00e9sente une coupe innovante en escalier avec un <strong>angle de pointe de 118\u00b0<\/strong> et r\u00e9volutionne l&rsquo;ensemble du processus de per\u00e7age. Il est nettement <strong>plus rapide et plus pr\u00e9cis<\/strong> que les forets standard, avec un effort nettement r\u00e9duit gr\u00e2ce \u00e0 sa tige \u00e0 trois faces.<\/p>\n<p><a href=\"https:\/\/exact.info\/fr\/neuheiten\/advancedline-by-exact\/linnovation-en-matiere-de-forets-helicoidaux-advancedline\/\">En savoir plus \u00bb<\/a><\/p>\n<\/div><\/div><\/div><div class=\"fusion-layout-column fusion_builder_column fusion-builder-column-7 fusion_builder_column_1_2 1_2 fusion-flex-column advancedline_column\" style=\"--awb-bg-size:cover;--awb-border-color:rgba(0,0,0,0.18);--awb-border-top:2px;--awb-border-right:2px;--awb-border-bottom:2px;--awb-border-left:2px;--awb-border-style:solid;--awb-width-large:50%;--awb-margin-top-large:0px;--awb-spacing-right-large:3.84%;--awb-margin-bottom-large:20px;--awb-spacing-left-large:3.84%;--awb-width-medium:100%;--awb-order-medium:0;--awb-spacing-right-medium:1.92%;--awb-spacing-left-medium:1.92%;--awb-width-small:100%;--awb-order-small:0;--awb-spacing-right-small:1.92%;--awb-spacing-left-small:1.92%;\" data-scroll-devices=\"small-visibility,medium-visibility,large-visibility\"><div class=\"fusion-column-wrapper fusion-column-has-shadow fusion-flex-justify-content-flex-start fusion-content-layout-column\"><div class=\"fusion-text fusion-text-16\"><h1>ADVANCEDLine<sup>\u00ae<\/sup> \u2013 SGE-BIT<sup>\u00ae<\/sup><\/h1>\n<\/div><div class=\"fusion-image-element \" style=\"--awb-caption-title-font-family:var(--h2_typography-font-family);--awb-caption-title-font-weight:var(--h2_typography-font-weight);--awb-caption-title-font-style:var(--h2_typography-font-style);--awb-caption-title-size:var(--h2_typography-font-size);--awb-caption-title-transform:var(--h2_typography-text-transform);--awb-caption-title-line-height:var(--h2_typography-line-height);--awb-caption-title-letter-spacing:var(--h2_typography-letter-spacing);\"><span class=\" fusion-imageframe imageframe-none imageframe-5 hover-type-none\"><a class=\"fusion-no-lightbox\" href=\"https:\/\/exact.info\/en\/innovations\/advancedline-by-exact\/advancedline-step-drill\/\" target=\"_self\" aria-label=\"Vorschbild_ADL_SGE\"><img decoding=\"async\" width=\"956\" height=\"669\" src=\"https:\/\/exact.info\/wp-content\/uploads\/2024\/04\/Vorschbild_ADL_SGE.jpg\" alt class=\"img-responsive wp-image-6220\" srcset=\"https:\/\/exact.info\/wp-content\/uploads\/2024\/04\/Vorschbild_ADL_SGE-200x140.jpg 200w, https:\/\/exact.info\/wp-content\/uploads\/2024\/04\/Vorschbild_ADL_SGE-400x280.jpg 400w, https:\/\/exact.info\/wp-content\/uploads\/2024\/04\/Vorschbild_ADL_SGE-600x420.jpg 600w, https:\/\/exact.info\/wp-content\/uploads\/2024\/04\/Vorschbild_ADL_SGE-800x560.jpg 800w, https:\/\/exact.info\/wp-content\/uploads\/2024\/04\/Vorschbild_ADL_SGE.jpg 956w\" sizes=\"(max-width: 1024px) 100vw, (max-width: 640px) 100vw, 600px\" \/><\/a><\/span><\/div><div class=\"fusion-text fusion-text-17\"><p><span style=\"color: #ffffff;\">Application video<\/span><\/p>\n<\/div><div class=\"iframe-wrapper\"><iframe width=\"100%\" height=\"315\"  cs-require=\"functional\" data-src=\"https:\/\/www.youtube-nocookie.com\/embed\/hHcxOhUskbQ\" title=\"YouTube video player\" frameborder=\"0\" allow=\"accelerometer; autoplay; clipboard-write; encrypted-media; gyroscope; picture-in-picture\" allowfullscreen><\/iframe><div class=\"iframe-placeholder\">Um das Video anzusehen, nehmen Sie zuerst den Cookie-Hinweis zur Kenntnis. | Please respond to the cookie-policy to view this video.<\/div><\/div><div class=\"fusion-text fusion-text-18\"><p><span style=\"color: #ffffff;\"> Foret-Taraudeur Combin\u00e9 <\/span><\/p>\n<\/div><div class=\"fusion-text fusion-text-19\"><h1>ADVANCEDLine<sup>\u00ae<\/sup> &#8211; Foret-Taraudeur Combin\u00e9-SGE-BIT<sup>\u00ae<\/sup><\/h1>\n<div class=\"fusion-text fusion-text-2\">\n<p>Le nouveau\u00a0<b>ADVANCEDLINE<sup>\u00ae<\/sup>\u00a0SGE-BIT<sup>\u00ae<\/sup><\/b>\u00a0permet un per\u00e7age,\u00a0<b>un taraudage et un \u00e9bavurage sans probl\u00e8me en une seule op\u00e9ration<\/b> et est \u00e9galement particuli\u00e8rement \u00e9conome en batterie en raison de sa faible consommation d\u2019\u00e9nergie.<\/p>\n<\/div>\n<p><a href=\"https:\/\/exact.info\/en\/advancedline-kombigewindebohrer-sge-bit\/\">En savoir plus \u00bb<\/a><\/p>\n<\/div><\/div><\/div><\/div><\/div><\/p>\n","protected":false},"excerpt":{"rendered":"","protected":false},"author":2,"featured_media":0,"parent":4340,"menu_order":0,"comment_status":"closed","ping_status":"closed","template":"","meta":{"inline_featured_image":false,"footnotes":""},"class_list":["post-4978","page","type-page","status-publish","hentry"],"_links":{"self":[{"href":"https:\/\/exact.info\/fr\/wp-json\/wp\/v2\/pages\/4978","targetHints":{"allow":["GET"]}}],"collection":[{"href":"https:\/\/exact.info\/fr\/wp-json\/wp\/v2\/pages"}],"about":[{"href":"https:\/\/exact.info\/fr\/wp-json\/wp\/v2\/types\/page"}],"author":[{"embeddable":true,"href":"https:\/\/exact.info\/fr\/wp-json\/wp\/v2\/users\/2"}],"replies":[{"embeddable":true,"href":"https:\/\/exact.info\/fr\/wp-json\/wp\/v2\/comments?post=4978"}],"version-history":[{"count":13,"href":"https:\/\/exact.info\/fr\/wp-json\/wp\/v2\/pages\/4978\/revisions"}],"predecessor-version":[{"id":6284,"href":"https:\/\/exact.info\/fr\/wp-json\/wp\/v2\/pages\/4978\/revisions\/6284"}],"up":[{"embeddable":true,"href":"https:\/\/exact.info\/fr\/wp-json\/wp\/v2\/pages\/4340"}],"wp:attachment":[{"href":"https:\/\/exact.info\/fr\/wp-json\/wp\/v2\/media?parent=4978"}],"curies":[{"name":"wp","href":"https:\/\/api.w.org\/{rel}","templated":true}]}}