{"id":4359,"date":"2021-04-12T16:52:57","date_gmt":"2021-04-12T14:52:57","guid":{"rendered":"https:\/\/exact.info\/impressum\/"},"modified":"2021-04-14T16:10:28","modified_gmt":"2021-04-14T14:10:28","slug":"impressum","status":"publish","type":"page","link":"https:\/\/exact.info\/fr\/impressum\/","title":{"rendered":"Mentions l\u00e9gales"},"content":{"rendered":"<p><b>MENTIONS L\u00c9GALES<\/b><\/p>\n<p>Informations conformes au \u00a7 5 al. 1 N\u00b0. 1 TMG<br \/>\nEXACT GmbH &amp; Co. KG Pr\u00e4zisionswerkzeuge<\/p>\n<p>Direction\u00a0: Andreas Oemkes<br \/>\nAm Eichholz 19<br \/>\nD-42897 Remscheid<br \/>\nAllemagne<\/p>\n<p>T\u00e9l. +49 (0)2191 3 62 50-0<br \/>\nFax +49 (0)2191 3 62 50-16<br \/>\ne-mail\u00a0:&nbsp;<a class=\"inner\" href=\"mailto:info@exact.info\">info@exact.info<\/a><br \/>\nInternet\u00a0:&nbsp;<a class=\"inner\" href=\"http:\/\/www.exact.info\/\">www.exact.info<\/a><\/p>\n<p>Inscription au registre\u00a0: Wuppertal HRA 21480<br \/>\nN\u00b0 id. intracommunautaire\u00a0: DE120811680<\/p>\n<p><b>Exclusions de responsabilit\u00e9\u00a0:<\/b><\/p>\n<p><b>Responsabilit\u00e9 pour les contenus<\/b><\/p>\n<p>Les contenus de nos pages ont \u00e9t\u00e9 \u00e9tablis avec le plus grand soin. Toutefois, nous ne pouvons assumer aucune responsabilit\u00e9 quant \u00e0 l&rsquo;exactitude, l&rsquo;exhaustivit\u00e9 et l&rsquo;actualit\u00e9 des contenus. En tant que prestataire de services, nous sommes responsables de nos propres contenus sur ces pages conform\u00e9ment aux lois g\u00e9n\u00e9rales en vertu du \u00a7 7 alin\u00e9a 1 TMG. Conform\u00e9ment aux \u00a7\u00a7 8 \u00e0 10 TMG, nous ne sommes pas tenus de surveiller les informations transmises ou enregistr\u00e9es, ni d&rsquo;enqu\u00eater sur les circonstances qui indiquent une activit\u00e9 ill\u00e9gale. Les obligations de supprimer ou de bloquer l&rsquo;utilisation des informations conform\u00e9ment aux lois g\u00e9n\u00e9rales ne sont pas affect\u00e9es. Toutefois, la responsabilit\u00e9 \u00e0 cet \u00e9gard n&rsquo;est possible qu&rsquo;\u00e0 partir du moment o\u00f9 l&rsquo;on a connaissance d&rsquo;une infraction concr\u00e8te. Lorsque de telles infractions \u00e0 la loi sont connues, nous supprimons imm\u00e9diatement ces contenus.<\/p>\n<p><b>Responsabilit\u00e9 pour les liens<\/b><\/p>\n<p>Notre offre contient des liens vers des sites Web externes dont nous n&rsquo;avons aucune influence sur leur contenu. Pour cette raison, nous ne garantissons aucunement ces contenus externes. Le fournisseur ou l&rsquo;exploitant respectif des pages est toujours responsable du contenu des pages mises en lien. Les \u00e9ventuelles infractions \u00e0 la loi des pages mises en lien ont \u00e9t\u00e9 v\u00e9rifi\u00e9es au moment de la mise en lien. Aucun contenu ill\u00e9gal n&rsquo;\u00e9tait d\u00e9tectable au moment de la mise en lien. Cependant, un contr\u00f4le permanent du contenu des pages mises en lien n&rsquo;est pas raisonnable sans preuve concr\u00e8te d&rsquo;une violation de la loi. Lorsque des infractions \u00e0 la loi sont connues, nous supprimons imm\u00e9diatement de tels liens.<\/p>\n<p><b>Droits d&rsquo;auteur<\/b><\/p>\n<p>Les contenus et les \u0153uvres r\u00e9alis\u00e9s par l&rsquo;exploitant de ces pages sont soumis \u00e0 la loi allemande sur les droits d&rsquo;auteur. La duplication, le traitement, la diffusion ou toute forme de commercialisation au-del\u00e0 de la port\u00e9e de la loi sur le droit d&rsquo;auteur n\u00e9cessite le consentement \u00e9crit pr\u00e9alable de son auteur ou cr\u00e9ateur respectif. Les t\u00e9l\u00e9chargements et copies de ce site sont uniquement autoris\u00e9s pour un usage priv\u00e9 et non commercial. Si des contenus sur cette page n&rsquo;ont pas \u00e9t\u00e9 \u00e9tablis par l&rsquo;exploitant, alors les droits d&rsquo;auteur du tiers sont respect\u00e9s. Les contenus de tiers sont alors d\u00e9sign\u00e9s comme tels. Si vous avez n\u00e9anmoins connaissance d&rsquo;une violation du droit d&rsquo;auteur, veuillez nous en informer. Lorsque des infractions \u00e0 la loi sont connues, de tels contenus sont alors imm\u00e9diatement retir\u00e9s.<\/p>\n<p><b>Protection des donn\u00e9es<\/b><\/p>\n<p>L&rsquo;utilisation de notre site Web est, en r\u00e8gle g\u00e9n\u00e9rale, possible sans fournir de donn\u00e9es relatives \u00e0 la personne. Dans la mesure o\u00f9, sur nos pages, des donn\u00e9es personnelles (par exemple nom, adresse ou adresses e-mail) sont collect\u00e9es, cela se fait, dans la mesure du possible, toujours sur une base volontaire. Ces donn\u00e9es ne seront pas transmises \u00e0 des tiers sans votre consentement expr\u00e8s. Nous attirons votre attention sur le fait que la transmission de donn\u00e9es sur Internet (par exemple, la communication par e-mail) peut pr\u00e9senter des failles de s\u00e9curit\u00e9. Une protection compl\u00e8te des donn\u00e9es contre l&rsquo;acc\u00e8s par des tiers n&rsquo;est pas possible. L&rsquo;utilisation par des tiers des donn\u00e9es de contact publi\u00e9es dans le cadre de l&rsquo;obligation de mentions l\u00e9gales pour l&rsquo;envoi de publicit\u00e9 et de mat\u00e9riel d&rsquo;information non express\u00e9ment demand\u00e9 est express\u00e9ment interdite. Les exploitants des pages se r\u00e9servent express\u00e9ment le droit d&rsquo;engager des poursuites judiciaires en cas d&rsquo;envoi non sollicit\u00e9 d&rsquo;informations publicitaires, comme des spams.<\/p>\n","protected":false},"excerpt":{"rendered":"<p>MENTIONS L\u00c9GALES Informations [&#8230;]<\/p>\n","protected":false},"author":2,"featured_media":0,"parent":0,"menu_order":0,"comment_status":"closed","ping_status":"closed","template":"","meta":{"inline_featured_image":false,"footnotes":""},"class_list":["post-4359","page","type-page","status-publish","hentry"],"_links":{"self":[{"href":"https:\/\/exact.info\/fr\/wp-json\/wp\/v2\/pages\/4359","targetHints":{"allow":["GET"]}}],"collection":[{"href":"https:\/\/exact.info\/fr\/wp-json\/wp\/v2\/pages"}],"about":[{"href":"https:\/\/exact.info\/fr\/wp-json\/wp\/v2\/types\/page"}],"author":[{"embeddable":true,"href":"https:\/\/exact.info\/fr\/wp-json\/wp\/v2\/users\/2"}],"replies":[{"embeddable":true,"href":"https:\/\/exact.info\/fr\/wp-json\/wp\/v2\/comments?post=4359"}],"version-history":[{"count":1,"href":"https:\/\/exact.info\/fr\/wp-json\/wp\/v2\/pages\/4359\/revisions"}],"predecessor-version":[{"id":4635,"href":"https:\/\/exact.info\/fr\/wp-json\/wp\/v2\/pages\/4359\/revisions\/4635"}],"wp:attachment":[{"href":"https:\/\/exact.info\/fr\/wp-json\/wp\/v2\/media?parent=4359"}],"curies":[{"name":"wp","href":"https:\/\/api.w.org\/{rel}","templated":true}]}}