{"id":4340,"date":"2021-04-12T16:50:55","date_gmt":"2021-04-12T14:50:55","guid":{"rendered":"https:\/\/exact.info\/neuheiten\/"},"modified":"2024-01-30T10:22:24","modified_gmt":"2024-01-30T09:22:24","slug":"neuheiten","status":"publish","type":"page","link":"https:\/\/exact.info\/fr\/neuheiten\/","title":{"rendered":"Nouveaut\u00e9s"},"content":{"rendered":"<p><div class=\"fusion-fullwidth fullwidth-box fusion-builder-row-1 nonhundred-percent-fullwidth non-hundred-percent-height-scrolling\" style=\"--awb-border-radius-top-left:0px;--awb-border-radius-top-right:0px;--awb-border-radius-bottom-right:0px;--awb-border-radius-bottom-left:0px;--awb-flex-wrap:wrap;\" ><div class=\"fusion-builder-row fusion-row\"><div class=\"fusion-layout-column fusion_builder_column fusion-builder-column-0 fusion_builder_column_1_1 1_1 fusion-one-full fusion-column-first fusion-column-last\" style=\"--awb-bg-size:cover;\"><div class=\"fusion-column-wrapper fusion-column-has-shadow fusion-flex-column-wrapper-legacy\"><div class=\"fusion-column-content-centered\"><div class=\"fusion-column-content\"><div class=\"fusion-image-element in-legacy-container\" style=\"--awb-caption-title-font-family:var(--h2_typography-font-family);--awb-caption-title-font-weight:var(--h2_typography-font-weight);--awb-caption-title-font-style:var(--h2_typography-font-style);--awb-caption-title-size:var(--h2_typography-font-size);--awb-caption-title-transform:var(--h2_typography-text-transform);--awb-caption-title-line-height:var(--h2_typography-line-height);--awb-caption-title-letter-spacing:var(--h2_typography-letter-spacing);\"><span class=\" fusion-imageframe imageframe-none imageframe-1 hover-type-none\"><a class=\"fusion-no-lightbox\" href=\"https:\/\/exact.info\/neuheiten\/advancedline\/\" target=\"_self\" aria-label=\"Advancedline_Banner\"><img decoding=\"async\" width=\"2362\" height=\"636\" src=\"https:\/\/exact.info\/wp-content\/uploads\/2020\/02\/Advancedline_Banner.jpg\" alt class=\"img-responsive wp-image-4406\" srcset=\"https:\/\/exact.info\/wp-content\/uploads\/2020\/02\/Advancedline_Banner-200x54.jpg 200w, https:\/\/exact.info\/wp-content\/uploads\/2020\/02\/Advancedline_Banner-400x108.jpg 400w, https:\/\/exact.info\/wp-content\/uploads\/2020\/02\/Advancedline_Banner-600x162.jpg 600w, https:\/\/exact.info\/wp-content\/uploads\/2020\/02\/Advancedline_Banner-800x215.jpg 800w, https:\/\/exact.info\/wp-content\/uploads\/2020\/02\/Advancedline_Banner-1200x323.jpg 1200w, https:\/\/exact.info\/wp-content\/uploads\/2020\/02\/Advancedline_Banner.jpg 2362w\" sizes=\"(max-width: 800px) 100vw, 2362px\" \/><\/a><\/span><\/div><div class=\"fusion-sep-clear\"><\/div><div class=\"fusion-separator fusion-full-width-sep\" style=\"margin-left: auto;margin-right: auto;margin-top:10px;width:100%;\"><div class=\"fusion-separator-border sep-single\" style=\"--awb-height:20px;--awb-amount:20px;--awb-sep-color:#ffffff;border-color:#ffffff;border-top-width:1px;\"><\/div><\/div><div class=\"fusion-sep-clear\"><\/div><div class=\"fusion-text fusion-text-1\"><h4><strong>ADVANCEDLine<sup>\u00ae<\/sup>\u00a0\u00a0<\/strong>by EXACT Outil \u00e0 chanfreiner &amp; foret \u00e9tag\u00e9<\/h4>\n<\/div><\/div><\/div><div class=\"fusion-clearfix\"><\/div><\/div><\/div><\/div><\/div><div class=\"fusion-fullwidth fullwidth-box fusion-builder-row-2 nonhundred-percent-fullwidth non-hundred-percent-height-scrolling\" style=\"--awb-border-radius-top-left:0px;--awb-border-radius-top-right:0px;--awb-border-radius-bottom-right:0px;--awb-border-radius-bottom-left:0px;--awb-margin-top:0px;--awb-flex-wrap:wrap;\" ><div class=\"fusion-builder-row fusion-row\"><div class=\"fusion-layout-column fusion_builder_column fusion-builder-column-1 fusion_builder_column_1_2 1_2 fusion-one-half fusion-column-first\" style=\"--awb-bg-size:cover;width:50%;width:calc(50% - ( ( 4% ) * 0.5 ) );margin-right: 4%;\"><div class=\"fusion-column-wrapper fusion-column-has-shadow fusion-flex-column-wrapper-legacy\"><div class=\"fusion-column-content-centered\"><div class=\"fusion-column-content\"><div class=\"fusion-image-element in-legacy-container\" style=\"--awb-caption-title-font-family:var(--h2_typography-font-family);--awb-caption-title-font-weight:var(--h2_typography-font-weight);--awb-caption-title-font-style:var(--h2_typography-font-style);--awb-caption-title-size:var(--h2_typography-font-size);--awb-caption-title-transform:var(--h2_typography-text-transform);--awb-caption-title-line-height:var(--h2_typography-line-height);--awb-caption-title-letter-spacing:var(--h2_typography-letter-spacing);\"><span class=\" fusion-imageframe imageframe-none imageframe-2 hover-type-none\"><a class=\"fusion-no-lightbox\" href=\"https:\/\/exact.info\/fr\/neuheiten\/exact-em-edition-2024\/\" target=\"_self\" aria-label=\"Neuheiten_Banner_EM_FR\"><img decoding=\"async\" width=\"2408\" height=\"1625\" src=\"https:\/\/exact.info\/wp-content\/uploads\/2024\/01\/Neuheiten_Banner_EM_FR.jpg\" alt class=\"img-responsive wp-image-6089\" srcset=\"https:\/\/exact.info\/wp-content\/uploads\/2024\/01\/Neuheiten_Banner_EM_FR-200x135.jpg 200w, https:\/\/exact.info\/wp-content\/uploads\/2024\/01\/Neuheiten_Banner_EM_FR-400x270.jpg 400w, https:\/\/exact.info\/wp-content\/uploads\/2024\/01\/Neuheiten_Banner_EM_FR-600x405.jpg 600w, https:\/\/exact.info\/wp-content\/uploads\/2024\/01\/Neuheiten_Banner_EM_FR-800x540.jpg 800w, https:\/\/exact.info\/wp-content\/uploads\/2024\/01\/Neuheiten_Banner_EM_FR-1200x810.jpg 1200w, https:\/\/exact.info\/wp-content\/uploads\/2024\/01\/Neuheiten_Banner_EM_FR.jpg 2408w\" sizes=\"(max-width: 800px) 100vw, 600px\" \/><\/a><\/span><\/div><div class=\"fusion-sep-clear\"><\/div><div class=\"fusion-separator fusion-full-width-sep\" style=\"margin-left: auto;margin-right: auto;margin-top:10px;width:100%;\"><div class=\"fusion-separator-border sep-single\" style=\"--awb-height:20px;--awb-amount:20px;--awb-sep-color:#ffffff;border-color:#ffffff;border-top-width:1px;\"><\/div><\/div><div class=\"fusion-sep-clear\"><\/div><div class=\"fusion-text fusion-text-2\"><h4>\u00c9DITION EXACT EM 2024<\/h4>\n<\/div><\/div><\/div><div class=\"fusion-clearfix\"><\/div><\/div><\/div><div class=\"fusion-layout-column fusion_builder_column fusion-builder-column-2 fusion_builder_column_1_2 1_2 fusion-one-half fusion-column-last\" style=\"--awb-bg-size:cover;width:50%;width:calc(50% - ( ( 4% ) * 0.5 ) );\"><div class=\"fusion-column-wrapper fusion-column-has-shadow fusion-flex-column-wrapper-legacy\"><div class=\"fusion-image-element in-legacy-container\" style=\"--awb-caption-title-font-family:var(--h2_typography-font-family);--awb-caption-title-font-weight:var(--h2_typography-font-weight);--awb-caption-title-font-style:var(--h2_typography-font-style);--awb-caption-title-size:var(--h2_typography-font-size);--awb-caption-title-transform:var(--h2_typography-text-transform);--awb-caption-title-line-height:var(--h2_typography-line-height);--awb-caption-title-letter-spacing:var(--h2_typography-letter-spacing);\"><span class=\" fusion-imageframe imageframe-none imageframe-3 hover-type-none\"><a class=\"fusion-no-lightbox\" href=\"https:\/\/exact.info\/fr\/starterkit\/\" target=\"_self\" aria-label=\"StarterKit_Image_web\"><img decoding=\"async\" width=\"738\" height=\"499\" src=\"https:\/\/exact.info\/wp-content\/uploads\/2020\/02\/StarterKit_Image_web-e1582116305104.jpg\" alt class=\"img-responsive wp-image-4410\" srcset=\"https:\/\/exact.info\/wp-content\/uploads\/2020\/02\/StarterKit_Image_web-e1582116305104-200x135.jpg 200w, https:\/\/exact.info\/wp-content\/uploads\/2020\/02\/StarterKit_Image_web-e1582116305104-400x270.jpg 400w, https:\/\/exact.info\/wp-content\/uploads\/2020\/02\/StarterKit_Image_web-e1582116305104-600x406.jpg 600w, https:\/\/exact.info\/wp-content\/uploads\/2020\/02\/StarterKit_Image_web-e1582116305104.jpg 738w\" sizes=\"(max-width: 800px) 100vw, 738px\" \/><\/a><\/span><\/div><div class=\"fusion-sep-clear\"><\/div><div class=\"fusion-separator fusion-full-width-sep\" style=\"margin-left: auto;margin-right: auto;margin-top:10px;width:100%;\"><div class=\"fusion-separator-border sep-single\" style=\"--awb-height:20px;--awb-amount:20px;--awb-sep-color:#ffffff;border-color:#ffffff;border-top-width:1px;\"><\/div><\/div><div class=\"fusion-sep-clear\"><\/div><div class=\"fusion-text fusion-text-3\"><h4>KIT DE D\u00c9MARRAGE \u00ab\u00a0USINAGE DU M\u00c9TAL\u00a0\u00bb<\/h4>\n<\/div><div class=\"fusion-clearfix\"><\/div><\/div><\/div><div class=\"fusion-layout-column fusion_builder_column fusion-builder-column-3 fusion_builder_column_1_2 1_2 fusion-one-half fusion-column-first\" style=\"--awb-bg-size:cover;width:50%;width:calc(50% - ( ( 4% ) * 0.5 ) );margin-right: 4%;\"><div class=\"fusion-column-wrapper fusion-column-has-shadow fusion-flex-column-wrapper-legacy\"><div class=\"fusion-image-element in-legacy-container\" style=\"--awb-caption-title-font-family:var(--h2_typography-font-family);--awb-caption-title-font-weight:var(--h2_typography-font-weight);--awb-caption-title-font-style:var(--h2_typography-font-style);--awb-caption-title-size:var(--h2_typography-font-size);--awb-caption-title-transform:var(--h2_typography-text-transform);--awb-caption-title-line-height:var(--h2_typography-line-height);--awb-caption-title-letter-spacing:var(--h2_typography-letter-spacing);\"><span class=\" fusion-imageframe imageframe-none imageframe-4 hover-type-none\"><a class=\"fusion-no-lightbox\" href=\"https:\/\/exact.info\/fr\/neuheiten\/black-box-bit-box-blue-box\/\" target=\"_self\" aria-label=\"BOXEN_BBB3_web\"><img decoding=\"async\" width=\"703\" height=\"441\" src=\"https:\/\/exact.info\/wp-content\/uploads\/2020\/02\/BOXEN_BBB3_web-e1590140712255.jpg\" alt class=\"img-responsive wp-image-4408\" srcset=\"https:\/\/exact.info\/wp-content\/uploads\/2020\/02\/BOXEN_BBB3_web-e1590140712255-200x125.jpg 200w, https:\/\/exact.info\/wp-content\/uploads\/2020\/02\/BOXEN_BBB3_web-e1590140712255-400x251.jpg 400w, https:\/\/exact.info\/wp-content\/uploads\/2020\/02\/BOXEN_BBB3_web-e1590140712255-600x376.jpg 600w, https:\/\/exact.info\/wp-content\/uploads\/2020\/02\/BOXEN_BBB3_web-e1590140712255.jpg 703w\" sizes=\"(max-width: 800px) 100vw, 703px\" \/><\/a><\/span><\/div><div class=\"fusion-sep-clear\"><\/div><div class=\"fusion-separator fusion-full-width-sep\" style=\"margin-left: auto;margin-right: auto;margin-top:10px;width:100%;\"><div class=\"fusion-separator-border sep-single\" style=\"--awb-height:20px;--awb-amount:20px;--awb-sep-color:#ffffff;border-color:#ffffff;border-top-width:1px;\"><\/div><\/div><div class=\"fusion-sep-clear\"><\/div><div class=\"fusion-text fusion-text-4\"><h4>BLACK BOX \/ BIT BOX \/ BLUE BOX<\/h4>\n<\/div><div class=\"fusion-clearfix\"><\/div><\/div><\/div><div class=\"fusion-layout-column fusion_builder_column fusion-builder-column-4 fusion_builder_column_1_2 1_2 fusion-one-half fusion-column-last\" style=\"--awb-bg-size:cover;width:50%;width:calc(50% - ( ( 4% ) * 0.5 ) );\"><div class=\"fusion-column-wrapper fusion-column-has-shadow fusion-flex-column-wrapper-legacy\"><div class=\"fusion-image-element in-legacy-container\" style=\"--awb-caption-title-font-family:var(--h2_typography-font-family);--awb-caption-title-font-weight:var(--h2_typography-font-weight);--awb-caption-title-font-style:var(--h2_typography-font-style);--awb-caption-title-size:var(--h2_typography-font-size);--awb-caption-title-transform:var(--h2_typography-text-transform);--awb-caption-title-line-height:var(--h2_typography-line-height);--awb-caption-title-letter-spacing:var(--h2_typography-letter-spacing);\"><span class=\" fusion-imageframe imageframe-none imageframe-5 hover-type-none\"><a class=\"fusion-no-lightbox\" href=\"https:\/\/exact.info\/fr\/spiralbohrer-montage-set\/\" target=\"_self\" aria-label=\"SPIBO_UNI_MOTIV_web\"><img decoding=\"async\" width=\"617\" height=\"388\" src=\"https:\/\/exact.info\/wp-content\/uploads\/2020\/02\/SPIBO_UNI_MOTIV_web-e1582116250769.jpg\" alt class=\"img-responsive wp-image-4407\" srcset=\"https:\/\/exact.info\/wp-content\/uploads\/2020\/02\/SPIBO_UNI_MOTIV_web-e1582116250769-200x126.jpg 200w, https:\/\/exact.info\/wp-content\/uploads\/2020\/02\/SPIBO_UNI_MOTIV_web-e1582116250769-400x252.jpg 400w, https:\/\/exact.info\/wp-content\/uploads\/2020\/02\/SPIBO_UNI_MOTIV_web-e1582116250769-600x377.jpg 600w, https:\/\/exact.info\/wp-content\/uploads\/2020\/02\/SPIBO_UNI_MOTIV_web-e1582116250769.jpg 617w\" sizes=\"(max-width: 800px) 100vw, 617px\" \/><\/a><\/span><\/div><div class=\"fusion-sep-clear\"><\/div><div class=\"fusion-separator fusion-full-width-sep\" style=\"margin-left: auto;margin-right: auto;margin-top:10px;width:100%;\"><div class=\"fusion-separator-border sep-single\" style=\"--awb-height:20px;--awb-amount:20px;--awb-sep-color:#ffffff;border-color:#ffffff;border-top-width:1px;\"><\/div><\/div><div class=\"fusion-sep-clear\"><\/div><div class=\"fusion-text fusion-text-5\"><h4>FORETS H\u00c9LICOIDAUX \u00ab\u00a0KIT DE MONTAGE\u00a0\u00bb<\/h4>\n<\/div><div class=\"fusion-clearfix\"><\/div><\/div><\/div><div class=\"fusion-layout-column fusion_builder_column fusion-builder-column-5 fusion_builder_column_1_2 1_2 fusion-one-half fusion-column-first\" style=\"--awb-bg-size:cover;width:50%;width:calc(50% - ( ( 4% ) * 0.5 ) );margin-right: 4%;\"><div class=\"fusion-column-wrapper fusion-column-has-shadow fusion-flex-column-wrapper-legacy\"><div class=\"fusion-image-element in-legacy-container\" style=\"--awb-caption-title-font-family:var(--h2_typography-font-family);--awb-caption-title-font-weight:var(--h2_typography-font-weight);--awb-caption-title-font-style:var(--h2_typography-font-style);--awb-caption-title-size:var(--h2_typography-font-size);--awb-caption-title-transform:var(--h2_typography-text-transform);--awb-caption-title-line-height:var(--h2_typography-line-height);--awb-caption-title-letter-spacing:var(--h2_typography-letter-spacing);\"><span class=\" fusion-imageframe imageframe-none imageframe-6 hover-type-none\"><a class=\"fusion-no-lightbox\" href=\"https:\/\/exact.info\/fr\/gewindeschneidesortiment-gs52\/\" target=\"_self\" aria-label=\"Gewindesortiment_4c_M\"><img decoding=\"async\" width=\"690\" height=\"469\" src=\"https:\/\/exact.info\/wp-content\/uploads\/2020\/01\/Gewindesortiment_4c_M-e1584695606983.jpg\" alt class=\"img-responsive wp-image-4440\" srcset=\"https:\/\/exact.info\/wp-content\/uploads\/2020\/01\/Gewindesortiment_4c_M-e1584695606983-200x136.jpg 200w, https:\/\/exact.info\/wp-content\/uploads\/2020\/01\/Gewindesortiment_4c_M-e1584695606983-400x272.jpg 400w, https:\/\/exact.info\/wp-content\/uploads\/2020\/01\/Gewindesortiment_4c_M-e1584695606983-600x408.jpg 600w, https:\/\/exact.info\/wp-content\/uploads\/2020\/01\/Gewindesortiment_4c_M-e1584695606983.jpg 690w\" sizes=\"(max-width: 800px) 100vw, 690px\" \/><\/a><\/span><\/div><div class=\"fusion-sep-clear\"><\/div><div class=\"fusion-separator fusion-full-width-sep\" style=\"margin-left: auto;margin-right: auto;margin-top:10px;width:100%;\"><div class=\"fusion-separator-border sep-single\" style=\"--awb-height:20px;--awb-amount:20px;--awb-sep-color:#ffffff;border-color:#ffffff;border-top-width:1px;\"><\/div><\/div><div class=\"fusion-sep-clear\"><\/div><div class=\"fusion-text fusion-text-6\"><h4>ASSORTIMENT DE TARAUDS &#8211; GS52<\/h4>\n<\/div><div class=\"fusion-clearfix\"><\/div><\/div><\/div><div class=\"fusion-layout-column fusion_builder_column fusion-builder-column-6 fusion_builder_column_1_2 1_2 fusion-one-half fusion-column-last\" style=\"--awb-bg-size:cover;width:50%;width:calc(50% - ( ( 4% ) * 0.5 ) );\"><div class=\"fusion-column-wrapper fusion-column-has-shadow fusion-flex-column-wrapper-legacy\"><div class=\"fusion-image-element in-legacy-container\" style=\"--awb-caption-title-font-family:var(--h2_typography-font-family);--awb-caption-title-font-weight:var(--h2_typography-font-weight);--awb-caption-title-font-style:var(--h2_typography-font-style);--awb-caption-title-size:var(--h2_typography-font-size);--awb-caption-title-transform:var(--h2_typography-text-transform);--awb-caption-title-line-height:var(--h2_typography-line-height);--awb-caption-title-letter-spacing:var(--h2_typography-letter-spacing);\"><span class=\" fusion-imageframe imageframe-none imageframe-7 hover-type-none\"><a class=\"fusion-no-lightbox\" href=\"https:\/\/exact.info\/fr\/proficoil-gewindereparatur\/\" target=\"_self\" aria-label=\"Proficoil_web\"><img decoding=\"async\" width=\"738\" height=\"498\" src=\"https:\/\/exact.info\/wp-content\/uploads\/2020\/02\/Proficoil_web-e1590140812932.jpg\" alt class=\"img-responsive wp-image-4409\" srcset=\"https:\/\/exact.info\/wp-content\/uploads\/2020\/02\/Proficoil_web-e1590140812932-200x135.jpg 200w, https:\/\/exact.info\/wp-content\/uploads\/2020\/02\/Proficoil_web-e1590140812932-400x270.jpg 400w, https:\/\/exact.info\/wp-content\/uploads\/2020\/02\/Proficoil_web-e1590140812932-600x405.jpg 600w, https:\/\/exact.info\/wp-content\/uploads\/2020\/02\/Proficoil_web-e1590140812932.jpg 738w\" sizes=\"(max-width: 800px) 100vw, 738px\" \/><\/a><\/span><\/div><div class=\"fusion-sep-clear\"><\/div><div class=\"fusion-separator fusion-full-width-sep\" style=\"margin-left: auto;margin-right: auto;margin-top:10px;width:100%;\"><div class=\"fusion-separator-border sep-single\" style=\"--awb-height:20px;--awb-amount:20px;--awb-sep-color:#ffffff;border-color:#ffffff;border-top-width:1px;\"><\/div><\/div><div class=\"fusion-sep-clear\"><\/div><div class=\"fusion-text fusion-text-7\"><h4>PROFICOIL \u2013 R\u00c9PARATION DE FILETAGES<\/h4>\n<\/div><div class=\"fusion-clearfix\"><\/div><\/div><\/div><\/div><\/div><\/p>\n","protected":false},"excerpt":{"rendered":"","protected":false},"author":2,"featured_media":0,"parent":0,"menu_order":0,"comment_status":"closed","ping_status":"closed","template":"","meta":{"inline_featured_image":false,"footnotes":""},"class_list":["post-4340","page","type-page","status-publish","hentry"],"_links":{"self":[{"href":"https:\/\/exact.info\/fr\/wp-json\/wp\/v2\/pages\/4340","targetHints":{"allow":["GET"]}}],"collection":[{"href":"https:\/\/exact.info\/fr\/wp-json\/wp\/v2\/pages"}],"about":[{"href":"https:\/\/exact.info\/fr\/wp-json\/wp\/v2\/types\/page"}],"author":[{"embeddable":true,"href":"https:\/\/exact.info\/fr\/wp-json\/wp\/v2\/users\/2"}],"replies":[{"embeddable":true,"href":"https:\/\/exact.info\/fr\/wp-json\/wp\/v2\/comments?post=4340"}],"version-history":[{"count":16,"href":"https:\/\/exact.info\/fr\/wp-json\/wp\/v2\/pages\/4340\/revisions"}],"predecessor-version":[{"id":6094,"href":"https:\/\/exact.info\/fr\/wp-json\/wp\/v2\/pages\/4340\/revisions\/6094"}],"wp:attachment":[{"href":"https:\/\/exact.info\/fr\/wp-json\/wp\/v2\/media?parent=4340"}],"curies":[{"name":"wp","href":"https:\/\/api.w.org\/{rel}","templated":true}]}}