{"id":4283,"date":"2021-04-12T16:50:37","date_gmt":"2021-04-12T14:50:37","guid":{"rendered":"https:\/\/exact.info\/anwendungsvideos\/"},"modified":"2022-03-24T09:20:44","modified_gmt":"2022-03-24T08:20:44","slug":"anwendungsvideos","status":"publish","type":"page","link":"https:\/\/exact.info\/fr\/produkte\/anwendungsvideos\/","title":{"rendered":"Vid\u00e9os d&rsquo;applications"},"content":{"rendered":"<div class=\"fusion-fullwidth fullwidth-box fusion-builder-row-1 fusion-flex-container nonhundred-percent-fullwidth non-hundred-percent-height-scrolling\" style=\"--awb-border-radius-top-left:0px;--awb-border-radius-top-right:0px;--awb-border-radius-bottom-right:0px;--awb-border-radius-bottom-left:0px;--awb-flex-wrap:wrap;\" ><div class=\"fusion-builder-row fusion-row fusion-flex-align-items-stretch fusion-flex-content-wrap\" style=\"max-width:1248px;margin-left: calc(-4% \/ 2 );margin-right: calc(-4% \/ 2 );\"><div class=\"fusion-layout-column fusion_builder_column fusion-builder-column-0 fusion_builder_column_1_2 1_2 fusion-flex-column\" style=\"--awb-bg-size:cover;--awb-border-color:rgba(0,0,0,0.18);--awb-border-top:2px;--awb-border-right:2px;--awb-border-bottom:2px;--awb-border-left:2px;--awb-border-style:solid;--awb-width-large:50%;--awb-margin-top-large:0px;--awb-spacing-right-large:3.84%;--awb-margin-bottom-large:20px;--awb-spacing-left-large:3.84%;--awb-width-medium:100%;--awb-spacing-right-medium:1.92%;--awb-spacing-left-medium:1.92%;--awb-width-small:100%;--awb-spacing-right-small:1.92%;--awb-spacing-left-small:1.92%;\"><div class=\"fusion-column-wrapper fusion-column-has-shadow fusion-flex-justify-content-flex-start fusion-content-layout-column\"><div class=\"iframe-wrapper\"><iframe width=\"100%\" height=\"315\"  cs-require=\"functional\" data-src=\"https:\/\/www.youtube-nocookie.com\/embed\/Ji8QEPK8GSQ\" frameborder=\"0\" allow=\"accelerometer; autoplay; encrypted-media; gyroscope; picture-in-picture\" allowfullscreen><\/iframe><div class=\"iframe-placeholder\">Um das Video anzusehen, nehmen Sie zuerst den Cookie-Hinweis zur Kenntnis. | Please respond to the cookie-policy to view this video.<\/div><\/div><div class=\"fusion-text fusion-text-1\"><h4><\/h4>\n<h4>Outil \u00e0 chanfreiner EXACT<\/h4>\n<div>Outil \u00e0 chanfreiner et \u00e0 \u00e9bavurer.<\/div>\n<div><\/div>\n<div><\/div>\n<div><\/div>\n<div><\/div>\n<\/div><\/div><\/div><div class=\"fusion-layout-column fusion_builder_column fusion-builder-column-1 fusion_builder_column_1_2 1_2 fusion-flex-column\" style=\"--awb-bg-size:cover;--awb-border-color:rgba(0,0,0,0.18);--awb-border-top:2px;--awb-border-right:2px;--awb-border-bottom:2px;--awb-border-left:2px;--awb-border-style:solid;--awb-width-large:50%;--awb-margin-top-large:0px;--awb-spacing-right-large:3.84%;--awb-margin-bottom-large:20px;--awb-spacing-left-large:3.84%;--awb-width-medium:100%;--awb-spacing-right-medium:1.92%;--awb-spacing-left-medium:1.92%;--awb-width-small:100%;--awb-spacing-right-small:1.92%;--awb-spacing-left-small:1.92%;\"><div class=\"fusion-column-wrapper fusion-column-has-shadow fusion-flex-justify-content-flex-start fusion-content-layout-column\"><div class=\"iframe-wrapper\"><iframe width=\"100%\" height=\"315\"  cs-require=\"functional\" data-src=\"https:\/\/www.youtube-nocookie.com\/embed\/pG56PurK4QA\" frameborder=\"0\" allow=\"accelerometer; autoplay; encrypted-media; gyroscope; picture-in-picture\" allowfullscreen><\/iframe><div class=\"iframe-placeholder\">Um das Video anzusehen, nehmen Sie zuerst den Cookie-Hinweis zur Kenntnis. | Please respond to the cookie-policy to view this video.<\/div><\/div><div class=\"fusion-text fusion-text-2\"><h4><\/h4>\n<h4>Outils \u00e0 chanfreiner EXACT ADVANCEDLine\u00ae<\/h4>\n<p>Les outils \u00e0 chanfreiner et \u00e9bavurer ADVANCEDLine\u00ae d&rsquo;EXACT permettent, gr\u00e2ce \u00e0 une forme de tranchant optimis\u00e9e avec une division harmonique, d&rsquo;obtenir un chanfrein 25 % plus rapidement tout en augmentant de 50 % la dur\u00e9e de vie.<\/p>\n<\/div><\/div><\/div><div class=\"fusion-layout-column fusion_builder_column fusion-builder-column-2 fusion_builder_column_1_2 1_2 fusion-flex-column\" style=\"--awb-bg-size:cover;--awb-border-color:rgba(0,0,0,0.18);--awb-border-top:2px;--awb-border-right:2px;--awb-border-bottom:2px;--awb-border-left:2px;--awb-border-style:solid;--awb-width-large:50%;--awb-margin-top-large:0px;--awb-spacing-right-large:3.84%;--awb-margin-bottom-large:20px;--awb-spacing-left-large:3.84%;--awb-width-medium:100%;--awb-spacing-right-medium:1.92%;--awb-spacing-left-medium:1.92%;--awb-width-small:100%;--awb-spacing-right-small:1.92%;--awb-spacing-left-small:1.92%;\"><div class=\"fusion-column-wrapper fusion-column-has-shadow fusion-flex-justify-content-flex-start fusion-content-layout-column\"><div class=\"iframe-wrapper\"><iframe width=\"100%\" height=\"315\"  cs-require=\"functional\" data-src=\"https:\/\/www.youtube-nocookie.com\/embed\/5XrzZcpmug8\" frameborder=\"0\" allow=\"accelerometer; autoplay; encrypted-media; gyroscope; picture-in-picture\" allowfullscreen><\/iframe><div class=\"iframe-placeholder\">Um das Video anzusehen, nehmen Sie zuerst den Cookie-Hinweis zur Kenntnis. | Please respond to the cookie-policy to view this video.<\/div><\/div><div class=\"fusion-text fusion-text-3\"><h4><\/h4>\n<h4>Foret \u00e9tag\u00e9 EXACT<\/h4>\n<p>Foret \u00e9tag\u00e9 pour un per\u00e7age sans bavure et pour l&rsquo;al\u00e9sage de t\u00f4les, tubes, profil\u00e9s et pour un \u00e9bavurage d&rsquo;un seul c\u00f4t\u00e9, en une seule op\u00e9ration.<\/p>\n<\/div><\/div><\/div><div class=\"fusion-layout-column fusion_builder_column fusion-builder-column-3 fusion_builder_column_1_2 1_2 fusion-flex-column\" style=\"--awb-bg-size:cover;--awb-border-color:rgba(0,0,0,0.18);--awb-border-top:2px;--awb-border-right:2px;--awb-border-bottom:2px;--awb-border-left:2px;--awb-border-style:solid;--awb-width-large:50%;--awb-margin-top-large:0px;--awb-spacing-right-large:3.84%;--awb-margin-bottom-large:20px;--awb-spacing-left-large:3.84%;--awb-width-medium:100%;--awb-spacing-right-medium:1.92%;--awb-spacing-left-medium:1.92%;--awb-width-small:100%;--awb-spacing-right-small:1.92%;--awb-spacing-left-small:1.92%;\"><div class=\"fusion-column-wrapper fusion-column-has-shadow fusion-flex-justify-content-flex-start fusion-content-layout-column\"><div class=\"iframe-wrapper\"><iframe width=\"100%\" height=\"315\"  cs-require=\"functional\" data-src=\"https:\/\/www.youtube-nocookie.com\/embed\/iBfzDpZcZg0\" frameborder=\"0\" allow=\"accelerometer; autoplay; encrypted-media; gyroscope; picture-in-picture\" allowfullscreen><\/iframe><div class=\"iframe-placeholder\">Um das Video anzusehen, nehmen Sie zuerst den Cookie-Hinweis zur Kenntnis. | Please respond to the cookie-policy to view this video.<\/div><\/div><div class=\"fusion-text fusion-text-4\"><h4><\/h4>\n<h4>Foret progressif \u00e0 t\u00f4le EXACT<\/h4>\n<p>Foret progressif \u00e0 t\u00f4le pour le per\u00e7age et l&rsquo;al\u00e9sage sans bavure de t\u00f4les, tubes, profil\u00e9s.<\/p>\n<\/div><\/div><\/div><div class=\"fusion-layout-column fusion_builder_column fusion-builder-column-4 fusion_builder_column_1_2 1_2 fusion-flex-column\" style=\"--awb-bg-size:cover;--awb-border-color:rgba(0,0,0,0.18);--awb-border-top:2px;--awb-border-right:2px;--awb-border-bottom:2px;--awb-border-left:2px;--awb-border-style:solid;--awb-width-large:50%;--awb-margin-top-large:0px;--awb-spacing-right-large:3.84%;--awb-margin-bottom-large:20px;--awb-spacing-left-large:3.84%;--awb-width-medium:100%;--awb-spacing-right-medium:1.92%;--awb-spacing-left-medium:1.92%;--awb-width-small:100%;--awb-spacing-right-small:1.92%;--awb-spacing-left-small:1.92%;\"><div class=\"fusion-column-wrapper fusion-column-has-shadow fusion-flex-justify-content-flex-start fusion-content-layout-column\"><div class=\"iframe-wrapper\"><iframe width=\"100%\" height=\"315\"  cs-require=\"functional\" data-src=\"https:\/\/www.youtube-nocookie.com\/embed\/Ni6tkvNhYuo\" frameborder=\"0\" allow=\"accelerometer; autoplay; encrypted-media; gyroscope; picture-in-picture\" allowfullscreen><\/iframe><div class=\"iframe-placeholder\">Um das Video anzusehen, nehmen Sie zuerst den Cookie-Hinweis zur Kenntnis. | Please respond to the cookie-policy to view this video.<\/div><\/div><div class=\"fusion-text fusion-text-5\"><h4><\/h4>\n<h4>Embout de taraud combin\u00e9 \/ embout SGE EXACT<\/h4>\n<p>Le taraudage en tout facilit\u00e9 &#8211; carotter, tarauder et \u00e9bavurer en une seule op\u00e9ration\u00a0!<\/p>\n<\/div><\/div><\/div><\/div><\/div>\n","protected":false},"excerpt":{"rendered":"","protected":false},"author":2,"featured_media":0,"parent":4350,"menu_order":0,"comment_status":"closed","ping_status":"closed","template":"","meta":{"inline_featured_image":false,"footnotes":""},"class_list":["post-4283","page","type-page","status-publish","hentry"],"_links":{"self":[{"href":"https:\/\/exact.info\/fr\/wp-json\/wp\/v2\/pages\/4283","targetHints":{"allow":["GET"]}}],"collection":[{"href":"https:\/\/exact.info\/fr\/wp-json\/wp\/v2\/pages"}],"about":[{"href":"https:\/\/exact.info\/fr\/wp-json\/wp\/v2\/types\/page"}],"author":[{"embeddable":true,"href":"https:\/\/exact.info\/fr\/wp-json\/wp\/v2\/users\/2"}],"replies":[{"embeddable":true,"href":"https:\/\/exact.info\/fr\/wp-json\/wp\/v2\/comments?post=4283"}],"version-history":[{"count":4,"href":"https:\/\/exact.info\/fr\/wp-json\/wp\/v2\/pages\/4283\/revisions"}],"predecessor-version":[{"id":5498,"href":"https:\/\/exact.info\/fr\/wp-json\/wp\/v2\/pages\/4283\/revisions\/5498"}],"up":[{"embeddable":true,"href":"https:\/\/exact.info\/fr\/wp-json\/wp\/v2\/pages\/4350"}],"wp:attachment":[{"href":"https:\/\/exact.info\/fr\/wp-json\/wp\/v2\/media?parent=4283"}],"curies":[{"name":"wp","href":"https:\/\/api.w.org\/{rel}","templated":true}]}}