{"id":4205,"date":"2021-04-12T16:50:24","date_gmt":"2021-04-12T14:50:24","guid":{"rendered":"https:\/\/exact.info\/innovationen\/"},"modified":"2022-03-18T11:20:10","modified_gmt":"2022-03-18T10:20:10","slug":"innovationen","status":"publish","type":"page","link":"https:\/\/exact.info\/fr\/unternehmen\/innovationen\/","title":{"rendered":"Innovations"},"content":{"rendered":"<div class=\"fusion-fullwidth fullwidth-box fusion-builder-row-1 fusion-flex-container nonhundred-percent-fullwidth non-hundred-percent-height-scrolling\" style=\"--awb-border-radius-top-left:0px;--awb-border-radius-top-right:0px;--awb-border-radius-bottom-right:0px;--awb-border-radius-bottom-left:0px;--awb-margin-top:25px;--awb-flex-wrap:wrap;\" ><div class=\"fusion-builder-row fusion-row fusion-flex-align-items-flex-start fusion-flex-content-wrap\" style=\"max-width:1248px;margin-left: calc(-4% \/ 2 );margin-right: calc(-4% \/ 2 );\"><div class=\"fusion-layout-column fusion_builder_column fusion-builder-column-0 fusion_builder_column_1_2 1_2 fusion-flex-column\" style=\"--awb-bg-size:cover;--awb-width-large:50%;--awb-margin-top-large:0px;--awb-spacing-right-large:3.84%;--awb-margin-bottom-large:20px;--awb-spacing-left-large:3.84%;--awb-width-medium:100%;--awb-spacing-right-medium:1.92%;--awb-spacing-left-medium:1.92%;--awb-width-small:100%;--awb-spacing-right-small:1.92%;--awb-spacing-left-small:1.92%;\"><div class=\"fusion-column-wrapper fusion-column-has-shadow fusion-flex-justify-content-flex-start fusion-content-layout-column\"><div class=\"fusion-text fusion-text-1\"><h4>ROTASTOP\u00ae<\/h4>\n<\/div><div class=\"fusion-image-element \" style=\"--awb-caption-title-font-family:var(--h2_typography-font-family);--awb-caption-title-font-weight:var(--h2_typography-font-weight);--awb-caption-title-font-style:var(--h2_typography-font-style);--awb-caption-title-size:var(--h2_typography-font-size);--awb-caption-title-transform:var(--h2_typography-text-transform);--awb-caption-title-line-height:var(--h2_typography-line-height);--awb-caption-title-letter-spacing:var(--h2_typography-letter-spacing);\"><span class=\" fusion-imageframe imageframe-none imageframe-1 hover-type-none\"><a class=\"fusion-no-lightbox\" href=\"https:\/\/exact.info\/fr\/rotastop\/\" target=\"_self\" aria-label=\"STB_Image_ROTA-web\"><img decoding=\"async\" width=\"744\" height=\"428\" src=\"https:\/\/exact.info\/wp-content\/uploads\/2020\/02\/STB_Image_ROTA-web.jpg\" alt class=\"img-responsive wp-image-4210\" srcset=\"https:\/\/exact.info\/wp-content\/uploads\/2020\/02\/STB_Image_ROTA-web-200x115.jpg 200w, https:\/\/exact.info\/wp-content\/uploads\/2020\/02\/STB_Image_ROTA-web-400x230.jpg 400w, https:\/\/exact.info\/wp-content\/uploads\/2020\/02\/STB_Image_ROTA-web-600x345.jpg 600w, https:\/\/exact.info\/wp-content\/uploads\/2020\/02\/STB_Image_ROTA-web.jpg 744w\" sizes=\"(max-width: 1024px) 100vw, (max-width: 640px) 100vw, 600px\" \/><\/a><\/span><\/div><div class=\"fusion-separator fusion-full-width-sep\" style=\"align-self: center;margin-left: auto;margin-right: auto;margin-top:10px;width:100%;\"><div class=\"fusion-separator-border sep-single\" style=\"--awb-height:20px;--awb-amount:20px;--awb-sep-color:#ffffff;border-color:#ffffff;border-top-width:1px;\"><\/div><\/div><div class=\"fusion-text fusion-text-2\"><h4 style=\"text-align: right;\"><a href=\"https:\/\/exact.info\/fr\/unternehmen\/innovationen\/rotastop\/\">En d\u00e9couvrir plus\u00a0 \u00a0\u00bb<\/a><\/h4>\n<\/div><\/div><\/div><div class=\"fusion-layout-column fusion_builder_column fusion-builder-column-1 fusion_builder_column_1_2 1_2 fusion-flex-column\" style=\"--awb-bg-size:cover;--awb-width-large:50%;--awb-margin-top-large:0px;--awb-spacing-right-large:3.84%;--awb-margin-bottom-large:20px;--awb-spacing-left-large:3.84%;--awb-width-medium:100%;--awb-spacing-right-medium:1.92%;--awb-spacing-left-medium:1.92%;--awb-width-small:100%;--awb-spacing-right-small:1.92%;--awb-spacing-left-small:1.92%;\"><div class=\"fusion-column-wrapper fusion-column-has-shadow fusion-flex-justify-content-flex-start fusion-content-layout-column\"><div class=\"fusion-text fusion-text-3\"><h4>ROTAPLUS+\u00ae<\/h4>\n<\/div><div class=\"fusion-image-element \" style=\"--awb-caption-title-font-family:var(--h2_typography-font-family);--awb-caption-title-font-weight:var(--h2_typography-font-weight);--awb-caption-title-font-style:var(--h2_typography-font-style);--awb-caption-title-size:var(--h2_typography-font-size);--awb-caption-title-transform:var(--h2_typography-text-transform);--awb-caption-title-line-height:var(--h2_typography-line-height);--awb-caption-title-letter-spacing:var(--h2_typography-letter-spacing);\"><span class=\" fusion-imageframe imageframe-none imageframe-2 hover-type-none\"><a class=\"fusion-no-lightbox\" href=\"https:\/\/exact.info\/fr\/rotaplus\/\" target=\"_self\" aria-label=\"SGE_Image_ROTA-web\"><img decoding=\"async\" width=\"776\" height=\"448\" src=\"https:\/\/exact.info\/wp-content\/uploads\/2020\/02\/SGE_Image_ROTA-web-e1584005233205.jpg\" alt class=\"img-responsive wp-image-4209\" srcset=\"https:\/\/exact.info\/wp-content\/uploads\/2020\/02\/SGE_Image_ROTA-web-e1584005233205-200x115.jpg 200w, https:\/\/exact.info\/wp-content\/uploads\/2020\/02\/SGE_Image_ROTA-web-e1584005233205-400x231.jpg 400w, https:\/\/exact.info\/wp-content\/uploads\/2020\/02\/SGE_Image_ROTA-web-e1584005233205-600x346.jpg 600w, https:\/\/exact.info\/wp-content\/uploads\/2020\/02\/SGE_Image_ROTA-web-e1584005233205.jpg 776w\" sizes=\"(max-width: 1024px) 100vw, (max-width: 640px) 100vw, 776px\" \/><\/a><\/span><\/div><div class=\"fusion-separator fusion-full-width-sep\" style=\"align-self: center;margin-left: auto;margin-right: auto;margin-top:10px;width:100%;\"><div class=\"fusion-separator-border sep-single\" style=\"--awb-height:20px;--awb-amount:20px;--awb-sep-color:#ffffff;border-color:#ffffff;border-top-width:1px;\"><\/div><\/div><div class=\"fusion-text fusion-text-4\"><h4 style=\"text-align: right;\"><a href=\"https:\/\/exact.info\/fr\/rotaplus\/\">En d\u00e9couvrir plus\u00a0 \u00a0\u00bb<\/a><\/h4>\n<\/div><\/div><\/div><div class=\"fusion-layout-column fusion_builder_column fusion-builder-column-2 fusion_builder_column_1_2 1_2 fusion-flex-column\" style=\"--awb-bg-size:cover;--awb-width-large:50%;--awb-margin-top-large:50px;--awb-spacing-right-large:3.84%;--awb-margin-bottom-large:20px;--awb-spacing-left-large:3.84%;--awb-width-medium:100%;--awb-spacing-right-medium:1.92%;--awb-spacing-left-medium:1.92%;--awb-width-small:100%;--awb-spacing-right-small:1.92%;--awb-spacing-left-small:1.92%;\"><div class=\"fusion-column-wrapper fusion-column-has-shadow fusion-flex-justify-content-flex-start fusion-content-layout-column\"><div class=\"fusion-text fusion-text-5\"><h4>ADVANCEDLine\u00ae by EXACT<\/h4>\n<\/div><div class=\"fusion-image-element \" style=\"--awb-caption-title-font-family:var(--h2_typography-font-family);--awb-caption-title-font-weight:var(--h2_typography-font-weight);--awb-caption-title-font-style:var(--h2_typography-font-style);--awb-caption-title-size:var(--h2_typography-font-size);--awb-caption-title-transform:var(--h2_typography-text-transform);--awb-caption-title-line-height:var(--h2_typography-line-height);--awb-caption-title-letter-spacing:var(--h2_typography-letter-spacing);\"><span class=\" fusion-imageframe imageframe-none imageframe-3 hover-type-none\"><a class=\"fusion-no-lightbox\" href=\"https:\/\/exact.info\/neuheiten\/advancedline\/\" target=\"_self\" aria-label=\"ADL_Cover-exact\"><img decoding=\"async\" width=\"600\" height=\"421\" src=\"https:\/\/exact.info\/wp-content\/uploads\/2020\/04\/ADL_Cover-exact.jpg\" alt class=\"img-responsive wp-image-4206\" srcset=\"https:\/\/exact.info\/wp-content\/uploads\/2020\/04\/ADL_Cover-exact-200x140.jpg 200w, https:\/\/exact.info\/wp-content\/uploads\/2020\/04\/ADL_Cover-exact-400x281.jpg 400w, https:\/\/exact.info\/wp-content\/uploads\/2020\/04\/ADL_Cover-exact.jpg 600w\" sizes=\"(max-width: 1024px) 100vw, (max-width: 640px) 100vw, 600px\" \/><\/a><\/span><\/div><div class=\"fusion-separator fusion-full-width-sep\" style=\"align-self: center;margin-left: auto;margin-right: auto;margin-top:10px;width:100%;\"><div class=\"fusion-separator-border sep-single\" style=\"--awb-height:20px;--awb-amount:20px;--awb-sep-color:#ffffff;border-color:#ffffff;border-top-width:1px;\"><\/div><\/div><div class=\"fusion-text fusion-text-6\"><h4 style=\"text-align: right;\"><a href=\"https:\/\/exact.info\/fr\/neuheiten\/advancedline-by-exact-2\/\">En d\u00e9couvrir plus\u00a0 \u00a0\u00bb<\/a><\/h4>\n<\/div><\/div><\/div><div class=\"fusion-layout-column fusion_builder_column fusion-builder-column-3 fusion_builder_column_1_2 1_2 fusion-flex-column\" style=\"--awb-bg-size:cover;--awb-width-large:50%;--awb-margin-top-large:50px;--awb-spacing-right-large:3.84%;--awb-margin-bottom-large:20px;--awb-spacing-left-large:3.84%;--awb-width-medium:100%;--awb-spacing-right-medium:1.92%;--awb-spacing-left-medium:1.92%;--awb-width-small:100%;--awb-spacing-right-small:1.92%;--awb-spacing-left-small:1.92%;\"><div class=\"fusion-column-wrapper fusion-column-has-shadow fusion-flex-justify-content-flex-start fusion-content-layout-column\"><div class=\"fusion-text fusion-text-7\"><h4>Rev\u00eatement Titan Pro<\/h4>\n<\/div><div class=\"fusion-image-element \" style=\"--awb-caption-title-font-family:var(--h2_typography-font-family);--awb-caption-title-font-weight:var(--h2_typography-font-weight);--awb-caption-title-font-style:var(--h2_typography-font-style);--awb-caption-title-size:var(--h2_typography-font-size);--awb-caption-title-transform:var(--h2_typography-text-transform);--awb-caption-title-line-height:var(--h2_typography-line-height);--awb-caption-title-letter-spacing:var(--h2_typography-letter-spacing);\"><span class=\" fusion-imageframe imageframe-none imageframe-4 hover-type-none\"><a class=\"fusion-no-lightbox\" href=\"https:\/\/exact.info\/fr\/titan-pro\/\" target=\"_self\" aria-label=\"EXACT_NANO_300dpi_quer_02\"><img decoding=\"async\" width=\"698\" height=\"476\" src=\"https:\/\/exact.info\/wp-content\/uploads\/2020\/01\/EXACT_NANO_300dpi_quer_02-e1587122761483.jpg\" alt class=\"img-responsive wp-image-4455\" srcset=\"https:\/\/exact.info\/wp-content\/uploads\/2020\/01\/EXACT_NANO_300dpi_quer_02-e1587122761483-200x136.jpg 200w, https:\/\/exact.info\/wp-content\/uploads\/2020\/01\/EXACT_NANO_300dpi_quer_02-e1587122761483-400x273.jpg 400w, https:\/\/exact.info\/wp-content\/uploads\/2020\/01\/EXACT_NANO_300dpi_quer_02-e1587122761483-600x409.jpg 600w, https:\/\/exact.info\/wp-content\/uploads\/2020\/01\/EXACT_NANO_300dpi_quer_02-e1587122761483.jpg 698w\" sizes=\"(max-width: 1024px) 100vw, (max-width: 640px) 100vw, 698px\" \/><\/a><\/span><\/div><div class=\"fusion-separator fusion-full-width-sep\" style=\"align-self: center;margin-left: auto;margin-right: auto;margin-top:10px;width:100%;\"><div class=\"fusion-separator-border sep-single\" style=\"--awb-height:20px;--awb-amount:20px;--awb-sep-color:#ffffff;border-color:#ffffff;border-top-width:1px;\"><\/div><\/div><div class=\"fusion-text fusion-text-8\"><h4 style=\"text-align: right;\"><a href=\"https:\/\/exact.info\/fr\/titan-pro\/\">En d\u00e9couvrir plus\u00a0 \u00a0\u00bb<\/a><\/h4>\n<\/div><\/div><\/div><div class=\"fusion-layout-column fusion_builder_column fusion-builder-column-4 fusion_builder_column_1_2 1_2 fusion-flex-column\" style=\"--awb-bg-size:cover;--awb-width-large:50%;--awb-margin-top-large:50px;--awb-spacing-right-large:3.84%;--awb-margin-bottom-large:20px;--awb-spacing-left-large:3.84%;--awb-width-medium:100%;--awb-spacing-right-medium:1.92%;--awb-spacing-left-medium:1.92%;--awb-width-small:100%;--awb-spacing-right-small:1.92%;--awb-spacing-left-small:1.92%;\"><div class=\"fusion-column-wrapper fusion-column-has-shadow fusion-flex-justify-content-flex-start fusion-content-layout-column\"><div class=\"fusion-text fusion-text-9\"><h4>Foret progressif \u00e0 t\u00f4le avec gorge spiral\u00e9e<\/h4>\n<\/div><div class=\"fusion-image-element \" style=\"--awb-caption-title-font-family:var(--h2_typography-font-family);--awb-caption-title-font-weight:var(--h2_typography-font-weight);--awb-caption-title-font-style:var(--h2_typography-font-style);--awb-caption-title-size:var(--h2_typography-font-size);--awb-caption-title-transform:var(--h2_typography-text-transform);--awb-caption-title-line-height:var(--h2_typography-line-height);--awb-caption-title-letter-spacing:var(--h2_typography-letter-spacing);\"><span class=\" fusion-imageframe imageframe-none imageframe-5 hover-type-none\"><a class=\"fusion-no-lightbox\" href=\"https:\/\/exact.info\/fr\/blechschaelbohrer-mit-spiralnute\/\" target=\"_self\" aria-label=\"BSB_Spirale_M-web\"><img decoding=\"async\" width=\"758\" height=\"509\" src=\"https:\/\/exact.info\/wp-content\/uploads\/2020\/03\/BSB_Spirale_M-web-e1585224351565.jpg\" alt class=\"img-responsive wp-image-4207\" srcset=\"https:\/\/exact.info\/wp-content\/uploads\/2020\/03\/BSB_Spirale_M-web-e1585224351565-200x134.jpg 200w, https:\/\/exact.info\/wp-content\/uploads\/2020\/03\/BSB_Spirale_M-web-e1585224351565-400x269.jpg 400w, https:\/\/exact.info\/wp-content\/uploads\/2020\/03\/BSB_Spirale_M-web-e1585224351565-600x403.jpg 600w, https:\/\/exact.info\/wp-content\/uploads\/2020\/03\/BSB_Spirale_M-web-e1585224351565.jpg 758w\" sizes=\"(max-width: 1024px) 100vw, (max-width: 640px) 100vw, 758px\" \/><\/a><\/span><\/div><div class=\"fusion-separator fusion-full-width-sep\" style=\"align-self: center;margin-left: auto;margin-right: auto;margin-top:10px;width:100%;\"><div class=\"fusion-separator-border sep-single\" style=\"--awb-height:20px;--awb-amount:20px;--awb-sep-color:#ffffff;border-color:#ffffff;border-top-width:1px;\"><\/div><\/div><div class=\"fusion-text fusion-text-10\"><h4 style=\"text-align: right;\"><a href=\"https:\/\/exact.info\/fr\/blechschaelbohrer-mit-spiralnute\/\">En d\u00e9couvrir plus\u00a0 \u00a0\u00bb<\/a><\/h4>\n<\/div><\/div><\/div><div class=\"fusion-layout-column fusion_builder_column fusion-builder-column-5 fusion_builder_column_1_2 1_2 fusion-flex-column\" style=\"--awb-bg-size:cover;--awb-width-large:50%;--awb-margin-top-large:50px;--awb-spacing-right-large:3.84%;--awb-margin-bottom-large:20px;--awb-spacing-left-large:3.84%;--awb-width-medium:100%;--awb-spacing-right-medium:1.92%;--awb-spacing-left-medium:1.92%;--awb-width-small:100%;--awb-spacing-right-small:1.92%;--awb-spacing-left-small:1.92%;\"><div class=\"fusion-column-wrapper fusion-column-has-shadow fusion-flex-justify-content-flex-start fusion-content-layout-column\"><div class=\"fusion-text fusion-text-11\"><h4>Forets \u00e9tag\u00e9s sp\u00e9ciaux pour le montage des glissi\u00e8res de s\u00e9curit\u00e9<\/h4>\n<\/div><div class=\"fusion-image-element \" style=\"--awb-caption-title-font-family:var(--h2_typography-font-family);--awb-caption-title-font-weight:var(--h2_typography-font-weight);--awb-caption-title-font-style:var(--h2_typography-font-style);--awb-caption-title-size:var(--h2_typography-font-size);--awb-caption-title-transform:var(--h2_typography-text-transform);--awb-caption-title-line-height:var(--h2_typography-line-height);--awb-caption-title-letter-spacing:var(--h2_typography-letter-spacing);\"><span class=\" fusion-imageframe imageframe-none imageframe-6 hover-type-none\"><a class=\"fusion-no-lightbox\" href=\"https:\/\/exact.info\/fr\/spezial-stufenbohrer-leitplankenmontage\/\" target=\"_self\" aria-label=\"Fotolia_2224031_L-web\"><img decoding=\"async\" width=\"762\" height=\"510\" src=\"https:\/\/exact.info\/wp-content\/uploads\/2020\/02\/Fotolia_2224031_L-web.jpg\" alt class=\"img-responsive wp-image-4208\" srcset=\"https:\/\/exact.info\/wp-content\/uploads\/2020\/02\/Fotolia_2224031_L-web-200x134.jpg 200w, https:\/\/exact.info\/wp-content\/uploads\/2020\/02\/Fotolia_2224031_L-web-400x268.jpg 400w, https:\/\/exact.info\/wp-content\/uploads\/2020\/02\/Fotolia_2224031_L-web-600x402.jpg 600w, https:\/\/exact.info\/wp-content\/uploads\/2020\/02\/Fotolia_2224031_L-web.jpg 762w\" sizes=\"(max-width: 1024px) 100vw, (max-width: 640px) 100vw, 600px\" \/><\/a><\/span><\/div><div class=\"fusion-separator fusion-full-width-sep\" style=\"align-self: center;margin-left: auto;margin-right: auto;margin-top:10px;width:100%;\"><div class=\"fusion-separator-border sep-single\" style=\"--awb-height:20px;--awb-amount:20px;--awb-sep-color:#ffffff;border-color:#ffffff;border-top-width:1px;\"><\/div><\/div><div class=\"fusion-text fusion-text-12\"><h4 style=\"text-align: right;\"><a href=\"https:\/\/exact.info\/fr\/spezial-stufenbohrer-leitplankenmontage\/\">En d\u00e9couvrir plus\u00a0 \u00a0\u00bb<\/a><\/h4>\n<\/div><\/div><\/div><\/div><\/div>\n","protected":false},"excerpt":{"rendered":"","protected":false},"author":2,"featured_media":0,"parent":4354,"menu_order":0,"comment_status":"closed","ping_status":"closed","template":"","meta":{"inline_featured_image":false,"footnotes":""},"class_list":["post-4205","page","type-page","status-publish","hentry"],"_links":{"self":[{"href":"https:\/\/exact.info\/fr\/wp-json\/wp\/v2\/pages\/4205","targetHints":{"allow":["GET"]}}],"collection":[{"href":"https:\/\/exact.info\/fr\/wp-json\/wp\/v2\/pages"}],"about":[{"href":"https:\/\/exact.info\/fr\/wp-json\/wp\/v2\/types\/page"}],"author":[{"embeddable":true,"href":"https:\/\/exact.info\/fr\/wp-json\/wp\/v2\/users\/2"}],"replies":[{"embeddable":true,"href":"https:\/\/exact.info\/fr\/wp-json\/wp\/v2\/comments?post=4205"}],"version-history":[{"count":8,"href":"https:\/\/exact.info\/fr\/wp-json\/wp\/v2\/pages\/4205\/revisions"}],"predecessor-version":[{"id":5447,"href":"https:\/\/exact.info\/fr\/wp-json\/wp\/v2\/pages\/4205\/revisions\/5447"}],"up":[{"embeddable":true,"href":"https:\/\/exact.info\/fr\/wp-json\/wp\/v2\/pages\/4354"}],"wp:attachment":[{"href":"https:\/\/exact.info\/fr\/wp-json\/wp\/v2\/media?parent=4205"}],"curies":[{"name":"wp","href":"https:\/\/api.w.org\/{rel}","templated":true}]}}