{"id":4059,"date":"2021-04-12T16:40:41","date_gmt":"2021-04-12T14:40:41","guid":{"rendered":"https:\/\/exact.info\/spiralbohrer-montage-set\/"},"modified":"2021-04-14T16:15:57","modified_gmt":"2021-04-14T14:15:57","slug":"spiralbohrer-montage-set","status":"publish","type":"page","link":"https:\/\/exact.info\/fr\/neuheiten\/spiralbohrer-montage-set\/","title":{"rendered":"Forets h\u00e9lico\u00efdaux \u2013 Kit de montage"},"content":{"rendered":"<p><div class=\"fusion-fullwidth fullwidth-box fusion-builder-row-1 fusion-flex-container nonhundred-percent-fullwidth non-hundred-percent-height-scrolling\" style=\"--awb-border-radius-top-left:0px;--awb-border-radius-top-right:0px;--awb-border-radius-bottom-right:0px;--awb-border-radius-bottom-left:0px;--awb-flex-wrap:wrap;\" ><div class=\"fusion-builder-row fusion-row fusion-flex-align-items-flex-start fusion-flex-content-wrap\" style=\"max-width:1248px;margin-left: calc(-4% \/ 2 );margin-right: calc(-4% \/ 2 );\"><div class=\"fusion-layout-column fusion_builder_column fusion-builder-column-0 fusion_builder_column_1_1 1_1 fusion-flex-column\" style=\"--awb-padding-bottom:10px;--awb-bg-size:cover;--awb-width-large:100%;--awb-margin-top-large:0px;--awb-spacing-right-large:1.92%;--awb-margin-bottom-large:20px;--awb-spacing-left-large:1.92%;--awb-width-medium:100%;--awb-spacing-right-medium:1.92%;--awb-spacing-left-medium:1.92%;--awb-width-small:100%;--awb-spacing-right-small:1.92%;--awb-spacing-left-small:1.92%;\"><div class=\"fusion-column-wrapper fusion-column-has-shadow fusion-flex-justify-content-flex-start fusion-content-layout-column\"><div class=\"fusion-image-element \" style=\"--awb-caption-title-font-family:var(--h2_typography-font-family);--awb-caption-title-font-weight:var(--h2_typography-font-weight);--awb-caption-title-font-style:var(--h2_typography-font-style);--awb-caption-title-size:var(--h2_typography-font-size);--awb-caption-title-transform:var(--h2_typography-text-transform);--awb-caption-title-line-height:var(--h2_typography-line-height);--awb-caption-title-letter-spacing:var(--h2_typography-letter-spacing);\"><span class=\" fusion-imageframe imageframe-none imageframe-1 hover-type-none\"><img decoding=\"async\" width=\"1651\" height=\"538\" title=\"Spibo_Banner-exact\" src=\"https:\/\/exact.info\/wp-content\/uploads\/2020\/03\/Spibo_Banner-exact.jpg\" alt class=\"img-responsive wp-image-4060\" srcset=\"https:\/\/exact.info\/wp-content\/uploads\/2020\/03\/Spibo_Banner-exact-200x65.jpg 200w, https:\/\/exact.info\/wp-content\/uploads\/2020\/03\/Spibo_Banner-exact-400x130.jpg 400w, https:\/\/exact.info\/wp-content\/uploads\/2020\/03\/Spibo_Banner-exact-600x196.jpg 600w, https:\/\/exact.info\/wp-content\/uploads\/2020\/03\/Spibo_Banner-exact-800x261.jpg 800w, https:\/\/exact.info\/wp-content\/uploads\/2020\/03\/Spibo_Banner-exact-1200x391.jpg 1200w, https:\/\/exact.info\/wp-content\/uploads\/2020\/03\/Spibo_Banner-exact.jpg 1651w\" sizes=\"(max-width: 1024px) 100vw, (max-width: 640px) 100vw, 1200px\" \/><\/span><\/div><\/div><\/div><\/div><\/div><div class=\"fusion-fullwidth fullwidth-box fusion-builder-row-2 fusion-flex-container nonhundred-percent-fullwidth non-hundred-percent-height-scrolling\" style=\"--awb-border-radius-top-left:0px;--awb-border-radius-top-right:0px;--awb-border-radius-bottom-right:0px;--awb-border-radius-bottom-left:0px;--awb-margin-top:40px;--awb-flex-wrap:wrap;\" ><div class=\"fusion-builder-row fusion-row fusion-flex-align-items-flex-start fusion-flex-content-wrap\" style=\"max-width:1248px;margin-left: calc(-4% \/ 2 );margin-right: calc(-4% \/ 2 );\"><div class=\"fusion-layout-column fusion_builder_column fusion-builder-column-1 fusion_builder_column_1_1 1_1 fusion-flex-column\" style=\"--awb-padding-top:20px;--awb-padding-right:20px;--awb-padding-bottom:40px;--awb-padding-left:20px;--awb-bg-color:#f3f1ed;--awb-bg-color-hover:#f3f1ed;--awb-bg-size:cover;--awb-width-large:100%;--awb-margin-top-large:0px;--awb-spacing-right-large:1.92%;--awb-margin-bottom-large:20px;--awb-spacing-left-large:1.92%;--awb-width-medium:100%;--awb-spacing-right-medium:1.92%;--awb-spacing-left-medium:1.92%;--awb-width-small:100%;--awb-spacing-right-small:1.92%;--awb-spacing-left-small:1.92%;\"><div class=\"fusion-column-wrapper fusion-column-has-shadow fusion-flex-justify-content-flex-start fusion-content-layout-column\"><div class=\"fusion-text fusion-text-1\"><h1 style=\"text-align: center;\"><b>Forets h\u00e9lico\u00efdaux <\/b><b>\u00ab\u00a0Kit de montage\u00a0\u00bb<\/b><\/h1>\n<div style=\"text-align: center;\">Forets h\u00e9lico\u00efdaux de grande performance de type UNI sp\u00e9cial pour un usage mobile et de parfaits r\u00e9sultats de per\u00e7age jusqu&rsquo;\u00e0 \u00d8 5,0 mm d&rsquo;\u00e9paisseur de mati\u00e8re.<\/div>\n<\/div><\/div><\/div><\/div><\/div><div class=\"fusion-fullwidth fullwidth-box fusion-builder-row-3 fusion-flex-container nonhundred-percent-fullwidth non-hundred-percent-height-scrolling\" style=\"--awb-border-radius-top-left:0px;--awb-border-radius-top-right:0px;--awb-border-radius-bottom-right:0px;--awb-border-radius-bottom-left:0px;--awb-margin-top:20px;--awb-flex-wrap:wrap;\" ><div class=\"fusion-builder-row fusion-row fusion-flex-align-items-flex-start fusion-flex-content-wrap\" style=\"max-width:1248px;margin-left: calc(-4% \/ 2 );margin-right: calc(-4% \/ 2 );\"><div class=\"fusion-layout-column fusion_builder_column fusion-builder-column-2 fusion_builder_column_1_1 1_1 fusion-flex-column\" style=\"--awb-bg-size:cover;--awb-width-large:100%;--awb-margin-top-large:0px;--awb-spacing-right-large:1.92%;--awb-margin-bottom-large:20px;--awb-spacing-left-large:1.92%;--awb-width-medium:100%;--awb-spacing-right-medium:1.92%;--awb-spacing-left-medium:1.92%;--awb-width-small:100%;--awb-spacing-right-small:1.92%;--awb-spacing-left-small:1.92%;\"><div class=\"fusion-column-wrapper fusion-column-has-shadow fusion-flex-justify-content-flex-start fusion-content-layout-column\"><div class=\"fusion-text fusion-text-2\"><h1>Forets h\u00e9lico\u00efdaux de grande performance<\/h1>\n<\/div><\/div><\/div><\/div><\/div><div class=\"fusion-fullwidth fullwidth-box fusion-builder-row-4 fusion-flex-container nonhundred-percent-fullwidth non-hundred-percent-height-scrolling\" style=\"--awb-border-radius-top-left:0px;--awb-border-radius-top-right:0px;--awb-border-radius-bottom-right:0px;--awb-border-radius-bottom-left:0px;--awb-margin-top:-40px;--awb-flex-wrap:wrap;\" ><div class=\"fusion-builder-row fusion-row fusion-flex-align-items-flex-start fusion-flex-content-wrap\" style=\"max-width:1248px;margin-left: calc(-4% \/ 2 );margin-right: calc(-4% \/ 2 );\"><div class=\"fusion-layout-column fusion_builder_column fusion-builder-column-3 fusion_builder_column_1_1 1_1 fusion-flex-column\" style=\"--awb-bg-size:cover;--awb-width-large:100%;--awb-margin-top-large:0px;--awb-spacing-right-large:1.92%;--awb-margin-bottom-large:20px;--awb-spacing-left-large:1.92%;--awb-width-medium:100%;--awb-spacing-right-medium:1.92%;--awb-spacing-left-medium:1.92%;--awb-width-small:100%;--awb-spacing-right-small:1.92%;--awb-spacing-left-small:1.92%;\"><div class=\"fusion-column-wrapper fusion-column-has-shadow fusion-flex-justify-content-flex-start fusion-content-layout-column\"><div class=\"fusion-text fusion-text-3\"><h6>Pour un usage mobile<\/h6>\n<\/div><\/div><\/div><\/div><\/div><div class=\"fusion-fullwidth fullwidth-box fusion-builder-row-5 fusion-flex-container nonhundred-percent-fullwidth non-hundred-percent-height-scrolling\" style=\"--awb-border-radius-top-left:0px;--awb-border-radius-top-right:0px;--awb-border-radius-bottom-right:0px;--awb-border-radius-bottom-left:0px;--awb-padding-top:20px;--awb-padding-right:20px;--awb-padding-left:20px;--awb-margin-top:-40px;--awb-background-color:#f3f1ed;--awb-flex-wrap:wrap;\" ><div class=\"fusion-builder-row fusion-row fusion-flex-align-items-flex-start fusion-flex-content-wrap\" style=\"max-width:1248px;margin-left: calc(-4% \/ 2 );margin-right: calc(-4% \/ 2 );\"><div class=\"fusion-layout-column fusion_builder_column fusion-builder-column-4 fusion_builder_column_1_2 1_2 fusion-flex-column\" style=\"--awb-bg-size:cover;--awb-width-large:50%;--awb-margin-top-large:0px;--awb-spacing-right-large:3.84%;--awb-margin-bottom-large:20px;--awb-spacing-left-large:3.84%;--awb-width-medium:100%;--awb-spacing-right-medium:1.92%;--awb-spacing-left-medium:1.92%;--awb-width-small:100%;--awb-spacing-right-small:1.92%;--awb-spacing-left-small:1.92%;\"><div class=\"fusion-column-wrapper fusion-column-has-shadow fusion-flex-justify-content-flex-start fusion-content-layout-column\"><div class=\"fusion-image-element \" style=\"text-align:center;--awb-max-width:150px;--awb-caption-title-font-family:var(--h2_typography-font-family);--awb-caption-title-font-weight:var(--h2_typography-font-weight);--awb-caption-title-font-style:var(--h2_typography-font-style);--awb-caption-title-size:var(--h2_typography-font-size);--awb-caption-title-transform:var(--h2_typography-text-transform);--awb-caption-title-line-height:var(--h2_typography-line-height);--awb-caption-title-letter-spacing:var(--h2_typography-letter-spacing);\"><span class=\" fusion-imageframe imageframe-none imageframe-2 hover-type-none\"><img decoding=\"async\" width=\"509\" height=\"752\" title=\"SET_ROSEBOX_SPIBO_25_CO5_retusche-exact\" src=\"https:\/\/exact.info\/wp-content\/uploads\/2020\/03\/SET_ROSEBOX_SPIBO_25_CO5_retusche-exact.png\" alt class=\"img-responsive wp-image-4062\" srcset=\"https:\/\/exact.info\/wp-content\/uploads\/2020\/03\/SET_ROSEBOX_SPIBO_25_CO5_retusche-exact-200x295.png 200w, https:\/\/exact.info\/wp-content\/uploads\/2020\/03\/SET_ROSEBOX_SPIBO_25_CO5_retusche-exact-400x591.png 400w, https:\/\/exact.info\/wp-content\/uploads\/2020\/03\/SET_ROSEBOX_SPIBO_25_CO5_retusche-exact.png 509w\" sizes=\"(max-width: 1024px) 100vw, (max-width: 640px) 100vw, 509px\" \/><\/span><\/div><\/div><\/div><div class=\"fusion-layout-column fusion_builder_column fusion-builder-column-5 fusion_builder_column_1_2 1_2 fusion-flex-column\" style=\"--awb-bg-size:cover;--awb-width-large:50%;--awb-margin-top-large:20px;--awb-spacing-right-large:3.84%;--awb-margin-bottom-large:20px;--awb-spacing-left-large:3.84%;--awb-width-medium:100%;--awb-spacing-right-medium:1.92%;--awb-spacing-left-medium:1.92%;--awb-width-small:100%;--awb-spacing-right-small:1.92%;--awb-spacing-left-small:1.92%;\"><div class=\"fusion-column-wrapper fusion-column-has-shadow fusion-flex-justify-content-flex-start fusion-content-layout-column\"><div class=\"fusion-text fusion-text-4\"><div>\n<p><b>Contenu\u00a0:<br \/>\n<\/b>Jeu de 24 forets h\u00e9lico\u00efdaux<br \/>\nDIN 338&nbsp; I&nbsp; TYP UNI&nbsp; I&nbsp; Version\u00a0: HSS-G<br \/>\n\u00d8 1 \u00e0 10,5 mm x 0,5 mm croissant<br \/>\n<span style=\"color: #ff0000;\"><strong>+ dimensions de trous de carottage<\/strong><\/span> pour tarauds \u00d8 3,3 I 4,2 I 6,8 I 10,2 mm<\/p>\n<\/div>\n<\/div><div class=\"fusion-text fusion-text-5 marker\"><div><\/div>\n<div><b>Avantages\u00a0:<\/b><\/div>\n<div>\n<p><b><\/b><strong><img decoding=\"async\" class=\"wp-image-1746 alignnone\" src=\"https:\/\/exact.info\/wp-content\/uploads\/2020\/04\/Icon_Plus-e1585815945743.png\" alt=\"\" width=\"12\" height=\"12\"\/><img\/><\/strong>La tige \u00e0 trois surfaces permet d&rsquo;avoir une excellente fixation dans le &nbsp;mandrin et un effort moindre. De plus, la tige permet &nbsp;une transmission optimale de la force et emp\u00eache tout glissement &nbsp;du foret\u00a0!<br \/>\n<strong><img decoding=\"async\" class=\"wp-image-1746 alignnone\" src=\"https:\/\/exact.info\/wp-content\/uploads\/2020\/04\/Icon_Plus-e1585815945743.png\" alt=\"\" width=\"12\" height=\"12\"\/><img\/>Un tranchant \u00e0 135\u00ba offre une tr\u00e8s grande pr\u00e9cision de centrage, particuli\u00e8rement pour les applications manuelles avec la visseuse sans fil. Le tranchant emp\u00eache tout glissement &nbsp;lors de l&rsquo;amorce de per\u00e7age de surfaces bomb\u00e9es.<\/strong><br \/>\n<strong><img decoding=\"async\" class=\"wp-image-1746 alignnone\" src=\"https:\/\/exact.info\/wp-content\/uploads\/2020\/04\/Icon_Plus-e1585815945743.png\" alt=\"\" width=\"12\" height=\"12\"\/><img\/> <\/strong>Gr\u00e2ce \u00e0 la diminution de la force de coupe, la dur\u00e9e de vie de la batterie est augment\u00e9e.<br \/>\n<strong><img decoding=\"async\" class=\"wp-image-1746 alignnone\" src=\"https:\/\/exact.info\/wp-content\/uploads\/2020\/04\/Icon_Plus-e1585815945743.png\" alt=\"\" width=\"12\" height=\"12\"\/><img\/> <\/strong>Le biseau noire augmente la r\u00e9sistance \u00e0 l&rsquo;usure et emp\u00eache les soudures \u00e0 froid et la formation d&rsquo;ar\u00eates rapport\u00e9es.<br \/>\n<strong><img decoding=\"async\" class=\"wp-image-1746 alignnone\" src=\"https:\/\/exact.info\/wp-content\/uploads\/2020\/04\/Icon_Plus-e1585815945743.png\" alt=\"\" width=\"12\" height=\"12\"\/><img\/> <\/strong>L&rsquo;angle de torsion de 40\u00ba permet d&rsquo;avoir une \u00e9vacuation de copeaux parfaite et rapide et d&rsquo;obtenir de grandes vitesses de coupe tout en conservant une stabilit\u00e9 et une pr\u00e9cision \u00e9lev\u00e9es.<\/p>\n<\/div>\n<\/div><\/div><\/div><\/div><\/div><div class=\"fusion-fullwidth fullwidth-box fusion-builder-row-6 fusion-flex-container nonhundred-percent-fullwidth non-hundred-percent-height-scrolling\" style=\"--awb-border-radius-top-left:0px;--awb-border-radius-top-right:0px;--awb-border-radius-bottom-right:0px;--awb-border-radius-bottom-left:0px;--awb-margin-top:50px;--awb-flex-wrap:wrap;\" ><div class=\"fusion-builder-row fusion-row fusion-flex-align-items-flex-start fusion-flex-content-wrap\" style=\"max-width:1248px;margin-left: calc(-4% \/ 2 );margin-right: calc(-4% \/ 2 );\"><div class=\"fusion-layout-column fusion_builder_column fusion-builder-column-6 fusion_builder_column_1_3 1_3 fusion-flex-column\" style=\"--awb-bg-size:cover;--awb-width-large:33.333333333333%;--awb-margin-top-large:0px;--awb-spacing-right-large:5.76%;--awb-margin-bottom-large:20px;--awb-spacing-left-large:5.76%;--awb-width-medium:100%;--awb-spacing-right-medium:1.92%;--awb-spacing-left-medium:1.92%;--awb-width-small:100%;--awb-spacing-right-small:1.92%;--awb-spacing-left-small:1.92%;\"><div class=\"fusion-column-wrapper fusion-column-has-shadow fusion-flex-justify-content-flex-start fusion-content-layout-column\"><div class=\"fusion-image-element \" style=\"--awb-caption-title-font-family:var(--h2_typography-font-family);--awb-caption-title-font-weight:var(--h2_typography-font-weight);--awb-caption-title-font-style:var(--h2_typography-font-style);--awb-caption-title-size:var(--h2_typography-font-size);--awb-caption-title-transform:var(--h2_typography-text-transform);--awb-caption-title-line-height:var(--h2_typography-line-height);--awb-caption-title-letter-spacing:var(--h2_typography-letter-spacing);\"><span class=\" fusion-imageframe imageframe-none imageframe-3 hover-type-none\"><img decoding=\"async\" width=\"1063\" height=\"801\" title=\"Spiralbohrer_Montage-Set_klein_unten_web-exact\" src=\"https:\/\/exact.info\/wp-content\/uploads\/2020\/03\/Spiralbohrer_Montage-Set_klein_unten_web-exact.jpg\" alt class=\"img-responsive wp-image-4063\" srcset=\"https:\/\/exact.info\/wp-content\/uploads\/2020\/03\/Spiralbohrer_Montage-Set_klein_unten_web-exact-200x151.jpg 200w, https:\/\/exact.info\/wp-content\/uploads\/2020\/03\/Spiralbohrer_Montage-Set_klein_unten_web-exact-400x301.jpg 400w, https:\/\/exact.info\/wp-content\/uploads\/2020\/03\/Spiralbohrer_Montage-Set_klein_unten_web-exact-600x452.jpg 600w, https:\/\/exact.info\/wp-content\/uploads\/2020\/03\/Spiralbohrer_Montage-Set_klein_unten_web-exact-800x603.jpg 800w, https:\/\/exact.info\/wp-content\/uploads\/2020\/03\/Spiralbohrer_Montage-Set_klein_unten_web-exact.jpg 1063w\" sizes=\"(max-width: 1024px) 100vw, (max-width: 640px) 100vw, 400px\" \/><\/span><\/div><div class=\"fusion-separator fusion-full-width-sep\" style=\"align-self: center;margin-left: auto;margin-right: auto;margin-top:10px;width:100%;\"><div class=\"fusion-separator-border sep-single\" style=\"--awb-height:20px;--awb-amount:20px;--awb-sep-color:#ffffff;border-color:#ffffff;border-top-width:2px;\"><\/div><\/div><div class=\"fusion-text fusion-text-6\"><p><b>Avec &nbsp;tige \u00e0 3 surfaces<\/b><\/p>\n<\/div><\/div><\/div><div class=\"fusion-layout-column fusion_builder_column fusion-builder-column-7 fusion_builder_column_1_3 1_3 fusion-flex-column\" style=\"--awb-bg-size:cover;--awb-width-large:33.333333333333%;--awb-margin-top-large:0px;--awb-spacing-right-large:5.76%;--awb-margin-bottom-large:20px;--awb-spacing-left-large:5.76%;--awb-width-medium:100%;--awb-spacing-right-medium:1.92%;--awb-spacing-left-medium:1.92%;--awb-width-small:100%;--awb-spacing-right-small:1.92%;--awb-spacing-left-small:1.92%;\"><div class=\"fusion-column-wrapper fusion-column-has-shadow fusion-flex-justify-content-flex-start fusion-content-layout-column\"><div class=\"fusion-image-element \" style=\"--awb-caption-title-font-family:var(--h2_typography-font-family);--awb-caption-title-font-weight:var(--h2_typography-font-weight);--awb-caption-title-font-style:var(--h2_typography-font-style);--awb-caption-title-size:var(--h2_typography-font-size);--awb-caption-title-transform:var(--h2_typography-text-transform);--awb-caption-title-line-height:var(--h2_typography-line-height);--awb-caption-title-letter-spacing:var(--h2_typography-letter-spacing);\"><span class=\" fusion-imageframe imageframe-none imageframe-4 hover-type-none\"><img decoding=\"async\" width=\"744\" height=\"561\" title=\"Zoom_Spibo-exact\" src=\"https:\/\/exact.info\/wp-content\/uploads\/2020\/03\/Zoom_Spibo-exact.jpg\" alt class=\"img-responsive wp-image-4061\" srcset=\"https:\/\/exact.info\/wp-content\/uploads\/2020\/03\/Zoom_Spibo-exact-200x151.jpg 200w, https:\/\/exact.info\/wp-content\/uploads\/2020\/03\/Zoom_Spibo-exact-400x302.jpg 400w, https:\/\/exact.info\/wp-content\/uploads\/2020\/03\/Zoom_Spibo-exact-600x452.jpg 600w, https:\/\/exact.info\/wp-content\/uploads\/2020\/03\/Zoom_Spibo-exact.jpg 744w\" sizes=\"(max-width: 1024px) 100vw, (max-width: 640px) 100vw, 400px\" \/><\/span><\/div><div class=\"fusion-separator fusion-full-width-sep\" style=\"align-self: center;margin-left: auto;margin-right: auto;margin-top:10px;width:100%;\"><div class=\"fusion-separator-border sep-single\" style=\"--awb-height:20px;--awb-amount:20px;--awb-sep-color:#ffffff;border-color:#ffffff;border-top-width:2px;\"><\/div><\/div><div class=\"fusion-text fusion-text-7\"><p><b>Y compris &nbsp;foret \u00e0 carotter<\/b><\/p>\n<\/div><\/div><\/div><div class=\"fusion-layout-column fusion_builder_column fusion-builder-column-8 fusion_builder_column_1_3 1_3 fusion-flex-column\" style=\"--awb-bg-size:cover;--awb-width-large:33.333333333333%;--awb-margin-top-large:0px;--awb-spacing-right-large:5.76%;--awb-margin-bottom-large:20px;--awb-spacing-left-large:5.76%;--awb-width-medium:100%;--awb-spacing-right-medium:1.92%;--awb-spacing-left-medium:1.92%;--awb-width-small:100%;--awb-spacing-right-small:1.92%;--awb-spacing-left-small:1.92%;\"><div class=\"fusion-column-wrapper fusion-column-has-shadow fusion-flex-justify-content-flex-start fusion-content-layout-column\"><div class=\"fusion-image-element \" style=\"--awb-caption-title-font-family:var(--h2_typography-font-family);--awb-caption-title-font-weight:var(--h2_typography-font-weight);--awb-caption-title-font-style:var(--h2_typography-font-style);--awb-caption-title-size:var(--h2_typography-font-size);--awb-caption-title-transform:var(--h2_typography-text-transform);--awb-caption-title-line-height:var(--h2_typography-line-height);--awb-caption-title-letter-spacing:var(--h2_typography-letter-spacing);\"><span class=\" fusion-imageframe imageframe-none imageframe-5 hover-type-none\"><img decoding=\"async\" width=\"1063\" height=\"801\" title=\"UNI_Lay_brown-exact\" src=\"https:\/\/exact.info\/wp-content\/uploads\/2020\/03\/UNI_Lay_brown-exact.jpg\" alt class=\"img-responsive wp-image-4064\" srcset=\"https:\/\/exact.info\/wp-content\/uploads\/2020\/03\/UNI_Lay_brown-exact-200x151.jpg 200w, https:\/\/exact.info\/wp-content\/uploads\/2020\/03\/UNI_Lay_brown-exact-400x301.jpg 400w, https:\/\/exact.info\/wp-content\/uploads\/2020\/03\/UNI_Lay_brown-exact-600x452.jpg 600w, https:\/\/exact.info\/wp-content\/uploads\/2020\/03\/UNI_Lay_brown-exact-800x603.jpg 800w, https:\/\/exact.info\/wp-content\/uploads\/2020\/03\/UNI_Lay_brown-exact.jpg 1063w\" sizes=\"(max-width: 1024px) 100vw, (max-width: 640px) 100vw, 400px\" \/><\/span><\/div><div class=\"fusion-separator fusion-full-width-sep\" style=\"align-self: center;margin-left: auto;margin-right: auto;margin-top:10px;width:100%;\"><div class=\"fusion-separator-border sep-single\" style=\"--awb-height:20px;--awb-amount:20px;--awb-sep-color:#ffffff;border-color:#ffffff;border-top-width:2px;\"><\/div><\/div><div class=\"fusion-text fusion-text-8\"><div>\n<p><b>&nbsp;Avec un meulage sp\u00e9cial<\/b><\/p>\n<\/div>\n<\/div><\/div><\/div><\/div><\/div><div class=\"fusion-fullwidth fullwidth-box fusion-builder-row-7 fusion-flex-container nonhundred-percent-fullwidth non-hundred-percent-height-scrolling\" style=\"--awb-border-radius-top-left:0px;--awb-border-radius-top-right:0px;--awb-border-radius-bottom-right:0px;--awb-border-radius-bottom-left:0px;--awb-flex-wrap:wrap;\" ><div class=\"fusion-builder-row fusion-row fusion-flex-align-items-flex-start fusion-flex-content-wrap\" style=\"max-width:1248px;margin-left: calc(-4% \/ 2 );margin-right: calc(-4% \/ 2 );\"><div class=\"fusion-layout-column fusion_builder_column fusion-builder-column-9 fusion_builder_column_1_6 1_6 fusion-flex-column\" style=\"--awb-bg-size:cover;--awb-width-large:16.666666666667%;--awb-margin-top-large:0px;--awb-spacing-right-large:11.52%;--awb-margin-bottom-large:20px;--awb-spacing-left-large:11.52%;--awb-width-medium:100%;--awb-spacing-right-medium:1.92%;--awb-spacing-left-medium:1.92%;--awb-width-small:100%;--awb-spacing-right-small:1.92%;--awb-spacing-left-small:1.92%;\"><div class=\"fusion-column-wrapper fusion-column-has-shadow fusion-flex-justify-content-flex-start fusion-content-layout-column\"><\/div><\/div><div class=\"fusion-layout-column fusion_builder_column fusion-builder-column-10 fusion_builder_column_2_3 2_3 fusion-flex-column\" style=\"--awb-bg-size:cover;--awb-width-large:66.666666666667%;--awb-margin-top-large:0px;--awb-spacing-right-large:2.88%;--awb-margin-bottom-large:20px;--awb-spacing-left-large:2.88%;--awb-width-medium:100%;--awb-spacing-right-medium:1.92%;--awb-spacing-left-medium:1.92%;--awb-width-small:100%;--awb-spacing-right-small:1.92%;--awb-spacing-left-small:1.92%;\"><div class=\"fusion-column-wrapper fusion-column-has-shadow fusion-flex-justify-content-flex-start fusion-content-layout-column\"><div style=\"text-align:center;\"><a class=\"fusion-button button-flat button-large button-custom fusion-button-default button-1 fusion-button-default-span \" style=\"--button_accent_color:#ffffff;--button_accent_hover_color:#ffffff;--button_border_hover_color:#ffffff;--button_gradient_top_color:#f44336;--button_gradient_bottom_color:#f44336;--button_gradient_top_color_hover:#f44336;--button_gradient_bottom_color_hover:#f44336;\" target=\"_blank\" rel=\"noopener noreferrer\" href=\"https:\/\/exact.info\/fr\/neuheiten\/spiralbohrer-montage-set\/spiralbohrer-montage-set-katalog\/\"><span class=\"fusion-button-text awb-button__text awb-button__text--default\">T\u00e9l\u00e9charger le prospectus d&rsquo;information<\/span><\/a><\/div><\/div><\/div><div class=\"fusion-layout-column fusion_builder_column fusion-builder-column-11 fusion_builder_column_1_6 1_6 fusion-flex-column\" style=\"--awb-bg-size:cover;--awb-width-large:16.666666666667%;--awb-margin-top-large:0px;--awb-spacing-right-large:11.52%;--awb-margin-bottom-large:20px;--awb-spacing-left-large:11.52%;--awb-width-medium:100%;--awb-spacing-right-medium:1.92%;--awb-spacing-left-medium:1.92%;--awb-width-small:100%;--awb-spacing-right-small:1.92%;--awb-spacing-left-small:1.92%;\"><div class=\"fusion-column-wrapper fusion-column-has-shadow fusion-flex-justify-content-flex-start fusion-content-layout-column\"><\/div><\/div><\/div><\/div><\/p>\n","protected":false},"excerpt":{"rendered":"","protected":false},"author":2,"featured_media":0,"parent":4340,"menu_order":0,"comment_status":"closed","ping_status":"closed","template":"","meta":{"inline_featured_image":false,"footnotes":""},"class_list":["post-4059","page","type-page","status-publish","hentry"],"_links":{"self":[{"href":"https:\/\/exact.info\/fr\/wp-json\/wp\/v2\/pages\/4059","targetHints":{"allow":["GET"]}}],"collection":[{"href":"https:\/\/exact.info\/fr\/wp-json\/wp\/v2\/pages"}],"about":[{"href":"https:\/\/exact.info\/fr\/wp-json\/wp\/v2\/types\/page"}],"author":[{"embeddable":true,"href":"https:\/\/exact.info\/fr\/wp-json\/wp\/v2\/users\/2"}],"replies":[{"embeddable":true,"href":"https:\/\/exact.info\/fr\/wp-json\/wp\/v2\/comments?post=4059"}],"version-history":[{"count":10,"href":"https:\/\/exact.info\/fr\/wp-json\/wp\/v2\/pages\/4059\/revisions"}],"predecessor-version":[{"id":4737,"href":"https:\/\/exact.info\/fr\/wp-json\/wp\/v2\/pages\/4059\/revisions\/4737"}],"up":[{"embeddable":true,"href":"https:\/\/exact.info\/fr\/wp-json\/wp\/v2\/pages\/4340"}],"wp:attachment":[{"href":"https:\/\/exact.info\/fr\/wp-json\/wp\/v2\/media?parent=4059"}],"curies":[{"name":"wp","href":"https:\/\/api.w.org\/{rel}","templated":true}]}}