{"id":4050,"date":"2021-04-12T16:40:37","date_gmt":"2021-04-12T14:40:37","guid":{"rendered":"https:\/\/exact.info\/gewindeschneidesortiment-gs52\/"},"modified":"2021-04-14T16:15:57","modified_gmt":"2021-04-14T14:15:57","slug":"gewindeschneidesortiment-gs52","status":"publish","type":"page","link":"https:\/\/exact.info\/fr\/neuheiten\/gewindeschneidesortiment-gs52\/","title":{"rendered":"Assortiment de tarauds GS52"},"content":{"rendered":"<p><div class=\"fusion-fullwidth fullwidth-box fusion-builder-row-1 fusion-flex-container nonhundred-percent-fullwidth non-hundred-percent-height-scrolling\" style=\"--awb-border-radius-top-left:0px;--awb-border-radius-top-right:0px;--awb-border-radius-bottom-right:0px;--awb-border-radius-bottom-left:0px;--awb-flex-wrap:wrap;\" ><div class=\"fusion-builder-row fusion-row fusion-flex-align-items-flex-start fusion-flex-content-wrap\" style=\"max-width:1248px;margin-left: calc(-4% \/ 2 );margin-right: calc(-4% \/ 2 );\"><div class=\"fusion-layout-column fusion_builder_column fusion-builder-column-0 fusion_builder_column_1_1 1_1 fusion-flex-column\" style=\"--awb-padding-bottom:10px;--awb-bg-size:cover;--awb-width-large:100%;--awb-margin-top-large:0px;--awb-spacing-right-large:1.92%;--awb-margin-bottom-large:20px;--awb-spacing-left-large:1.92%;--awb-width-medium:100%;--awb-spacing-right-medium:1.92%;--awb-spacing-left-medium:1.92%;--awb-width-small:100%;--awb-spacing-right-small:1.92%;--awb-spacing-left-small:1.92%;\"><div class=\"fusion-column-wrapper fusion-column-has-shadow fusion-flex-justify-content-flex-start fusion-content-layout-column\"><div class=\"fusion-image-element \" style=\"--awb-caption-title-font-family:var(--h2_typography-font-family);--awb-caption-title-font-weight:var(--h2_typography-font-weight);--awb-caption-title-font-style:var(--h2_typography-font-style);--awb-caption-title-size:var(--h2_typography-font-size);--awb-caption-title-transform:var(--h2_typography-text-transform);--awb-caption-title-line-height:var(--h2_typography-line-height);--awb-caption-title-letter-spacing:var(--h2_typography-letter-spacing);\"><span class=\" fusion-imageframe imageframe-none imageframe-1 hover-type-none\"><img decoding=\"async\" width=\"1400\" height=\"568\" title=\"GS52_Banner-exact\" src=\"https:\/\/exact.info\/wp-content\/uploads\/2020\/06\/GS52_Banner-exact.jpg\" alt class=\"img-responsive wp-image-4051\" srcset=\"https:\/\/exact.info\/wp-content\/uploads\/2020\/06\/GS52_Banner-exact-200x81.jpg 200w, https:\/\/exact.info\/wp-content\/uploads\/2020\/06\/GS52_Banner-exact-400x162.jpg 400w, https:\/\/exact.info\/wp-content\/uploads\/2020\/06\/GS52_Banner-exact-600x243.jpg 600w, https:\/\/exact.info\/wp-content\/uploads\/2020\/06\/GS52_Banner-exact-800x325.jpg 800w, https:\/\/exact.info\/wp-content\/uploads\/2020\/06\/GS52_Banner-exact-1200x487.jpg 1200w, https:\/\/exact.info\/wp-content\/uploads\/2020\/06\/GS52_Banner-exact.jpg 1400w\" sizes=\"(max-width: 1024px) 100vw, (max-width: 640px) 100vw, 1200px\" \/><\/span><\/div><\/div><\/div><\/div><\/div><div class=\"fusion-fullwidth fullwidth-box fusion-builder-row-2 fusion-flex-container nonhundred-percent-fullwidth non-hundred-percent-height-scrolling\" style=\"--awb-border-radius-top-left:0px;--awb-border-radius-top-right:0px;--awb-border-radius-bottom-right:0px;--awb-border-radius-bottom-left:0px;--awb-margin-top:40px;--awb-flex-wrap:wrap;\" ><div class=\"fusion-builder-row fusion-row fusion-flex-align-items-flex-start fusion-flex-content-wrap\" style=\"max-width:1248px;margin-left: calc(-4% \/ 2 );margin-right: calc(-4% \/ 2 );\"><div class=\"fusion-layout-column fusion_builder_column fusion-builder-column-1 fusion_builder_column_1_1 1_1 fusion-flex-column\" style=\"--awb-padding-top:20px;--awb-padding-right:20px;--awb-padding-bottom:40px;--awb-padding-left:20px;--awb-bg-color:#f3f1ed;--awb-bg-color-hover:#f3f1ed;--awb-bg-size:cover;--awb-width-large:100%;--awb-margin-top-large:0px;--awb-spacing-right-large:1.92%;--awb-margin-bottom-large:20px;--awb-spacing-left-large:1.92%;--awb-width-medium:100%;--awb-spacing-right-medium:1.92%;--awb-spacing-left-medium:1.92%;--awb-width-small:100%;--awb-spacing-right-small:1.92%;--awb-spacing-left-small:1.92%;\"><div class=\"fusion-column-wrapper fusion-column-has-shadow fusion-flex-justify-content-flex-start fusion-content-layout-column\"><div class=\"fusion-text fusion-text-1\"><h1 style=\"text-align: center;\"><b>ASSORTIMENT DE<\/b> <b>TARAUDS PREMIUM<\/b><\/h1>\n<p style=\"text-align: center;\">Assortiment d&rsquo;outils innovants avec de nombreux avantages et un rapport qualit\u00e9\/prix convaincant<\/p>\n<\/div><\/div><\/div><\/div><\/div><div class=\"fusion-fullwidth fullwidth-box fusion-builder-row-3 fusion-flex-container nonhundred-percent-fullwidth non-hundred-percent-height-scrolling\" style=\"--awb-border-radius-top-left:0px;--awb-border-radius-top-right:0px;--awb-border-radius-bottom-right:0px;--awb-border-radius-bottom-left:0px;--awb-margin-top:20px;--awb-flex-wrap:wrap;\" ><div class=\"fusion-builder-row fusion-row fusion-flex-align-items-flex-start fusion-flex-content-wrap\" style=\"max-width:1248px;margin-left: calc(-4% \/ 2 );margin-right: calc(-4% \/ 2 );\"><div class=\"fusion-layout-column fusion_builder_column fusion-builder-column-2 fusion_builder_column_1_1 1_1 fusion-flex-column\" style=\"--awb-bg-size:cover;--awb-width-large:100%;--awb-margin-top-large:0px;--awb-spacing-right-large:1.92%;--awb-margin-bottom-large:20px;--awb-spacing-left-large:1.92%;--awb-width-medium:100%;--awb-spacing-right-medium:1.92%;--awb-spacing-left-medium:1.92%;--awb-width-small:100%;--awb-spacing-right-small:1.92%;--awb-spacing-left-small:1.92%;\"><div class=\"fusion-column-wrapper fusion-column-has-shadow fusion-flex-justify-content-flex-start fusion-content-layout-column\"><div class=\"fusion-text fusion-text-2\"><h1>GS52<\/h1>\n<\/div><\/div><\/div><\/div><\/div><div class=\"fusion-fullwidth fullwidth-box fusion-builder-row-4 fusion-flex-container nonhundred-percent-fullwidth non-hundred-percent-height-scrolling\" style=\"--awb-border-radius-top-left:0px;--awb-border-radius-top-right:0px;--awb-border-radius-bottom-right:0px;--awb-border-radius-bottom-left:0px;--awb-margin-top:-40px;--awb-flex-wrap:wrap;\" ><div class=\"fusion-builder-row fusion-row fusion-flex-align-items-flex-start fusion-flex-content-wrap\" style=\"max-width:1248px;margin-left: calc(-4% \/ 2 );margin-right: calc(-4% \/ 2 );\"><div class=\"fusion-layout-column fusion_builder_column fusion-builder-column-3 fusion_builder_column_1_1 1_1 fusion-flex-column\" style=\"--awb-bg-size:cover;--awb-width-large:100%;--awb-margin-top-large:0px;--awb-spacing-right-large:1.92%;--awb-margin-bottom-large:20px;--awb-spacing-left-large:1.92%;--awb-width-medium:100%;--awb-spacing-right-medium:1.92%;--awb-spacing-left-medium:1.92%;--awb-width-small:100%;--awb-spacing-right-small:1.92%;--awb-spacing-left-small:1.92%;\"><div class=\"fusion-column-wrapper fusion-column-has-shadow fusion-flex-justify-content-flex-start fusion-content-layout-column\"><div class=\"fusion-text fusion-text-3\"><h6>Pour taraudages et filetages<\/h6>\n<\/div><\/div><\/div><\/div><\/div><div class=\"fusion-fullwidth fullwidth-box fusion-builder-row-5 fusion-flex-container nonhundred-percent-fullwidth non-hundred-percent-height-scrolling\" style=\"--awb-border-radius-top-left:0px;--awb-border-radius-top-right:0px;--awb-border-radius-bottom-right:0px;--awb-border-radius-bottom-left:0px;--awb-padding-top:20px;--awb-padding-right:20px;--awb-padding-left:20px;--awb-margin-top:-40px;--awb-background-color:#f3f1ed;--awb-flex-wrap:wrap;\" ><div class=\"fusion-builder-row fusion-row fusion-flex-align-items-flex-start fusion-flex-content-wrap\" style=\"max-width:1248px;margin-left: calc(-4% \/ 2 );margin-right: calc(-4% \/ 2 );\"><div class=\"fusion-layout-column fusion_builder_column fusion-builder-column-4 fusion_builder_column_1_2 1_2 fusion-flex-column\" style=\"--awb-padding-left:30px;--awb-bg-size:cover;--awb-width-large:50%;--awb-margin-top-large:30px;--awb-spacing-right-large:3.84%;--awb-margin-bottom-large:20px;--awb-spacing-left-large:3.84%;--awb-width-medium:100%;--awb-spacing-right-medium:1.92%;--awb-spacing-left-medium:1.92%;--awb-width-small:100%;--awb-spacing-right-small:1.92%;--awb-spacing-left-small:1.92%;\"><div class=\"fusion-column-wrapper fusion-column-has-shadow fusion-flex-justify-content-flex-start fusion-content-layout-column\"><div class=\"fusion-image-element \" style=\"--awb-caption-title-font-family:var(--h2_typography-font-family);--awb-caption-title-font-weight:var(--h2_typography-font-weight);--awb-caption-title-font-style:var(--h2_typography-font-style);--awb-caption-title-size:var(--h2_typography-font-size);--awb-caption-title-transform:var(--h2_typography-text-transform);--awb-caption-title-line-height:var(--h2_typography-line-height);--awb-caption-title-letter-spacing:var(--h2_typography-letter-spacing);\"><span class=\" fusion-imageframe imageframe-none imageframe-2 hover-type-none\"><img decoding=\"async\" width=\"540\" height=\"656\" title=\"gewindeschneidesortiment-exact\" src=\"https:\/\/exact.info\/wp-content\/uploads\/2020\/05\/gewindeschneidesortiment-exact.png\" alt class=\"img-responsive wp-image-4057\" srcset=\"https:\/\/exact.info\/wp-content\/uploads\/2020\/05\/gewindeschneidesortiment-exact-200x243.png 200w, https:\/\/exact.info\/wp-content\/uploads\/2020\/05\/gewindeschneidesortiment-exact-400x486.png 400w, https:\/\/exact.info\/wp-content\/uploads\/2020\/05\/gewindeschneidesortiment-exact.png 540w\" sizes=\"(max-width: 1024px) 100vw, (max-width: 640px) 100vw, 540px\" \/><\/span><\/div><\/div><\/div><div class=\"fusion-layout-column fusion_builder_column fusion-builder-column-5 fusion_builder_column_1_2 1_2 fusion-flex-column\" style=\"--awb-bg-size:cover;--awb-width-large:50%;--awb-margin-top-large:0px;--awb-spacing-right-large:3.84%;--awb-margin-bottom-large:20px;--awb-spacing-left-large:3.84%;--awb-width-medium:100%;--awb-spacing-right-medium:1.92%;--awb-spacing-left-medium:1.92%;--awb-width-small:100%;--awb-spacing-right-small:1.92%;--awb-spacing-left-small:1.92%;\"><div class=\"fusion-column-wrapper fusion-column-has-shadow fusion-flex-justify-content-flex-start fusion-content-layout-column\"><div class=\"fusion-text fusion-text-4 marker noborder\"><p><strong>Solution compacte \u00e0 52 pi\u00e8ces pour la taille de taraudages et filetages (M3 \u2013 M12)<\/strong><\/p>\n<p style=\"margin-bottom: 0px;\"><b>Contenu\u00a0:<br \/>\n<\/b><\/p>\n<ul style=\"margin-top: 0px;\">\n<li>Tarauds \u00e0 main (\u00e9baucheurs, tarauds interm\u00e9diaires, tarauds de finition) DIN 352,\u00a0&nbsp; M3 I M4 I M5 I M6 I M8 I M10 I M12<\/li>\n<li>Fili\u00e8res DIN 223, M3 I M4 I M5 I M6 I M8 I M10 I M12<\/li>\n<li>Guides DIN 223, M3 I M4 I M5 I M6 I M8 I M10 I M12<\/li>\n<li>Porte-fili\u00e8re GD DIN 225, 20&#215;5 I 20&#215;7 I 25&#215;9 I 30&#215;11 I 38&#215;14<\/li>\n<li>Tourne-\u00e0-gauche r\u00e9glable DIN 1814, Taille 1+2<\/li>\n<li><span style=\"letter-spacing: -0.25px;\">Foret \u00e0 carotter DIN 338, 2,5 I 3,3 I 4,2 I 5,0 I 6,8 I 8,5 I 10,2 mm<\/span><\/li>\n<li>Porte-outil Taille 1<\/li>\n<li>Calibre de filetage<\/li>\n<li>Tournevis<\/li>\n<li>Manuel du taraudage EXACT<\/li>\n<\/ul>\n<\/div><div class=\"fusion-text fusion-text-5 marker\" id=\"paddingLeft\"><p><b>Avantages\u00a0:<br \/>\n<\/b><strong><img decoding=\"async\" class=\"wp-image-1746 alignnone\" src=\"https:\/\/exact.info\/wp-content\/uploads\/2020\/04\/Icon_Plus-e1585815945743.png\" alt=\"\" width=\"12\" height=\"12\"\/><img\/> <\/strong>Concept d&rsquo;outils optimis\u00e9<br \/>\n<img decoding=\"async\" class=\"wp-image-1746 alignnone\" src=\"https:\/\/exact.info\/wp-content\/uploads\/2020\/04\/Icon_Plus-e1585815945743.png\" alt=\"\" width=\"12\" height=\"12\"\/><img\/> Design de produits innovant<br \/>\n<img decoding=\"async\" class=\"wp-image-1746 alignnone\" src=\"https:\/\/exact.info\/wp-content\/uploads\/2020\/04\/Icon_Plus-e1585815945743.png\" alt=\"\" width=\"12\" height=\"12\"\/><img\/> Empreintes en mousse amovibles<br \/>\n<img decoding=\"async\" class=\"wp-image-1746 alignnone\" src=\"https:\/\/exact.info\/wp-content\/uploads\/2020\/04\/Icon_Plus-e1585815945743.png\" alt=\"\" width=\"12\" height=\"12\"\/><img\/> Coffret antid\u00e9rapant et empilable<\/p>\n<\/div><\/div><\/div><\/div><\/div><div class=\"fusion-fullwidth fullwidth-box fusion-builder-row-6 fusion-flex-container nonhundred-percent-fullwidth non-hundred-percent-height-scrolling\" style=\"--awb-border-radius-top-left:0px;--awb-border-radius-top-right:0px;--awb-border-radius-bottom-right:0px;--awb-border-radius-bottom-left:0px;--awb-margin-top:50px;--awb-flex-wrap:wrap;\" ><div class=\"fusion-builder-row fusion-row fusion-flex-align-items-flex-start fusion-flex-content-wrap\" style=\"max-width:1248px;margin-left: calc(-4% \/ 2 );margin-right: calc(-4% \/ 2 );\"><div class=\"fusion-layout-column fusion_builder_column fusion-builder-column-6 fusion_builder_column_1_3 1_3 fusion-flex-column\" style=\"--awb-bg-size:cover;--awb-width-large:33.333333333333%;--awb-margin-top-large:0px;--awb-spacing-right-large:5.76%;--awb-margin-bottom-large:20px;--awb-spacing-left-large:5.76%;--awb-width-medium:100%;--awb-spacing-right-medium:1.92%;--awb-spacing-left-medium:1.92%;--awb-width-small:100%;--awb-spacing-right-small:1.92%;--awb-spacing-left-small:1.92%;\"><div class=\"fusion-column-wrapper fusion-column-has-shadow fusion-flex-justify-content-flex-start fusion-content-layout-column\"><div class=\"fusion-image-element \" style=\"--awb-caption-title-font-family:var(--h2_typography-font-family);--awb-caption-title-font-weight:var(--h2_typography-font-weight);--awb-caption-title-font-style:var(--h2_typography-font-style);--awb-caption-title-size:var(--h2_typography-font-size);--awb-caption-title-transform:var(--h2_typography-text-transform);--awb-caption-title-line-height:var(--h2_typography-line-height);--awb-caption-title-letter-spacing:var(--h2_typography-letter-spacing);\"><span class=\" fusion-imageframe imageframe-none imageframe-3 hover-type-none\"><img decoding=\"async\" width=\"850\" height=\"640\" title=\"Kofferdetail-exact\" src=\"https:\/\/exact.info\/wp-content\/uploads\/2020\/03\/Kofferdetail-exact.jpg\" alt class=\"img-responsive wp-image-4054\" srcset=\"https:\/\/exact.info\/wp-content\/uploads\/2020\/03\/Kofferdetail-exact-200x151.jpg 200w, https:\/\/exact.info\/wp-content\/uploads\/2020\/03\/Kofferdetail-exact-400x301.jpg 400w, https:\/\/exact.info\/wp-content\/uploads\/2020\/03\/Kofferdetail-exact-600x452.jpg 600w, https:\/\/exact.info\/wp-content\/uploads\/2020\/03\/Kofferdetail-exact-800x602.jpg 800w, https:\/\/exact.info\/wp-content\/uploads\/2020\/03\/Kofferdetail-exact.jpg 850w\" sizes=\"(max-width: 1024px) 100vw, (max-width: 640px) 100vw, 400px\" \/><\/span><\/div><div class=\"fusion-separator fusion-full-width-sep\" style=\"align-self: center;margin-left: auto;margin-right: auto;margin-top:10px;width:100%;\"><div class=\"fusion-separator-border sep-single\" style=\"--awb-height:20px;--awb-amount:20px;--awb-sep-color:#ffffff;border-color:#ffffff;border-top-width:2px;\"><\/div><\/div><div class=\"fusion-text fusion-text-6\"><div>\n<p><b>Fermetures stables<\/b><\/p>\n<\/div>\n<\/div><\/div><\/div><div class=\"fusion-layout-column fusion_builder_column fusion-builder-column-7 fusion_builder_column_1_3 1_3 fusion-flex-column\" style=\"--awb-bg-size:cover;--awb-width-large:33.333333333333%;--awb-margin-top-large:0px;--awb-spacing-right-large:5.76%;--awb-margin-bottom-large:20px;--awb-spacing-left-large:5.76%;--awb-width-medium:100%;--awb-spacing-right-medium:1.92%;--awb-spacing-left-medium:1.92%;--awb-width-small:100%;--awb-spacing-right-small:1.92%;--awb-spacing-left-small:1.92%;\"><div class=\"fusion-column-wrapper fusion-column-has-shadow fusion-flex-justify-content-flex-start fusion-content-layout-column\"><div class=\"fusion-image-element \" style=\"--awb-caption-title-font-family:var(--h2_typography-font-family);--awb-caption-title-font-weight:var(--h2_typography-font-weight);--awb-caption-title-font-style:var(--h2_typography-font-style);--awb-caption-title-size:var(--h2_typography-font-size);--awb-caption-title-transform:var(--h2_typography-text-transform);--awb-caption-title-line-height:var(--h2_typography-line-height);--awb-caption-title-letter-spacing:var(--h2_typography-letter-spacing);\"><span class=\" fusion-imageframe imageframe-none imageframe-4 hover-type-none\"><img decoding=\"async\" width=\"663\" height=\"500\" title=\"Kofferdetail2\" src=\"https:\/\/exact.info\/wp-content\/uploads\/2020\/03\/Kofferdetail2.jpg\" alt class=\"img-responsive wp-image-4056\" srcset=\"https:\/\/exact.info\/wp-content\/uploads\/2020\/03\/Kofferdetail2-200x151.jpg 200w, https:\/\/exact.info\/wp-content\/uploads\/2020\/03\/Kofferdetail2-400x302.jpg 400w, https:\/\/exact.info\/wp-content\/uploads\/2020\/03\/Kofferdetail2-600x452.jpg 600w, https:\/\/exact.info\/wp-content\/uploads\/2020\/03\/Kofferdetail2.jpg 663w\" sizes=\"(max-width: 1024px) 100vw, (max-width: 640px) 100vw, 400px\" \/><\/span><\/div><div class=\"fusion-separator fusion-full-width-sep\" style=\"align-self: center;margin-left: auto;margin-right: auto;margin-top:10px;width:100%;\"><div class=\"fusion-separator-border sep-single\" style=\"--awb-height:20px;--awb-amount:20px;--awb-sep-color:#ffffff;border-color:#ffffff;border-top-width:2px;\"><\/div><\/div><div class=\"fusion-text fusion-text-7\"><div>\n<p><b>Les outils &nbsp;sont &nbsp;parfaitement &nbsp;<wbr\/>prot\u00e9g\u00e9s<\/b><\/p>\n<\/div>\n<\/div><\/div><\/div><div class=\"fusion-layout-column fusion_builder_column fusion-builder-column-8 fusion_builder_column_1_3 1_3 fusion-flex-column\" style=\"--awb-bg-size:cover;--awb-width-large:33.333333333333%;--awb-margin-top-large:0px;--awb-spacing-right-large:5.76%;--awb-margin-bottom-large:20px;--awb-spacing-left-large:5.76%;--awb-width-medium:100%;--awb-spacing-right-medium:1.92%;--awb-spacing-left-medium:1.92%;--awb-width-small:100%;--awb-spacing-right-small:1.92%;--awb-spacing-left-small:1.92%;\"><div class=\"fusion-column-wrapper fusion-column-has-shadow fusion-flex-justify-content-flex-start fusion-content-layout-column\"><div class=\"fusion-image-element \" style=\"--awb-caption-title-font-family:var(--h2_typography-font-family);--awb-caption-title-font-weight:var(--h2_typography-font-weight);--awb-caption-title-font-style:var(--h2_typography-font-style);--awb-caption-title-size:var(--h2_typography-font-size);--awb-caption-title-transform:var(--h2_typography-text-transform);--awb-caption-title-line-height:var(--h2_typography-line-height);--awb-caption-title-letter-spacing:var(--h2_typography-letter-spacing);\"><span class=\" fusion-imageframe imageframe-none imageframe-5 hover-type-none\"><img decoding=\"async\" width=\"691\" height=\"521\" title=\"Kofferdetail3-exact\" src=\"https:\/\/exact.info\/wp-content\/uploads\/2020\/03\/Kofferdetail3-exact.jpg\" alt class=\"img-responsive wp-image-4055\" srcset=\"https:\/\/exact.info\/wp-content\/uploads\/2020\/03\/Kofferdetail3-exact-200x151.jpg 200w, https:\/\/exact.info\/wp-content\/uploads\/2020\/03\/Kofferdetail3-exact-400x302.jpg 400w, https:\/\/exact.info\/wp-content\/uploads\/2020\/03\/Kofferdetail3-exact-600x452.jpg 600w, https:\/\/exact.info\/wp-content\/uploads\/2020\/03\/Kofferdetail3-exact.jpg 691w\" sizes=\"(max-width: 1024px) 100vw, (max-width: 640px) 100vw, 400px\" \/><\/span><\/div><div class=\"fusion-separator fusion-full-width-sep\" style=\"align-self: center;margin-left: auto;margin-right: auto;margin-top:10px;width:100%;\"><div class=\"fusion-separator-border sep-single\" style=\"--awb-height:20px;--awb-amount:20px;--awb-sep-color:#ffffff;border-color:#ffffff;border-top-width:2px;\"><\/div><\/div><div class=\"fusion-text fusion-text-8\"><div><b>&nbsp;<\/b><b>Empreintes en mousse &nbsp;bicolores<\/b><\/div>\n<\/div><\/div><\/div><\/div><\/div><div class=\"fusion-fullwidth fullwidth-box fusion-builder-row-7 fusion-flex-container nonhundred-percent-fullwidth non-hundred-percent-height-scrolling\" style=\"--awb-border-radius-top-left:0px;--awb-border-radius-top-right:0px;--awb-border-radius-bottom-right:0px;--awb-border-radius-bottom-left:0px;--awb-flex-wrap:wrap;\" ><div class=\"fusion-builder-row fusion-row fusion-flex-align-items-flex-start fusion-flex-content-wrap\" style=\"max-width:1248px;margin-left: calc(-4% \/ 2 );margin-right: calc(-4% \/ 2 );\"><div class=\"fusion-layout-column fusion_builder_column fusion-builder-column-9 fusion_builder_column_1_6 1_6 fusion-flex-column\" style=\"--awb-bg-size:cover;--awb-width-large:16.666666666667%;--awb-margin-top-large:0px;--awb-spacing-right-large:11.52%;--awb-margin-bottom-large:20px;--awb-spacing-left-large:11.52%;--awb-width-medium:100%;--awb-spacing-right-medium:1.92%;--awb-spacing-left-medium:1.92%;--awb-width-small:100%;--awb-spacing-right-small:1.92%;--awb-spacing-left-small:1.92%;\"><div class=\"fusion-column-wrapper fusion-column-has-shadow fusion-flex-justify-content-flex-start fusion-content-layout-column\"><\/div><\/div><div class=\"fusion-layout-column fusion_builder_column fusion-builder-column-10 fusion_builder_column_2_3 2_3 fusion-flex-column\" style=\"--awb-bg-size:cover;--awb-width-large:66.666666666667%;--awb-margin-top-large:0px;--awb-spacing-right-large:2.88%;--awb-margin-bottom-large:20px;--awb-spacing-left-large:2.88%;--awb-width-medium:100%;--awb-spacing-right-medium:1.92%;--awb-spacing-left-medium:1.92%;--awb-width-small:100%;--awb-spacing-right-small:1.92%;--awb-spacing-left-small:1.92%;\"><div class=\"fusion-column-wrapper fusion-column-has-shadow fusion-flex-justify-content-flex-start fusion-content-layout-column\"><div style=\"text-align:center;\"><a class=\"fusion-button button-flat button-large button-custom fusion-button-default button-1 fusion-button-default-span \" style=\"--button_accent_color:#ffffff;--button_accent_hover_color:#ffffff;--button_border_hover_color:#ffffff;--button_gradient_top_color:#f44336;--button_gradient_bottom_color:#f44336;--button_gradient_top_color_hover:#f44336;--button_gradient_bottom_color_hover:#f44336;\" target=\"_blank\" rel=\"noopener noreferrer\" href=\"https:\/\/exact.info\/fr\/neuheiten\/gewindeschneidesortiment-gs52\/gewindeschneidesortiment-gs52-katalog\/\"><span class=\"fusion-button-text awb-button__text awb-button__text--default\">T\u00e9l\u00e9charger le prospectus d&rsquo;information<\/span><\/a><\/div><\/div><\/div><div class=\"fusion-layout-column fusion_builder_column fusion-builder-column-11 fusion_builder_column_1_6 1_6 fusion-flex-column\" style=\"--awb-bg-size:cover;--awb-width-large:16.666666666667%;--awb-margin-top-large:0px;--awb-spacing-right-large:11.52%;--awb-margin-bottom-large:20px;--awb-spacing-left-large:11.52%;--awb-width-medium:100%;--awb-spacing-right-medium:1.92%;--awb-spacing-left-medium:1.92%;--awb-width-small:100%;--awb-spacing-right-small:1.92%;--awb-spacing-left-small:1.92%;\"><div class=\"fusion-column-wrapper fusion-column-has-shadow fusion-flex-justify-content-flex-start fusion-content-layout-column\"><\/div><\/div><\/div><\/div><\/p>\n","protected":false},"excerpt":{"rendered":"","protected":false},"author":2,"featured_media":0,"parent":4340,"menu_order":0,"comment_status":"closed","ping_status":"closed","template":"","meta":{"inline_featured_image":false,"footnotes":""},"class_list":["post-4050","page","type-page","status-publish","hentry"],"_links":{"self":[{"href":"https:\/\/exact.info\/fr\/wp-json\/wp\/v2\/pages\/4050","targetHints":{"allow":["GET"]}}],"collection":[{"href":"https:\/\/exact.info\/fr\/wp-json\/wp\/v2\/pages"}],"about":[{"href":"https:\/\/exact.info\/fr\/wp-json\/wp\/v2\/types\/page"}],"author":[{"embeddable":true,"href":"https:\/\/exact.info\/fr\/wp-json\/wp\/v2\/users\/2"}],"replies":[{"embeddable":true,"href":"https:\/\/exact.info\/fr\/wp-json\/wp\/v2\/comments?post=4050"}],"version-history":[{"count":10,"href":"https:\/\/exact.info\/fr\/wp-json\/wp\/v2\/pages\/4050\/revisions"}],"predecessor-version":[{"id":4739,"href":"https:\/\/exact.info\/fr\/wp-json\/wp\/v2\/pages\/4050\/revisions\/4739"}],"up":[{"embeddable":true,"href":"https:\/\/exact.info\/fr\/wp-json\/wp\/v2\/pages\/4340"}],"wp:attachment":[{"href":"https:\/\/exact.info\/fr\/wp-json\/wp\/v2\/media?parent=4050"}],"curies":[{"name":"wp","href":"https:\/\/api.w.org\/{rel}","templated":true}]}}