{"id":4047,"date":"2021-04-12T16:40:35","date_gmt":"2021-04-12T14:40:35","guid":{"rendered":"https:\/\/exact.info\/unsere-marken\/"},"modified":"2021-04-14T16:15:57","modified_gmt":"2021-04-14T14:15:57","slug":"unsere-marken","status":"publish","type":"page","link":"https:\/\/exact.info\/fr\/produkte\/unsere-marken\/","title":{"rendered":"Nos marques"},"content":{"rendered":"<p><div class=\"fusion-fullwidth fullwidth-box fusion-builder-row-1 fusion-flex-container nonhundred-percent-fullwidth non-hundred-percent-height-scrolling\" style=\"--awb-border-radius-top-left:0px;--awb-border-radius-top-right:0px;--awb-border-radius-bottom-right:0px;--awb-border-radius-bottom-left:0px;--awb-padding-top:30px;--awb-padding-right:30px;--awb-padding-bottom:30px;--awb-padding-left:30px;--awb-flex-wrap:wrap;\" ><div class=\"fusion-builder-row fusion-row fusion-flex-align-items-flex-start fusion-flex-content-wrap\" style=\"max-width:1248px;margin-left: calc(-4% \/ 2 );margin-right: calc(-4% \/ 2 );\"><div class=\"fusion-layout-column fusion_builder_column fusion-builder-column-0 fusion_builder_column_1_1 1_1 fusion-flex-column\" style=\"--awb-bg-size:cover;--awb-width-large:100%;--awb-margin-top-large:0px;--awb-spacing-right-large:1.92%;--awb-margin-bottom-large:20px;--awb-spacing-left-large:1.92%;--awb-width-medium:100%;--awb-spacing-right-medium:1.92%;--awb-spacing-left-medium:1.92%;--awb-width-small:100%;--awb-spacing-right-small:1.92%;--awb-spacing-left-small:1.92%;\"><div class=\"fusion-column-wrapper fusion-column-has-shadow fusion-flex-justify-content-flex-start fusion-content-layout-column\"><div class=\"fusion-text fusion-text-1\"><h2 style=\"text-align: center;\">Des marques fortes ou une affirmation individuelle<\/h2>\n<\/div><\/div><\/div><div class=\"fusion-layout-column fusion_builder_column fusion-builder-column-1 fusion_builder_column_2_3 2_3 fusion-flex-column\" style=\"--awb-bg-size:cover;--awb-width-large:66.666666666667%;--awb-margin-top-large:0px;--awb-spacing-right-large:2.88%;--awb-margin-bottom-large:20px;--awb-spacing-left-large:2.88%;--awb-width-medium:100%;--awb-spacing-right-medium:1.92%;--awb-spacing-left-medium:1.92%;--awb-width-small:100%;--awb-spacing-right-small:1.92%;--awb-spacing-left-small:1.92%;\"><div class=\"fusion-column-wrapper fusion-column-has-shadow fusion-flex-justify-content-flex-start fusion-content-layout-column\"><div class=\"fusion-text fusion-text-2\"><p>Profitez de nos <strong>comp\u00e9tences de fabricant et de prestataire de services<\/strong>. Nous sommes votre partenaire en mati\u00e8re d&rsquo;outils de pr\u00e9cision de grande qualit\u00e9, de solutions de rev\u00eatement performantes et de concepts de produits et de marketing personnalis\u00e9s. En combinaison avec vos exigences, nous fournissons des produits et des id\u00e9es \u00ab out of the Box\u00a0\u00bb. Notre objectif est d&rsquo;augmenter votre <strong>productivit\u00e9 et votre efficacit\u00e9<\/strong>, <strong>d&rsquo;\u00e9conomiser du temps et des co\u00fbts<\/strong> et <strong>de conqu\u00e9rir pour vous de nouveaux<\/strong> secteurs d&rsquo;activit\u00e9. Nous recherchons sans cesse de nouvelles id\u00e9es, nous ne nous satisfaisons pas avec des produits standard et nous sommes convaincus que des <strong>concepts d&rsquo;outils globaux et personnalis\u00e9s<\/strong> augmentent votre perception chez le client.<\/p>\n<\/div><\/div><\/div><div class=\"fusion-layout-column fusion_builder_column fusion-builder-column-2 fusion_builder_column_1_3 1_3 fusion-flex-column\" style=\"--awb-bg-size:cover;--awb-width-large:33.333333333333%;--awb-margin-top-large:0px;--awb-spacing-right-large:5.76%;--awb-margin-bottom-large:20px;--awb-spacing-left-large:5.76%;--awb-width-medium:100%;--awb-spacing-right-medium:1.92%;--awb-spacing-left-medium:1.92%;--awb-width-small:100%;--awb-spacing-right-small:1.92%;--awb-spacing-left-small:1.92%;\"><div class=\"fusion-column-wrapper fusion-column-has-shadow fusion-flex-justify-content-flex-start fusion-content-layout-column\"><div class=\"fusion-image-element \" style=\"--awb-caption-title-font-family:var(--h2_typography-font-family);--awb-caption-title-font-weight:var(--h2_typography-font-weight);--awb-caption-title-font-style:var(--h2_typography-font-style);--awb-caption-title-size:var(--h2_typography-font-size);--awb-caption-title-transform:var(--h2_typography-text-transform);--awb-caption-title-line-height:var(--h2_typography-line-height);--awb-caption-title-letter-spacing:var(--h2_typography-letter-spacing);\"><span class=\" fusion-imageframe imageframe-none imageframe-1 hover-type-none\"><img decoding=\"async\" width=\"400\" height=\"249\" title=\"Tortendiagramm_EXACT\" src=\"https:\/\/exact.info\/wp-content\/uploads\/2019\/11\/Tortendiagramm_EXACT-400x249.png\" alt class=\"img-responsive wp-image-3929\" srcset=\"https:\/\/exact.info\/wp-content\/uploads\/2019\/11\/Tortendiagramm_EXACT-200x124.png 200w, https:\/\/exact.info\/wp-content\/uploads\/2019\/11\/Tortendiagramm_EXACT-400x249.png 400w, https:\/\/exact.info\/wp-content\/uploads\/2019\/11\/Tortendiagramm_EXACT-600x373.png 600w, https:\/\/exact.info\/wp-content\/uploads\/2019\/11\/Tortendiagramm_EXACT-800x497.png 800w, https:\/\/exact.info\/wp-content\/uploads\/2019\/11\/Tortendiagramm_EXACT-1200x746.png 1200w, https:\/\/exact.info\/wp-content\/uploads\/2019\/11\/Tortendiagramm_EXACT.png 1393w\" sizes=\"(max-width: 1024px) 100vw, (max-width: 640px) 100vw, 400px\" \/><\/span><\/div><\/div><\/div><\/div><\/div><div class=\"fusion-fullwidth fullwidth-box fusion-builder-row-2 fusion-flex-container nonhundred-percent-fullwidth non-hundred-percent-height-scrolling\" style=\"--awb-border-radius-top-left:0px;--awb-border-radius-top-right:0px;--awb-border-radius-bottom-right:0px;--awb-border-radius-bottom-left:0px;--awb-flex-wrap:wrap;\" ><div class=\"fusion-builder-row fusion-row fusion-flex-align-items-flex-start fusion-flex-content-wrap\" style=\"max-width:1248px;margin-left: calc(-4% \/ 2 );margin-right: calc(-4% \/ 2 );\"><div class=\"fusion-layout-column fusion_builder_column fusion-builder-column-3 fusion_builder_column_1_3 1_3 fusion-flex-column\" style=\"--awb-bg-size:cover;--awb-width-large:33.333333333333%;--awb-margin-top-large:0px;--awb-spacing-right-large:5.76%;--awb-margin-bottom-large:20px;--awb-spacing-left-large:5.76%;--awb-width-medium:100%;--awb-spacing-right-medium:1.92%;--awb-spacing-left-medium:1.92%;--awb-width-small:100%;--awb-spacing-right-small:1.92%;--awb-spacing-left-small:1.92%;\"><div class=\"fusion-column-wrapper fusion-column-has-shadow fusion-flex-justify-content-flex-start fusion-content-layout-column\"><div class=\"fusion-image-element \" style=\"--awb-caption-title-font-family:var(--h2_typography-font-family);--awb-caption-title-font-weight:var(--h2_typography-font-weight);--awb-caption-title-font-style:var(--h2_typography-font-style);--awb-caption-title-size:var(--h2_typography-font-size);--awb-caption-title-transform:var(--h2_typography-text-transform);--awb-caption-title-line-height:var(--h2_typography-line-height);--awb-caption-title-letter-spacing:var(--h2_typography-letter-spacing);\"><span class=\" fusion-imageframe imageframe-none imageframe-2 hover-type-none\"><img decoding=\"async\" width=\"400\" height=\"267\" title=\"ROSE_STB_Kassette_QUER_02\" src=\"https:\/\/exact.info\/wp-content\/uploads\/2019\/11\/ROSE_STB_Kassette_QUER_02-400x267.jpg\" alt class=\"img-responsive wp-image-3926\" srcset=\"https:\/\/exact.info\/wp-content\/uploads\/2019\/11\/ROSE_STB_Kassette_QUER_02-200x133.jpg 200w, https:\/\/exact.info\/wp-content\/uploads\/2019\/11\/ROSE_STB_Kassette_QUER_02-400x267.jpg 400w, https:\/\/exact.info\/wp-content\/uploads\/2019\/11\/ROSE_STB_Kassette_QUER_02-600x400.jpg 600w, https:\/\/exact.info\/wp-content\/uploads\/2019\/11\/ROSE_STB_Kassette_QUER_02-800x533.jpg 800w, https:\/\/exact.info\/wp-content\/uploads\/2019\/11\/ROSE_STB_Kassette_QUER_02.jpg 1025w\" sizes=\"(max-width: 1024px) 100vw, (max-width: 640px) 100vw, 400px\" \/><\/span><\/div><\/div><\/div><div class=\"fusion-layout-column fusion_builder_column fusion-builder-column-4 fusion_builder_column_2_3 2_3 fusion-flex-column\" style=\"--awb-bg-size:cover;--awb-width-large:66.666666666667%;--awb-margin-top-large:0px;--awb-spacing-right-large:2.88%;--awb-margin-bottom-large:20px;--awb-spacing-left-large:2.88%;--awb-width-medium:100%;--awb-spacing-right-medium:1.92%;--awb-spacing-left-medium:1.92%;--awb-width-small:100%;--awb-spacing-right-small:1.92%;--awb-spacing-left-small:1.92%;\"><div class=\"fusion-column-wrapper fusion-column-has-shadow fusion-flex-justify-content-flex-start fusion-content-layout-column\"><div class=\"fusion-text fusion-text-3\"><h3 data-fontsize=\"32\" data-lineheight=\"38\">Marque Premium EXACT<\/h3>\n<p>La gamme est divis\u00e9e en deux lignes de produits\u00a0: la marque Premium EXACT est synonyme de produits de fabrication maison \u00ab\u00a0Made in Germany\u00a0\u00bb.<\/p>\n<ul>\n<li><strong>Made in Germany<\/strong><\/li>\n<li>La qualit\u00e9 de fabrication la plus \u00e9lev\u00e9e et innovante<\/li>\n<li>Fabrication maison exclusive<\/li>\n<li>Nombreuses innovations de produits (brevets &amp; mod\u00e8les d\u00e9pos\u00e9s)<\/li>\n<li>Gamme large et continue<\/li>\n<li>Pour les exigences industrielles les plus \u00e9lev\u00e9es dans tous les secteurs d&rsquo;application<\/li>\n<\/ul>\n<\/div><\/div><\/div><\/div><\/div><div class=\"fusion-fullwidth fullwidth-box fusion-builder-row-3 fusion-flex-container nonhundred-percent-fullwidth non-hundred-percent-height-scrolling\" style=\"--awb-border-radius-top-left:0px;--awb-border-radius-top-right:0px;--awb-border-radius-bottom-right:0px;--awb-border-radius-bottom-left:0px;--awb-flex-wrap:wrap;\" ><div class=\"fusion-builder-row fusion-row fusion-flex-align-items-flex-start fusion-flex-content-wrap\" style=\"max-width:1248px;margin-left: calc(-4% \/ 2 );margin-right: calc(-4% \/ 2 );\"><div class=\"fusion-layout-column fusion_builder_column fusion-builder-column-5 fusion_builder_column_1_3 1_3 fusion-flex-column\" style=\"--awb-bg-size:cover;--awb-width-large:33.333333333333%;--awb-margin-top-large:0px;--awb-spacing-right-large:5.76%;--awb-margin-bottom-large:20px;--awb-spacing-left-large:5.76%;--awb-width-medium:100%;--awb-spacing-right-medium:1.92%;--awb-spacing-left-medium:1.92%;--awb-width-small:100%;--awb-spacing-right-small:1.92%;--awb-spacing-left-small:1.92%;\"><div class=\"fusion-column-wrapper fusion-column-has-shadow fusion-flex-justify-content-flex-start fusion-content-layout-column\"><div class=\"fusion-image-element \" style=\"--awb-caption-title-font-family:var(--h2_typography-font-family);--awb-caption-title-font-weight:var(--h2_typography-font-weight);--awb-caption-title-font-style:var(--h2_typography-font-style);--awb-caption-title-size:var(--h2_typography-font-size);--awb-caption-title-transform:var(--h2_typography-text-transform);--awb-caption-title-line-height:var(--h2_typography-line-height);--awb-caption-title-letter-spacing:var(--h2_typography-letter-spacing);\"><span class=\" fusion-imageframe imageframe-none imageframe-3 hover-type-none\"><img decoding=\"async\" width=\"400\" height=\"267\" title=\"EV_Settitel_S_02\" src=\"https:\/\/exact.info\/wp-content\/uploads\/2019\/11\/EV_Settitel_S_02-400x267.jpg\" alt class=\"img-responsive wp-image-3928\" srcset=\"https:\/\/exact.info\/wp-content\/uploads\/2019\/11\/EV_Settitel_S_02-200x133.jpg 200w, https:\/\/exact.info\/wp-content\/uploads\/2019\/11\/EV_Settitel_S_02-400x267.jpg 400w, https:\/\/exact.info\/wp-content\/uploads\/2019\/11\/EV_Settitel_S_02-600x400.jpg 600w, https:\/\/exact.info\/wp-content\/uploads\/2019\/11\/EV_Settitel_S_02-800x533.jpg 800w, https:\/\/exact.info\/wp-content\/uploads\/2019\/11\/EV_Settitel_S_02.jpg 827w\" sizes=\"(max-width: 1024px) 100vw, (max-width: 640px) 100vw, 400px\" \/><\/span><\/div><\/div><\/div><div class=\"fusion-layout-column fusion_builder_column fusion-builder-column-6 fusion_builder_column_2_3 2_3 fusion-flex-column\" style=\"--awb-bg-size:cover;--awb-width-large:66.666666666667%;--awb-margin-top-large:0px;--awb-spacing-right-large:2.88%;--awb-margin-bottom-large:20px;--awb-spacing-left-large:2.88%;--awb-width-medium:100%;--awb-spacing-right-medium:1.92%;--awb-spacing-left-medium:1.92%;--awb-width-small:100%;--awb-spacing-right-small:1.92%;--awb-spacing-left-small:1.92%;\"><div class=\"fusion-column-wrapper fusion-column-has-shadow fusion-flex-justify-content-flex-start fusion-content-layout-column\"><div class=\"fusion-text fusion-text-4\"><h3 data-fontsize=\"32\" data-lineheight=\"38\">Marque d\u00e9pos\u00e9e EVENTUS\u00ae by EXACT<\/h3>\n<p>Marque d\u00e9pos\u00e9e EVENTUS\u00ae by EXACTLa marque d\u00e9pos\u00e9e EVENTUS\u00ae by EXACT offre une qualit\u00e9 industrielle fiable avec un excellent rapport qualit\u00e9\/prix.<\/p>\n<ul>\n<li><strong>Qualit\u00e9 industrielle contr\u00f4l\u00e9e et fiable selon les pr\u00e9conisations techniques de la maison EXACT<\/strong><\/li>\n<li>Rapport qualit\u00e9\/prix optimal<\/li>\n<li>Grand choix de produits<\/li>\n<li>Qualit\u00e9 d&rsquo;outil de haut niveau pour toutes les applications standard<\/li>\n<\/ul>\n<\/div><\/div><\/div><\/div><\/div><div class=\"fusion-fullwidth fullwidth-box fusion-builder-row-4 fusion-flex-container nonhundred-percent-fullwidth non-hundred-percent-height-scrolling\" style=\"--awb-border-radius-top-left:0px;--awb-border-radius-top-right:0px;--awb-border-radius-bottom-right:0px;--awb-border-radius-bottom-left:0px;--awb-margin-top:30px;--awb-flex-wrap:wrap;\" ><div class=\"fusion-builder-row fusion-row fusion-flex-align-items-flex-start fusion-flex-content-wrap\" style=\"max-width:1248px;margin-left: calc(-4% \/ 2 );margin-right: calc(-4% \/ 2 );\"><div class=\"fusion-layout-column fusion_builder_column fusion-builder-column-7 fusion_builder_column_1_3 1_3 fusion-flex-column\" style=\"--awb-bg-size:cover;--awb-width-large:33.333333333333%;--awb-margin-top-large:0px;--awb-spacing-right-large:5.76%;--awb-margin-bottom-large:20px;--awb-spacing-left-large:5.76%;--awb-width-medium:100%;--awb-spacing-right-medium:1.92%;--awb-spacing-left-medium:1.92%;--awb-width-small:100%;--awb-spacing-right-small:1.92%;--awb-spacing-left-small:1.92%;\"><div class=\"fusion-column-wrapper fusion-column-has-shadow fusion-flex-justify-content-flex-start fusion-content-layout-column\"><div class=\"fusion-image-element \" style=\"--awb-caption-title-font-family:var(--h2_typography-font-family);--awb-caption-title-font-weight:var(--h2_typography-font-weight);--awb-caption-title-font-style:var(--h2_typography-font-style);--awb-caption-title-size:var(--h2_typography-font-size);--awb-caption-title-transform:var(--h2_typography-text-transform);--awb-caption-title-line-height:var(--h2_typography-line-height);--awb-caption-title-letter-spacing:var(--h2_typography-letter-spacing);\"><span class=\" fusion-imageframe imageframe-none imageframe-4 hover-type-none\"><img decoding=\"async\" width=\"400\" height=\"283\" title=\"Image_TAMPODRUCK_2_02\" src=\"https:\/\/exact.info\/wp-content\/uploads\/2019\/12\/Image_TAMPODRUCK_2_02-400x283.jpg\" alt class=\"img-responsive wp-image-3930\"\/><\/span><\/div><\/div><\/div><div class=\"fusion-layout-column fusion_builder_column fusion-builder-column-8 fusion_builder_column_2_3 2_3 fusion-flex-column\" style=\"--awb-bg-size:cover;--awb-width-large:66.666666666667%;--awb-margin-top-large:0px;--awb-spacing-right-large:2.88%;--awb-margin-bottom-large:20px;--awb-spacing-left-large:2.88%;--awb-width-medium:100%;--awb-spacing-right-medium:1.92%;--awb-spacing-left-medium:1.92%;--awb-width-small:100%;--awb-spacing-right-small:1.92%;--awb-spacing-left-small:1.92%;\"><div class=\"fusion-column-wrapper fusion-column-has-shadow fusion-flex-justify-content-flex-start fusion-content-layout-column\"><div class=\"fusion-text fusion-text-5\"><h3 data-fontsize=\"32\" data-lineheight=\"38\">Marque priv\u00e9e (Private Label)<\/h3>\n<ul style=\"font-weight: 400;\">\n<li><strong>100\u00a0% de qualit\u00e9 de produit fiable<\/strong><\/li>\n<li>Une mise en \u0153uvre pr\u00e9cise de vos sp\u00e9cifications de construction de marque<\/li>\n<li>Des concepts d&rsquo;outils exclusifs et des solutions de produits<\/li>\n<li>R\u00e9alisation de concepts de vente et de marketing personnalis\u00e9s<\/li>\n<\/ul>\n<\/div><\/div><\/div><\/div><\/div><div class=\"fusion-fullwidth fullwidth-box fusion-builder-row-5 fusion-flex-container container_border nonhundred-percent-fullwidth non-hundred-percent-height-scrolling\" style=\"--awb-border-sizes-top:1px;--awb-border-sizes-bottom:1px;--awb-border-sizes-left:1px;--awb-border-sizes-right:1px;--awb-border-color:#000000;--awb-border-radius-top-left:0px;--awb-border-radius-top-right:0px;--awb-border-radius-bottom-right:0px;--awb-border-radius-bottom-left:0px;--awb-padding-top:30px;--awb-padding-right:30px;--awb-padding-bottom:30px;--awb-padding-left:30px;--awb-margin-top:50px;--awb-background-color:#f3f1ed;--awb-flex-wrap:wrap;\" ><div class=\"fusion-builder-row fusion-row fusion-flex-align-items-flex-start fusion-flex-content-wrap\" style=\"max-width:1248px;margin-left: calc(-4% \/ 2 );margin-right: calc(-4% \/ 2 );\"><div class=\"fusion-layout-column fusion_builder_column fusion-builder-column-9 fusion_builder_column_1_2 1_2 fusion-flex-column\" style=\"--awb-bg-size:cover;--awb-border-color:#000000;--awb-border-top:0;--awb-border-right:0;--awb-border-bottom:0;--awb-border-left:0;--awb-border-style:solid;--awb-width-large:50%;--awb-margin-top-large:0px;--awb-spacing-right-large:3.84%;--awb-margin-bottom-large:20px;--awb-spacing-left-large:3.84%;--awb-width-medium:100%;--awb-spacing-right-medium:1.92%;--awb-spacing-left-medium:1.92%;--awb-width-small:100%;--awb-spacing-right-small:1.92%;--awb-spacing-left-small:1.92%;\"><div class=\"fusion-column-wrapper fusion-column-has-shadow fusion-flex-justify-content-flex-start fusion-content-layout-column\"><div class=\"fusion-image-element \" style=\"text-align:center;--awb-caption-title-font-family:var(--h2_typography-font-family);--awb-caption-title-font-weight:var(--h2_typography-font-weight);--awb-caption-title-font-style:var(--h2_typography-font-style);--awb-caption-title-size:var(--h2_typography-font-size);--awb-caption-title-transform:var(--h2_typography-text-transform);--awb-caption-title-line-height:var(--h2_typography-line-height);--awb-caption-title-letter-spacing:var(--h2_typography-letter-spacing);\"><span class=\" fusion-imageframe imageframe-none imageframe-5 hover-type-none\"><img decoding=\"async\" width=\"400\" height=\"271\" title=\"banner_FWI-web\" src=\"https:\/\/exact.info\/wp-content\/uploads\/2020\/04\/banner_FWI-web-400x271.png\" alt class=\"img-responsive wp-image-3925\" srcset=\"https:\/\/exact.info\/wp-content\/uploads\/2020\/04\/banner_FWI-web-200x135.png 200w, https:\/\/exact.info\/wp-content\/uploads\/2020\/04\/banner_FWI-web-400x271.png 400w, https:\/\/exact.info\/wp-content\/uploads\/2020\/04\/banner_FWI-web-600x406.png 600w, https:\/\/exact.info\/wp-content\/uploads\/2020\/04\/banner_FWI-web-800x541.png 800w, https:\/\/exact.info\/wp-content\/uploads\/2020\/04\/banner_FWI-web-1200x812.png 1200w\" sizes=\"(max-width: 1024px) 100vw, (max-width: 640px) 100vw, 600px\" \/><\/span><\/div><\/div><\/div><div class=\"fusion-layout-column fusion_builder_column fusion-builder-column-10 fusion_builder_column_1_2 1_2 fusion-flex-column\" style=\"--awb-bg-size:cover;--awb-width-large:50%;--awb-margin-top-large:0px;--awb-spacing-right-large:3.84%;--awb-margin-bottom-large:20px;--awb-spacing-left-large:3.84%;--awb-width-medium:100%;--awb-spacing-right-medium:1.92%;--awb-spacing-left-medium:1.92%;--awb-width-small:100%;--awb-spacing-right-small:1.92%;--awb-spacing-left-small:1.92%;\"><div class=\"fusion-column-wrapper fusion-column-has-shadow fusion-flex-justify-content-flex-start fusion-content-layout-column\"><div class=\"fusion-text fusion-text-6\"><h3 data-fontsize=\"32\" data-lineheight=\"38\">Notre promesse &#8211; 100\u00a0% EXACT<\/h3>\n<p>En tant que client d&rsquo;outils de pr\u00e9cision de la marque EXACT, vous pouvez \u00eatre absolument certain d&rsquo;acqu\u00e9rir des produits con\u00e7us, fabriqu\u00e9s et contr\u00f4l\u00e9s exclusivement en Allemagne. Des \u00e9tudes ont montr\u00e9 que les produits portant le <strong>sigle de qualit\u00e9 \u00ab\u00a0Made in Germany\u00a0\u00bb<\/strong> jouissent d&rsquo;une excellente r\u00e9putation non seulement au niveau national mais aussi dans le monde et sont synonymes de qualit\u00e9, de fiabilit\u00e9 et d&rsquo;impression positive. Profitez de ces valeurs pour r\u00e9ussir vos ventes.<\/p>\n<\/div><\/div><\/div><\/div><\/div><\/p>\n","protected":false},"excerpt":{"rendered":"","protected":false},"author":2,"featured_media":0,"parent":4350,"menu_order":0,"comment_status":"closed","ping_status":"closed","template":"","meta":{"inline_featured_image":false,"footnotes":""},"class_list":["post-4047","page","type-page","status-publish","hentry"],"_links":{"self":[{"href":"https:\/\/exact.info\/fr\/wp-json\/wp\/v2\/pages\/4047","targetHints":{"allow":["GET"]}}],"collection":[{"href":"https:\/\/exact.info\/fr\/wp-json\/wp\/v2\/pages"}],"about":[{"href":"https:\/\/exact.info\/fr\/wp-json\/wp\/v2\/types\/page"}],"author":[{"embeddable":true,"href":"https:\/\/exact.info\/fr\/wp-json\/wp\/v2\/users\/2"}],"replies":[{"embeddable":true,"href":"https:\/\/exact.info\/fr\/wp-json\/wp\/v2\/comments?post=4047"}],"version-history":[{"count":7,"href":"https:\/\/exact.info\/fr\/wp-json\/wp\/v2\/pages\/4047\/revisions"}],"predecessor-version":[{"id":4741,"href":"https:\/\/exact.info\/fr\/wp-json\/wp\/v2\/pages\/4047\/revisions\/4741"}],"up":[{"embeddable":true,"href":"https:\/\/exact.info\/fr\/wp-json\/wp\/v2\/pages\/4350"}],"wp:attachment":[{"href":"https:\/\/exact.info\/fr\/wp-json\/wp\/v2\/media?parent=4047"}],"curies":[{"name":"wp","href":"https:\/\/api.w.org\/{rel}","templated":true}]}}