{"id":3960,"date":"2021-04-12T16:40:13","date_gmt":"2021-04-12T14:40:13","guid":{"rendered":"https:\/\/exact.info\/produktion\/"},"modified":"2021-04-14T16:17:05","modified_gmt":"2021-04-14T14:17:05","slug":"produktion","status":"publish","type":"page","link":"https:\/\/exact.info\/fr\/produktion\/","title":{"rendered":"Production"},"content":{"rendered":"<div class=\"fusion-fullwidth fullwidth-box fusion-builder-row-1 fusion-flex-container nonhundred-percent-fullwidth non-hundred-percent-height-scrolling\" style=\"--awb-border-radius-top-left:0px;--awb-border-radius-top-right:0px;--awb-border-radius-bottom-right:0px;--awb-border-radius-bottom-left:0px;--awb-flex-wrap:wrap;\" ><div class=\"fusion-builder-row fusion-row fusion-flex-align-items-stretch fusion-flex-content-wrap\" style=\"max-width:1248px;margin-left: calc(-4% \/ 2 );margin-right: calc(-4% \/ 2 );\"><div class=\"fusion-layout-column fusion_builder_column fusion-builder-column-0 fusion_builder_column_1_2 1_2 fusion-flex-column\" style=\"--awb-padding-right:0px;--awb-padding-bottom:0px;--awb-padding-left:0px;--awb-bg-size:cover;--awb-border-color:rgba(0,0,0,0.18);--awb-border-top:2px;--awb-border-right:2px;--awb-border-bottom:2px;--awb-border-left:2px;--awb-border-style:solid;--awb-width-large:50%;--awb-margin-top-large:0px;--awb-spacing-right-large:3.84%;--awb-margin-bottom-large:20px;--awb-spacing-left-large:3.84%;--awb-width-medium:100%;--awb-spacing-right-medium:1.92%;--awb-spacing-left-medium:1.92%;--awb-width-small:100%;--awb-spacing-right-small:1.92%;--awb-spacing-left-small:1.92%;\"><div class=\"fusion-column-wrapper fusion-column-has-shadow fusion-flex-justify-content-flex-start fusion-content-layout-column\"><div class=\"iframe-wrapper\"><iframe width=\"100%\" height=\"315\"  cs-require=\"functional\" data-src=\"https:\/\/www.youtube-nocookie.com\/embed\/4jNxN_4FM-c\" frameborder=\"0\" allow=\"accelerometer; autoplay; encrypted-media; gyroscope; picture-in-picture\" allowfullscreen><\/iframe><div class=\"iframe-placeholder\">Um das Video anzusehen, nehmen Sie zuerst den Cookie-Hinweis zur Kenntnis. | Please respond to the cookie-policy to view this video.<\/div><\/div><div class=\"fusion-text fusion-text-1\"><h4><\/h4>\n<h4>Fabrication d&rsquo;outils<\/h4>\n<div>EXACT con\u00e7oit et produit depuis plus de 50 ans des outils de pr\u00e9cision innovants avec le plus haut niveau de qualit\u00e9. De nombreuses conceptions de produits pour le filetage, le per\u00e7age, le chanfreinage et l&rsquo;\u00e9bavurage proviennent de notre maison et d\u00e9montrent durablement notre force d&rsquo;innovation dans la fabrication d&rsquo;outils de pr\u00e9cision de grande qualit\u00e9.<\/div>\n<div><\/div>\n<div><\/div>\n<div><\/div>\n<div><\/div>\n<\/div><\/div><\/div><div class=\"fusion-layout-column fusion_builder_column fusion-builder-column-1 fusion_builder_column_1_2 1_2 fusion-flex-column\" style=\"--awb-bg-size:cover;--awb-border-color:rgba(0,0,0,0.18);--awb-border-top:2px;--awb-border-right:2px;--awb-border-bottom:2px;--awb-border-left:2px;--awb-border-style:solid;--awb-width-large:50%;--awb-margin-top-large:0px;--awb-spacing-right-large:3.84%;--awb-margin-bottom-large:20px;--awb-spacing-left-large:3.84%;--awb-width-medium:100%;--awb-spacing-right-medium:1.92%;--awb-spacing-left-medium:1.92%;--awb-width-small:100%;--awb-spacing-right-small:1.92%;--awb-spacing-left-small:1.92%;\"><div class=\"fusion-column-wrapper fusion-column-has-shadow fusion-flex-justify-content-flex-start fusion-content-layout-column\"><div class=\"iframe-wrapper\"><iframe width=\"100%\" height=\"315\"  cs-require=\"functional\" data-src=\"https:\/\/www.youtube-nocookie.com\/embed\/GML_g67qAag\" frameborder=\"0\" allow=\"accelerometer; autoplay; encrypted-media; gyroscope; picture-in-picture\" allowfullscreen><\/iframe><div class=\"iframe-placeholder\">Um das Video anzusehen, nehmen Sie zuerst den Cookie-Hinweis zur Kenntnis. | Please respond to the cookie-policy to view this video.<\/div><\/div><div class=\"fusion-text fusion-text-2\"><h4><\/h4>\n<h4>Rev\u00eatement d&rsquo;outil PVD<\/h4>\n<div>\n<div>La dur\u00e9e de vie et le potentiel de performances sont des crit\u00e8res d\u00e9cisifs dans le choix d&rsquo;outils de pr\u00e9cision professionnels. En l&rsquo;occurrence, un facteur qui emporte de plus en plus la d\u00e9cision est le choix du bon rev\u00eatement de surface, d&rsquo;une qualit\u00e9 sup\u00e9rieure.<\/div>\n<\/div>\n<\/div><\/div><\/div><div class=\"fusion-layout-column fusion_builder_column fusion-builder-column-2 fusion_builder_column_1_2 1_2 fusion-flex-column\" style=\"--awb-bg-size:cover;--awb-border-color:rgba(0,0,0,0.18);--awb-border-top:2px;--awb-border-right:2px;--awb-border-bottom:2px;--awb-border-left:2px;--awb-border-style:solid;--awb-width-large:50%;--awb-margin-top-large:0px;--awb-spacing-right-large:3.84%;--awb-margin-bottom-large:20px;--awb-spacing-left-large:3.84%;--awb-width-medium:100%;--awb-spacing-right-medium:1.92%;--awb-spacing-left-medium:1.92%;--awb-width-small:100%;--awb-spacing-right-small:1.92%;--awb-spacing-left-small:1.92%;\"><div class=\"fusion-column-wrapper fusion-column-has-shadow fusion-flex-justify-content-flex-start fusion-content-layout-column\"><div class=\"iframe-wrapper\"><iframe width=\"100%\" height=\"315\"  cs-require=\"functional\" data-src=\"https:\/\/www.youtube-nocookie.com\/embed\/cnG9VD7SBDw\" frameborder=\"0\" allow=\"accelerometer; autoplay; clipboard-write; encrypted-media; gyroscope; picture-in-picture\" allowfullscreen><\/iframe><div class=\"iframe-placeholder\">Um das Video anzusehen, nehmen Sie zuerst den Cookie-Hinweis zur Kenntnis. | Please respond to the cookie-policy to view this video.<\/div><\/div><div class=\"fusion-text fusion-text-3\"><h4><\/h4>\n<h4>Signature de l&rsquo;outil<\/h4>\n<div>Le marquage au laser est la m\u00e9thode de choix lorsqu&rsquo;il s&rsquo;agit de r\u00e9aliser un marquage durable sur des outils de pr\u00e9cision, m\u00eame dans des endroits difficilement accessibles. Notre toute nouvelle station laser compacte garantit de tr\u00e8s grandes vitesses de processus et des marquages techniques parfaits pour les surfaces d&rsquo;outils les plus diverses.<\/div>\n<\/div><\/div><\/div><\/div><\/div>\n","protected":false},"excerpt":{"rendered":"","protected":false},"author":2,"featured_media":0,"parent":0,"menu_order":0,"comment_status":"closed","ping_status":"closed","template":"","meta":{"inline_featured_image":false,"footnotes":""},"class_list":["post-3960","page","type-page","status-publish","hentry"],"_links":{"self":[{"href":"https:\/\/exact.info\/fr\/wp-json\/wp\/v2\/pages\/3960","targetHints":{"allow":["GET"]}}],"collection":[{"href":"https:\/\/exact.info\/fr\/wp-json\/wp\/v2\/pages"}],"about":[{"href":"https:\/\/exact.info\/fr\/wp-json\/wp\/v2\/types\/page"}],"author":[{"embeddable":true,"href":"https:\/\/exact.info\/fr\/wp-json\/wp\/v2\/users\/2"}],"replies":[{"embeddable":true,"href":"https:\/\/exact.info\/fr\/wp-json\/wp\/v2\/comments?post=3960"}],"version-history":[{"count":9,"href":"https:\/\/exact.info\/fr\/wp-json\/wp\/v2\/pages\/3960\/revisions"}],"predecessor-version":[{"id":4758,"href":"https:\/\/exact.info\/fr\/wp-json\/wp\/v2\/pages\/3960\/revisions\/4758"}],"wp:attachment":[{"href":"https:\/\/exact.info\/fr\/wp-json\/wp\/v2\/media?parent=3960"}],"curies":[{"name":"wp","href":"https:\/\/api.w.org\/{rel}","templated":true}]}}