{"id":2883,"date":"2020-04-08T10:58:05","date_gmt":"2020-04-08T08:58:05","guid":{"rendered":"https:\/\/test.staufenberg-digital.de\/produktion\/"},"modified":"2021-03-11T12:34:53","modified_gmt":"2021-03-11T11:34:53","slug":"manufacturing","status":"publish","type":"page","link":"https:\/\/exact.info\/en\/manufacturing\/","title":{"rendered":"Manufacturing"},"content":{"rendered":"<div class=\"fusion-fullwidth fullwidth-box fusion-builder-row-1 nonhundred-percent-fullwidth non-hundred-percent-height-scrolling fusion-equal-height-columns\" style=\"--awb-border-radius-top-left:0px;--awb-border-radius-top-right:0px;--awb-border-radius-bottom-right:0px;--awb-border-radius-bottom-left:0px;--awb-flex-wrap:wrap;\" ><div class=\"fusion-builder-row fusion-row\"><div class=\"fusion-layout-column fusion_builder_column fusion-builder-column-0 fusion_builder_column_1_2 1_2 fusion-one-half fusion-column-first\" style=\"--awb-padding-right:0px;--awb-padding-bottom:0px;--awb-padding-left:0px;--awb-bg-size:cover;--awb-border-color:rgba(0,0,0,0.18);--awb-border-top:2px;--awb-border-right:2px;--awb-border-bottom:2px;--awb-border-left:2px;--awb-border-style:solid;width:50%;width:calc(50% - ( ( 4% ) * 0.5 ) );margin-right: 4%;\"><div class=\"fusion-column-wrapper fusion-column-has-shadow fusion-flex-column-wrapper-legacy\"><div class=\"iframe-wrapper\"><iframe width=\"100%\" height=\"315\"  cs-require=\"functional\" data-src=\"https:\/\/www.youtube-nocookie.com\/embed\/4jNxN_4FM-c\" frameborder=\"0\" allow=\"accelerometer; autoplay; encrypted-media; gyroscope; picture-in-picture\" allowfullscreen><\/iframe><div class=\"iframe-placeholder\">Um das Video anzusehen, nehmen Sie zuerst den Cookie-Hinweis zur Kenntnis. | Please respond to the cookie-policy to view this video.<\/div><\/div><div class=\"fusion-text fusion-text-1\"><h4 class=\"fusion-responsive-typography-calculated\" style=\"--fontsize: 22; line-height: 1.4; --minfontsize: 22;\" data-fontsize=\"22\" data-lineheight=\"30.8px\"><\/h4>\n<h4 class=\"fusion-responsive-typography-calculated\" style=\"--fontsize: 22; line-height: 1.4; --minfontsize: 22;\" data-fontsize=\"22\" data-lineheight=\"30.8px\">Tool manufacturing<\/h4>\n<div>\n<p>Our company has been developing and producing innovative precision tools of highest quality under the brand name EXACT, for more than 50 years. Numerous in-house product designs for tapping, drilling, countersinking and deburring show our innovative and sustainable strength as a reliable manufacturer of high-quality precision tools.<\/p>\n<\/div>\n<div><\/div>\n<div><\/div>\n<div><\/div>\n<div><\/div>\n<\/div><div class=\"fusion-clearfix\"><\/div><\/div><\/div><div class=\"fusion-layout-column fusion_builder_column fusion-builder-column-1 fusion_builder_column_1_2 1_2 fusion-one-half fusion-column-last\" style=\"--awb-bg-size:cover;--awb-border-color:rgba(0,0,0,0.18);--awb-border-top:2px;--awb-border-right:2px;--awb-border-bottom:2px;--awb-border-left:2px;--awb-border-style:solid;width:50%;width:calc(50% - ( ( 4% ) * 0.5 ) );\"><div class=\"fusion-column-wrapper fusion-column-has-shadow fusion-flex-column-wrapper-legacy\"><div class=\"iframe-wrapper\"><iframe width=\"100%\" height=\"315\"  cs-require=\"functional\" data-src=\"https:\/\/www.youtube-nocookie.com\/embed\/GML_g67qAag\" frameborder=\"0\" allow=\"accelerometer; autoplay; encrypted-media; gyroscope; picture-in-picture\" allowfullscreen><\/iframe><div class=\"iframe-placeholder\">Um das Video anzusehen, nehmen Sie zuerst den Cookie-Hinweis zur Kenntnis. | Please respond to the cookie-policy to view this video.<\/div><\/div><div class=\"fusion-text fusion-text-2\"><h4 class=\"fusion-responsive-typography-calculated\" style=\"--fontsize: 22; line-height: 1.4; --minfontsize: 22;\" data-fontsize=\"22\" data-lineheight=\"30.8px\"><\/h4>\n<h4 class=\"fusion-responsive-typography-calculated\" style=\"--fontsize: 22; line-height: 1.4; --minfontsize: 22;\" data-fontsize=\"22\" data-lineheight=\"30.8px\"><strong>PVD coating, applied to our precision tools<\/strong><\/h4>\n<div>\n<p>Increased service life and enhanced performance are key criteria when making a choice about professional precision tools. The choice of which is the most efficient high-performance coating solution, has become a decisive competitive factor.<\/p>\n<\/div>\n<\/div><div class=\"fusion-clearfix\"><\/div><\/div><\/div><div class=\"fusion-layout-column fusion_builder_column fusion-builder-column-2 fusion_builder_column_1_2 1_2 fusion-one-half fusion-column-first\" style=\"--awb-bg-size:cover;--awb-border-color:rgba(0,0,0,0.18);--awb-border-top:2px;--awb-border-right:2px;--awb-border-bottom:2px;--awb-border-left:2px;--awb-border-style:solid;width:50%;width:calc(50% - ( ( 4% ) * 0.5 ) );margin-right: 4%;\"><div class=\"fusion-column-wrapper fusion-column-has-shadow fusion-flex-column-wrapper-legacy\"><div class=\"iframe-wrapper\"><iframe width=\"100%\" height=\"315\"  cs-require=\"functional\" data-src=\"https:\/\/www.youtube-nocookie.com\/embed\/cnG9VD7SBDw\" frameborder=\"0\" allow=\"accelerometer; autoplay; clipboard-write; encrypted-media; gyroscope; picture-in-picture\" allowfullscreen><\/iframe><div class=\"iframe-placeholder\">Um das Video anzusehen, nehmen Sie zuerst den Cookie-Hinweis zur Kenntnis. | Please respond to the cookie-policy to view this video.<\/div><\/div><div class=\"fusion-text fusion-text-3\"><h4><\/h4>\n<h4>Werkzeugsignierung<\/h4>\n<div>Lasermarkierung ist die Methode der Wahl, wenn es darum geht auf Pr\u00e4zisionswerkzeugen pr\u00e4zise und dauerhafte Markierungen auch an schwer zug\u00e4nglichen Stellen zu erzeugen. Unsere neuste kompakte Laserstation gew\u00e4hrleistet h\u00f6chste Prozessgeschwindigkeiten und perfekte technische Beschriftungen f\u00fcr unterschiedlichste Werkstoffoberfl\u00e4chen.<\/div>\n<\/div><div class=\"fusion-clearfix\"><\/div><\/div><\/div><\/div><\/div>\n","protected":false},"excerpt":{"rendered":"","protected":false},"author":2,"featured_media":0,"parent":0,"menu_order":0,"comment_status":"closed","ping_status":"closed","template":"","meta":{"inline_featured_image":false,"footnotes":""},"class_list":["post-2883","page","type-page","status-publish","hentry"],"_links":{"self":[{"href":"https:\/\/exact.info\/en\/wp-json\/wp\/v2\/pages\/2883","targetHints":{"allow":["GET"]}}],"collection":[{"href":"https:\/\/exact.info\/en\/wp-json\/wp\/v2\/pages"}],"about":[{"href":"https:\/\/exact.info\/en\/wp-json\/wp\/v2\/types\/page"}],"author":[{"embeddable":true,"href":"https:\/\/exact.info\/en\/wp-json\/wp\/v2\/users\/2"}],"replies":[{"embeddable":true,"href":"https:\/\/exact.info\/en\/wp-json\/wp\/v2\/comments?post=2883"}],"version-history":[{"count":7,"href":"https:\/\/exact.info\/en\/wp-json\/wp\/v2\/pages\/2883\/revisions"}],"predecessor-version":[{"id":3682,"href":"https:\/\/exact.info\/en\/wp-json\/wp\/v2\/pages\/2883\/revisions\/3682"}],"wp:attachment":[{"href":"https:\/\/exact.info\/en\/wp-json\/wp\/v2\/media?parent=2883"}],"curies":[{"name":"wp","href":"https:\/\/api.w.org\/{rel}","templated":true}]}}